{"id":5904,"date":"2021-02-04T13:00:44","date_gmt":"2024-10-23T14:43:27","guid":{"rendered":"https:\/\/uniest.it\/prodotto\/calendula-100-ml\/"},"modified":"2024-10-23T16:30:48","modified_gmt":"2024-10-23T15:30:48","slug":"calendula-100-ml","status":"publish","type":"product","link":"https:\/\/uniest.it\/fr\/prodotto\/calendula-100-ml\/","title":{"rendered":"Calendula &#8211; 100 ml"},"content":{"rendered":"<p>La Cr\u00e8me Apaisante au Calendula Uniest est une cr\u00e8me naturelle, \u00e0 base du pr\u00e9cieux Extrait V\u00e9g\u00e9tal de Calendula*, qui adoucit la peau et apaise le cuir chevelu. Les principes actifs contenus dans l&rsquo;extrait de Calendula, en particulier les flavono\u00efdes, exercent un effet anti-inflammatoire sur les peaux sensibles et enflamm\u00e9es, stimulent la r\u00e9\u00e9pith\u00e9lialisation, acc\u00e9l\u00e8rent le renouvellement \u00e9pidermique et favorisent l&rsquo;activit\u00e9 des fibroblastes dermiques, favorisant la synth\u00e8se de collag\u00e8ne. Pour ces propri\u00e9t\u00e9s, il est utilis\u00e9 dans diff\u00e9rents types de pr\u00e9parations \u00e0 usage cosm\u00e9tique, dans des produits hydratants et protecteurs contre les irritations caus\u00e9es par des agents m\u00e9caniques, chimiques et environnementaux. *Produit issu de l&rsquo;agriculture biologique<\/p>\n","protected":false},"excerpt":{"rendered":"<p>La Cr\u00e8me Apaisante au Calendula Uniest est une cr\u00e8me naturelle, \u00e0 base du pr\u00e9cieux Extrait V\u00e9g\u00e9tal de Calendula*, qui adoucit la peau et apaise le cuir chevelu. Les principes actifs contenus dans l&rsquo;extrait de Calendula, en particulier les flavono\u00efdes, exercent un effet anti-inflammatoire sur les peaux sensibles et enflamm\u00e9es, stimulent la r\u00e9\u00e9pith\u00e9lialisation, acc\u00e9l\u00e8rent le renouvellement [&hellip;]<\/p>\n","protected":false},"featured_media":5905,"template":"","meta":{"_acf_changed":false,"inline_featured_image":false},"product_brand":[],"product_cat":[1372,1383,1392],"product_tag":[],"class_list":{"0":"post-5904","1":"product","2":"type-product","3":"status-publish","4":"has-post-thumbnail","6":"product_beauty-calmare","7":"product_beauty-idratare","8":"product_beauty-lenire","9":"product_beauty-proteggere","10":"product_beauty-seboregolare","11":"product_beauty-trattamenti-speciali","12":"product_skin-tutte-le-pelli","13":"product_kind-creme-pelli-complesse","14":"product_kind-i-rimedi-dalla-natura","15":"product_kind-trattamenti-speciali","16":"product_kind-tutte-le-creme-corpo","17":"product_kind-tutte-le-creme-viso","18":"product_lines-i-rimedi-dalla-natura","19":"product_cat-corpo-fr","20":"product_cat-viso-fr","21":"product_cat-mani-e-piedi-fr","22":"pa_size-100-fr","24":"first","25":"instock","26":"taxable","27":"shipping-taxable","28":"purchasable","29":"product-type-simple"},"acf":[],"yoast_head":"<!-- This site is optimized with the Yoast SEO plugin v24.6 - https:\/\/yoast.com\/wordpress\/plugins\/seo\/ -->\n<title>Calendula - 100 ml - Uniest<\/title>\n<meta name=\"robots\" content=\"index, follow, max-snippet:-1, max-image-preview:large, max-video-preview:-1\" \/>\n<link rel=\"canonical\" href=\"https:\/\/uniest.it\/prodotto\/calendula-100-ml\/\" \/>\n<meta property=\"og:locale\" content=\"fr_FR\" \/>\n<meta property=\"og:type\" content=\"article\" \/>\n<meta property=\"og:title\" content=\"Calendula - 100 ml - Uniest\" \/>\n<meta property=\"og:description\" content=\"La Cr\u00e8me Apaisante au Calendula Uniest est une cr\u00e8me naturelle, \u00e0 base du pr\u00e9cieux Extrait V\u00e9g\u00e9tal de Calendula*, qui adoucit la peau et apaise le cuir chevelu. Les principes actifs contenus dans l&rsquo;extrait de Calendula, en particulier les flavono\u00efdes, exercent un effet anti-inflammatoire sur les peaux sensibles et enflamm\u00e9es, stimulent la r\u00e9\u00e9pith\u00e9lialisation, acc\u00e9l\u00e8rent le renouvellement [&hellip;]\" \/>\n<meta property=\"og:url\" content=\"https:\/\/uniest.it\/prodotto\/calendula-100-ml\/\" \/>\n<meta property=\"og:site_name\" content=\"Uniest\" \/>\n<meta property=\"article:modified_time\" content=\"2024-10-23T15:30:48+00:00\" \/>\n<meta property=\"og:image\" content=\"https:\/\/uniest.it\/wp-content\/uploads\/2020\/11\/801AAE.png\" \/>\n\t<meta property=\"og:image:width\" content=\"1283\" \/>\n\t<meta property=\"og:image:height\" content=\"2000\" \/>\n\t<meta property=\"og:image:type\" content=\"image\/png\" \/>\n<meta name=\"twitter:card\" content=\"summary_large_image\" \/>\n<meta name=\"twitter:label1\" content=\"Dur\u00e9e de lecture estim\u00e9e\" \/>\n\t<meta name=\"twitter:data1\" content=\"1 minute\" \/>\n<script type=\"application\/ld+json\" class=\"yoast-schema-graph\">{\"@context\":\"https:\/\/schema.org\",\"@graph\":[{\"@type\":\"WebPage\",\"@id\":\"https:\/\/uniest.it\/prodotto\/calendula-100-ml\/\",\"url\":\"https:\/\/uniest.it\/prodotto\/calendula-100-ml\/\",\"name\":\"Calendula - 100 ml - Uniest\",\"isPartOf\":{\"@id\":\"https:\/\/uniest.it\/#website\"},\"primaryImageOfPage\":{\"@id\":\"https:\/\/uniest.it\/prodotto\/calendula-100-ml\/#primaryimage\"},\"image\":{\"@id\":\"https:\/\/uniest.it\/prodotto\/calendula-100-ml\/#primaryimage\"},\"thumbnailUrl\":\"https:\/\/uniest.it\/wp-content\/uploads\/2020\/11\/801AAE.png\",\"datePublished\":\"2024-10-23T14:43:27+00:00\",\"dateModified\":\"2024-10-23T15:30:48+00:00\",\"breadcrumb\":{\"@id\":\"https:\/\/uniest.it\/prodotto\/calendula-100-ml\/#breadcrumb\"},\"inLanguage\":\"fr-FR\",\"potentialAction\":[{\"@type\":\"ReadAction\",\"target\":[\"https:\/\/uniest.it\/prodotto\/calendula-100-ml\/\"]}]},{\"@type\":\"ImageObject\",\"inLanguage\":\"fr-FR\",\"@id\":\"https:\/\/uniest.it\/prodotto\/calendula-100-ml\/#primaryimage\",\"url\":\"https:\/\/uniest.it\/wp-content\/uploads\/2020\/11\/801AAE.png\",\"contentUrl\":\"https:\/\/uniest.it\/wp-content\/uploads\/2020\/11\/801AAE.png\",\"width\":1283,\"height\":2000},{\"@type\":\"BreadcrumbList\",\"@id\":\"https:\/\/uniest.it\/prodotto\/calendula-100-ml\/#breadcrumb\",\"itemListElement\":[{\"@type\":\"ListItem\",\"position\":1,\"name\":\"Home\",\"item\":\"https:\/\/uniest.it\/fr\/\"},{\"@type\":\"ListItem\",\"position\":2,\"name\":\"Shop\",\"item\":\"https:\/\/uniest.it\/shop\/\"},{\"@type\":\"ListItem\",\"position\":3,\"name\":\"Calendula &#8211; 100 ml\"}]},{\"@type\":\"WebSite\",\"@id\":\"https:\/\/uniest.it\/#website\",\"url\":\"https:\/\/uniest.it\/\",\"name\":\"Uniest\",\"description\":\"Cosmetici Naturali e Bio\",\"potentialAction\":[{\"@type\":\"SearchAction\",\"target\":{\"@type\":\"EntryPoint\",\"urlTemplate\":\"https:\/\/uniest.it\/?s={search_term_string}\"},\"query-input\":{\"@type\":\"PropertyValueSpecification\",\"valueRequired\":true,\"valueName\":\"search_term_string\"}}],\"inLanguage\":\"fr-FR\"}]}<\/script>\n<!-- \/ Yoast SEO plugin. -->","yoast_head_json":{"title":"Calendula - 100 ml - Uniest","robots":{"index":"index","follow":"follow","max-snippet":"max-snippet:-1","max-image-preview":"max-image-preview:large","max-video-preview":"max-video-preview:-1"},"canonical":"https:\/\/uniest.it\/prodotto\/calendula-100-ml\/","og_locale":"fr_FR","og_type":"article","og_title":"Calendula - 100 ml - Uniest","og_description":"La Cr\u00e8me Apaisante au Calendula Uniest est une cr\u00e8me naturelle, \u00e0 base du pr\u00e9cieux Extrait V\u00e9g\u00e9tal de Calendula*, qui adoucit la peau et apaise le cuir chevelu. Les principes actifs contenus dans l&rsquo;extrait de Calendula, en particulier les flavono\u00efdes, exercent un effet anti-inflammatoire sur les peaux sensibles et enflamm\u00e9es, stimulent la r\u00e9\u00e9pith\u00e9lialisation, acc\u00e9l\u00e8rent le renouvellement [&hellip;]","og_url":"https:\/\/uniest.it\/prodotto\/calendula-100-ml\/","og_site_name":"Uniest","article_modified_time":"2024-10-23T15:30:48+00:00","og_image":[{"width":1283,"height":2000,"url":"https:\/\/uniest.it\/wp-content\/uploads\/2020\/11\/801AAE.png","type":"image\/png"}],"twitter_card":"summary_large_image","twitter_misc":{"Dur\u00e9e de lecture estim\u00e9e":"1 minute"},"schema":{"@context":"https:\/\/schema.org","@graph":[{"@type":"WebPage","@id":"https:\/\/uniest.it\/prodotto\/calendula-100-ml\/","url":"https:\/\/uniest.it\/prodotto\/calendula-100-ml\/","name":"Calendula - 100 ml - Uniest","isPartOf":{"@id":"https:\/\/uniest.it\/#website"},"primaryImageOfPage":{"@id":"https:\/\/uniest.it\/prodotto\/calendula-100-ml\/#primaryimage"},"image":{"@id":"https:\/\/uniest.it\/prodotto\/calendula-100-ml\/#primaryimage"},"thumbnailUrl":"https:\/\/uniest.it\/wp-content\/uploads\/2020\/11\/801AAE.png","datePublished":"2024-10-23T14:43:27+00:00","dateModified":"2024-10-23T15:30:48+00:00","breadcrumb":{"@id":"https:\/\/uniest.it\/prodotto\/calendula-100-ml\/#breadcrumb"},"inLanguage":"fr-FR","potentialAction":[{"@type":"ReadAction","target":["https:\/\/uniest.it\/prodotto\/calendula-100-ml\/"]}]},{"@type":"ImageObject","inLanguage":"fr-FR","@id":"https:\/\/uniest.it\/prodotto\/calendula-100-ml\/#primaryimage","url":"https:\/\/uniest.it\/wp-content\/uploads\/2020\/11\/801AAE.png","contentUrl":"https:\/\/uniest.it\/wp-content\/uploads\/2020\/11\/801AAE.png","width":1283,"height":2000},{"@type":"BreadcrumbList","@id":"https:\/\/uniest.it\/prodotto\/calendula-100-ml\/#breadcrumb","itemListElement":[{"@type":"ListItem","position":1,"name":"Home","item":"https:\/\/uniest.it\/fr\/"},{"@type":"ListItem","position":2,"name":"Shop","item":"https:\/\/uniest.it\/shop\/"},{"@type":"ListItem","position":3,"name":"Calendula &#8211; 100 ml"}]},{"@type":"WebSite","@id":"https:\/\/uniest.it\/#website","url":"https:\/\/uniest.it\/","name":"Uniest","description":"Cosmetici Naturali e Bio","potentialAction":[{"@type":"SearchAction","target":{"@type":"EntryPoint","urlTemplate":"https:\/\/uniest.it\/?s={search_term_string}"},"query-input":{"@type":"PropertyValueSpecification","valueRequired":true,"valueName":"search_term_string"}}],"inLanguage":"fr-FR"}]}},"_links":{"self":[{"href":"https:\/\/uniest.it\/fr\/wp-json\/wp\/v2\/product\/5904","targetHints":{"allow":["GET"]}}],"collection":[{"href":"https:\/\/uniest.it\/fr\/wp-json\/wp\/v2\/product"}],"about":[{"href":"https:\/\/uniest.it\/fr\/wp-json\/wp\/v2\/types\/product"}],"wp:featuredmedia":[{"embeddable":true,"href":"https:\/\/uniest.it\/fr\/wp-json\/wp\/v2\/media\/5905"}],"wp:attachment":[{"href":"https:\/\/uniest.it\/fr\/wp-json\/wp\/v2\/media?parent=5904"}],"wp:term":[{"taxonomy":"product_brand","embeddable":true,"href":"https:\/\/uniest.it\/fr\/wp-json\/wp\/v2\/product_brand?post=5904"},{"taxonomy":"product_cat","embeddable":true,"href":"https:\/\/uniest.it\/fr\/wp-json\/wp\/v2\/product_cat?post=5904"},{"taxonomy":"product_tag","embeddable":true,"href":"https:\/\/uniest.it\/fr\/wp-json\/wp\/v2\/product_tag?post=5904"}],"curies":[{"name":"wp","href":"https:\/\/api.w.org\/{rel}","templated":true}]}}