{"id":5906,"date":"2021-02-04T13:00:44","date_gmt":"2024-10-23T14:43:28","guid":{"rendered":"https:\/\/uniest.it\/prodotto\/huile-darbre-a-the-100-ml\/"},"modified":"2024-10-23T16:30:49","modified_gmt":"2024-10-23T15:30:49","slug":"huile-darbre-a-the-100-ml","status":"publish","type":"product","link":"https:\/\/uniest.it\/fr\/prodotto\/huile-darbre-a-the-100-ml\/","title":{"rendered":"Huile d&rsquo;arbre \u00e0 th\u00e9 &#8211; 100 ml"},"content":{"rendered":"<p>L&rsquo;huile d&rsquo;arbre \u00e0 th\u00e9 est une cr\u00e8me \u00e0 l&rsquo;huile d&rsquo;arbre \u00e0 th\u00e9 qui contient un pourcentage \u00e9lev\u00e9 d&rsquo;huile essentielle pure d&rsquo;arbre \u00e0 th\u00e9 (Melaleuca Officinale appel\u00e9e \u00ab\u00a0arbre \u00e0 th\u00e9\u00a0\u00bb par les aborig\u00e8nes) et conserve presque toutes ses propri\u00e9t\u00e9s inchang\u00e9es. L&rsquo;huile d&rsquo;arbre \u00e0 th\u00e9 est consid\u00e9r\u00e9e comme une sorte de \u00ab rem\u00e8de universel \u00bb pour de nombreuses affections de toutes sortes, notamment celles de type cutan\u00e9. Particuli\u00e8rement indiqu\u00e9, comme adjuvant, en cas de : dermatite, d\u00e9mangeaisons, br\u00fblures l\u00e9g\u00e8res et\/ou coups de soleil, furonculose, herp\u00e8s, poireaux et verrues, grippe, bronchite. Cette cr\u00e8me a \u00e9t\u00e9 agr\u00e9ment\u00e9e de mati\u00e8res premi\u00e8res naturelles telles que l&rsquo;huile d&rsquo;amande douce BIO* et le beurre de karit\u00e9 BIO*, con\u00e7ues pour rendre la peau nourrie, hydrat\u00e9e et douce. Sans colorants ni parfums, sa note piquante est donn\u00e9e exclusivement par l&rsquo;Huile Essentielle de Tea Tree Oil.<\/p>\n","protected":false},"excerpt":{"rendered":"<p>L&rsquo;huile d&rsquo;arbre \u00e0 th\u00e9 est une cr\u00e8me \u00e0 l&rsquo;huile d&rsquo;arbre \u00e0 th\u00e9 qui contient un pourcentage \u00e9lev\u00e9 d&rsquo;huile essentielle pure d&rsquo;arbre \u00e0 th\u00e9 (Melaleuca Officinale appel\u00e9e \u00ab\u00a0arbre \u00e0 th\u00e9\u00a0\u00bb par les aborig\u00e8nes) et conserve presque toutes ses propri\u00e9t\u00e9s inchang\u00e9es. L&rsquo;huile d&rsquo;arbre \u00e0 th\u00e9 est consid\u00e9r\u00e9e comme une sorte de \u00ab rem\u00e8de universel \u00bb pour de [&hellip;]<\/p>\n","protected":false},"featured_media":5907,"template":"","meta":{"_acf_changed":false,"inline_featured_image":false},"product_brand":[],"product_cat":[1372,1383,1392],"product_tag":[],"class_list":{"0":"post-5906","1":"product","2":"type-product","3":"status-publish","4":"has-post-thumbnail","6":"product_beauty-detox-e-dren","7":"product_beauty-idratare","8":"product_beauty-lenire","9":"product_beauty-nutrire-e-rigenerare","10":"product_beauty-proteggere","11":"product_beauty-purificare","12":"product_skin-tutte-le-pelli","13":"product_kind-i-rimedi-dalla-natura","14":"product_kind-trattamenti-mani-e-piedi","15":"product_kind-trattamenti-speciali","16":"product_kind-tutte-le-creme-corpo","17":"product_lines-i-rimedi-dalla-natura","18":"product_cat-corpo-fr","19":"product_cat-viso-fr","20":"product_cat-mani-e-piedi-fr","21":"pa_size-100-fr","23":"first","24":"instock","25":"taxable","26":"shipping-taxable","27":"purchasable","28":"product-type-simple"},"acf":[],"yoast_head":"<!-- This site is optimized with the Yoast SEO plugin v24.6 - https:\/\/yoast.com\/wordpress\/plugins\/seo\/ -->\n<title>Huile d&#039;arbre \u00e0 th\u00e9 - 100 ml - Uniest<\/title>\n<meta name=\"robots\" content=\"index, follow, max-snippet:-1, max-image-preview:large, max-video-preview:-1\" \/>\n<link rel=\"canonical\" href=\"https:\/\/uniest.it\/prodotto\/tea-tree-oil-100ml\/\" \/>\n<meta property=\"og:locale\" content=\"fr_FR\" \/>\n<meta property=\"og:type\" content=\"article\" \/>\n<meta property=\"og:title\" content=\"Huile d&#039;arbre \u00e0 th\u00e9 - 100 ml - Uniest\" \/>\n<meta property=\"og:description\" content=\"L&rsquo;huile d&rsquo;arbre \u00e0 th\u00e9 est une cr\u00e8me \u00e0 l&rsquo;huile d&rsquo;arbre \u00e0 th\u00e9 qui contient un pourcentage \u00e9lev\u00e9 d&rsquo;huile essentielle pure d&rsquo;arbre \u00e0 th\u00e9 (Melaleuca Officinale appel\u00e9e \u00ab\u00a0arbre \u00e0 th\u00e9\u00a0\u00bb par les aborig\u00e8nes) et conserve presque toutes ses propri\u00e9t\u00e9s inchang\u00e9es. L&rsquo;huile d&rsquo;arbre \u00e0 th\u00e9 est consid\u00e9r\u00e9e comme une sorte de \u00ab rem\u00e8de universel \u00bb pour de [&hellip;]\" \/>\n<meta property=\"og:url\" content=\"https:\/\/uniest.it\/prodotto\/tea-tree-oil-100ml\/\" \/>\n<meta property=\"og:site_name\" content=\"Uniest\" \/>\n<meta property=\"article:modified_time\" content=\"2024-10-23T15:30:49+00:00\" \/>\n<meta property=\"og:image\" content=\"https:\/\/uniest.it\/wp-content\/uploads\/2020\/11\/805AAE.png\" \/>\n\t<meta property=\"og:image:width\" content=\"1283\" \/>\n\t<meta property=\"og:image:height\" content=\"2000\" \/>\n\t<meta property=\"og:image:type\" content=\"image\/png\" \/>\n<meta name=\"twitter:card\" content=\"summary_large_image\" \/>\n<meta name=\"twitter:label1\" content=\"Dur\u00e9e de lecture estim\u00e9e\" \/>\n\t<meta name=\"twitter:data1\" content=\"1 minute\" \/>\n<script type=\"application\/ld+json\" class=\"yoast-schema-graph\">{\"@context\":\"https:\/\/schema.org\",\"@graph\":[{\"@type\":\"WebPage\",\"@id\":\"https:\/\/uniest.it\/prodotto\/tea-tree-oil-100ml\/\",\"url\":\"https:\/\/uniest.it\/prodotto\/tea-tree-oil-100ml\/\",\"name\":\"Huile d'arbre \u00e0 th\u00e9 - 100 ml - Uniest\",\"isPartOf\":{\"@id\":\"https:\/\/uniest.it\/#website\"},\"primaryImageOfPage\":{\"@id\":\"https:\/\/uniest.it\/prodotto\/tea-tree-oil-100ml\/#primaryimage\"},\"image\":{\"@id\":\"https:\/\/uniest.it\/prodotto\/tea-tree-oil-100ml\/#primaryimage\"},\"thumbnailUrl\":\"https:\/\/uniest.it\/wp-content\/uploads\/2020\/11\/805AAE.png\",\"datePublished\":\"2024-10-23T14:43:28+00:00\",\"dateModified\":\"2024-10-23T15:30:49+00:00\",\"breadcrumb\":{\"@id\":\"https:\/\/uniest.it\/prodotto\/tea-tree-oil-100ml\/#breadcrumb\"},\"inLanguage\":\"fr-FR\",\"potentialAction\":[{\"@type\":\"ReadAction\",\"target\":[\"https:\/\/uniest.it\/prodotto\/tea-tree-oil-100ml\/\"]}]},{\"@type\":\"ImageObject\",\"inLanguage\":\"fr-FR\",\"@id\":\"https:\/\/uniest.it\/prodotto\/tea-tree-oil-100ml\/#primaryimage\",\"url\":\"https:\/\/uniest.it\/wp-content\/uploads\/2020\/11\/805AAE.png\",\"contentUrl\":\"https:\/\/uniest.it\/wp-content\/uploads\/2020\/11\/805AAE.png\",\"width\":1283,\"height\":2000},{\"@type\":\"BreadcrumbList\",\"@id\":\"https:\/\/uniest.it\/prodotto\/tea-tree-oil-100ml\/#breadcrumb\",\"itemListElement\":[{\"@type\":\"ListItem\",\"position\":1,\"name\":\"Home\",\"item\":\"https:\/\/uniest.it\/fr\/\"},{\"@type\":\"ListItem\",\"position\":2,\"name\":\"Shop\",\"item\":\"https:\/\/uniest.it\/shop\/\"},{\"@type\":\"ListItem\",\"position\":3,\"name\":\"Huile d&#8217;arbre \u00e0 th\u00e9 &#8211; 100 ml\"}]},{\"@type\":\"WebSite\",\"@id\":\"https:\/\/uniest.it\/#website\",\"url\":\"https:\/\/uniest.it\/\",\"name\":\"Uniest\",\"description\":\"Cosmetici Naturali e Bio\",\"potentialAction\":[{\"@type\":\"SearchAction\",\"target\":{\"@type\":\"EntryPoint\",\"urlTemplate\":\"https:\/\/uniest.it\/?s={search_term_string}\"},\"query-input\":{\"@type\":\"PropertyValueSpecification\",\"valueRequired\":true,\"valueName\":\"search_term_string\"}}],\"inLanguage\":\"fr-FR\"}]}<\/script>\n<!-- \/ Yoast SEO plugin. -->","yoast_head_json":{"title":"Huile d'arbre \u00e0 th\u00e9 - 100 ml - Uniest","robots":{"index":"index","follow":"follow","max-snippet":"max-snippet:-1","max-image-preview":"max-image-preview:large","max-video-preview":"max-video-preview:-1"},"canonical":"https:\/\/uniest.it\/prodotto\/tea-tree-oil-100ml\/","og_locale":"fr_FR","og_type":"article","og_title":"Huile d'arbre \u00e0 th\u00e9 - 100 ml - Uniest","og_description":"L&rsquo;huile d&rsquo;arbre \u00e0 th\u00e9 est une cr\u00e8me \u00e0 l&rsquo;huile d&rsquo;arbre \u00e0 th\u00e9 qui contient un pourcentage \u00e9lev\u00e9 d&rsquo;huile essentielle pure d&rsquo;arbre \u00e0 th\u00e9 (Melaleuca Officinale appel\u00e9e \u00ab\u00a0arbre \u00e0 th\u00e9\u00a0\u00bb par les aborig\u00e8nes) et conserve presque toutes ses propri\u00e9t\u00e9s inchang\u00e9es. L&rsquo;huile d&rsquo;arbre \u00e0 th\u00e9 est consid\u00e9r\u00e9e comme une sorte de \u00ab rem\u00e8de universel \u00bb pour de [&hellip;]","og_url":"https:\/\/uniest.it\/prodotto\/tea-tree-oil-100ml\/","og_site_name":"Uniest","article_modified_time":"2024-10-23T15:30:49+00:00","og_image":[{"width":1283,"height":2000,"url":"https:\/\/uniest.it\/wp-content\/uploads\/2020\/11\/805AAE.png","type":"image\/png"}],"twitter_card":"summary_large_image","twitter_misc":{"Dur\u00e9e de lecture estim\u00e9e":"1 minute"},"schema":{"@context":"https:\/\/schema.org","@graph":[{"@type":"WebPage","@id":"https:\/\/uniest.it\/prodotto\/tea-tree-oil-100ml\/","url":"https:\/\/uniest.it\/prodotto\/tea-tree-oil-100ml\/","name":"Huile d'arbre \u00e0 th\u00e9 - 100 ml - Uniest","isPartOf":{"@id":"https:\/\/uniest.it\/#website"},"primaryImageOfPage":{"@id":"https:\/\/uniest.it\/prodotto\/tea-tree-oil-100ml\/#primaryimage"},"image":{"@id":"https:\/\/uniest.it\/prodotto\/tea-tree-oil-100ml\/#primaryimage"},"thumbnailUrl":"https:\/\/uniest.it\/wp-content\/uploads\/2020\/11\/805AAE.png","datePublished":"2024-10-23T14:43:28+00:00","dateModified":"2024-10-23T15:30:49+00:00","breadcrumb":{"@id":"https:\/\/uniest.it\/prodotto\/tea-tree-oil-100ml\/#breadcrumb"},"inLanguage":"fr-FR","potentialAction":[{"@type":"ReadAction","target":["https:\/\/uniest.it\/prodotto\/tea-tree-oil-100ml\/"]}]},{"@type":"ImageObject","inLanguage":"fr-FR","@id":"https:\/\/uniest.it\/prodotto\/tea-tree-oil-100ml\/#primaryimage","url":"https:\/\/uniest.it\/wp-content\/uploads\/2020\/11\/805AAE.png","contentUrl":"https:\/\/uniest.it\/wp-content\/uploads\/2020\/11\/805AAE.png","width":1283,"height":2000},{"@type":"BreadcrumbList","@id":"https:\/\/uniest.it\/prodotto\/tea-tree-oil-100ml\/#breadcrumb","itemListElement":[{"@type":"ListItem","position":1,"name":"Home","item":"https:\/\/uniest.it\/fr\/"},{"@type":"ListItem","position":2,"name":"Shop","item":"https:\/\/uniest.it\/shop\/"},{"@type":"ListItem","position":3,"name":"Huile d&#8217;arbre \u00e0 th\u00e9 &#8211; 100 ml"}]},{"@type":"WebSite","@id":"https:\/\/uniest.it\/#website","url":"https:\/\/uniest.it\/","name":"Uniest","description":"Cosmetici Naturali e Bio","potentialAction":[{"@type":"SearchAction","target":{"@type":"EntryPoint","urlTemplate":"https:\/\/uniest.it\/?s={search_term_string}"},"query-input":{"@type":"PropertyValueSpecification","valueRequired":true,"valueName":"search_term_string"}}],"inLanguage":"fr-FR"}]}},"_links":{"self":[{"href":"https:\/\/uniest.it\/fr\/wp-json\/wp\/v2\/product\/5906","targetHints":{"allow":["GET"]}}],"collection":[{"href":"https:\/\/uniest.it\/fr\/wp-json\/wp\/v2\/product"}],"about":[{"href":"https:\/\/uniest.it\/fr\/wp-json\/wp\/v2\/types\/product"}],"wp:featuredmedia":[{"embeddable":true,"href":"https:\/\/uniest.it\/fr\/wp-json\/wp\/v2\/media\/5907"}],"wp:attachment":[{"href":"https:\/\/uniest.it\/fr\/wp-json\/wp\/v2\/media?parent=5906"}],"wp:term":[{"taxonomy":"product_brand","embeddable":true,"href":"https:\/\/uniest.it\/fr\/wp-json\/wp\/v2\/product_brand?post=5906"},{"taxonomy":"product_cat","embeddable":true,"href":"https:\/\/uniest.it\/fr\/wp-json\/wp\/v2\/product_cat?post=5906"},{"taxonomy":"product_tag","embeddable":true,"href":"https:\/\/uniest.it\/fr\/wp-json\/wp\/v2\/product_tag?post=5906"}],"curies":[{"name":"wp","href":"https:\/\/api.w.org\/{rel}","templated":true}]}}