{"id":5912,"date":"2021-02-04T13:00:44","date_gmt":"2024-10-23T14:43:31","guid":{"rendered":"https:\/\/uniest.it\/prodotto\/baies-de-goji-100ml\/"},"modified":"2024-10-23T16:30:51","modified_gmt":"2024-10-23T15:30:51","slug":"baies-de-goji-100ml","status":"publish","type":"product","link":"https:\/\/uniest.it\/fr\/prodotto\/baies-de-goji-100ml\/","title":{"rendered":"Baies de Goji &#8211; 100ml"},"content":{"rendered":"<p>Cr\u00e8me \u00e0 base du pr\u00e9cieux extrait v\u00e9g\u00e9tal de baies de goji, un antioxydant qui prot\u00e8ge des effets n\u00e9gatifs des radicaux libres. Baies de Goji : Le Goji est \u00e9galement appel\u00e9 \u00ab Fruit de longue vie \u00bb ou \u00ab Fruit de long\u00e9vit\u00e9 \u00bb par les Tib\u00e9tains, qui appr\u00e9cient ses qualit\u00e9s nutritionnelles et b\u00e9n\u00e9fiques pour la sant\u00e9 depuis l&rsquo;Antiquit\u00e9. Le Goji est une excellente multivitamine naturelle qui poss\u00e8de : des polysaccharides, des acides gras v\u00e9g\u00e9taux, des flano\u00efdes, des carot\u00e9no\u00efdes (B-carot\u00e8ne, lut\u00e9ine, lycop\u00e8ne), 18 acides amin\u00e9s essentiels. Il contient \u00e9galement 10 min\u00e9raux (calcium, potassium, fer, zinc, s\u00e9l\u00e9nium, phosphore, mangan\u00e8se, magn\u00e9sium, cuivre), des vitamines du groupe B, des vitamines A et C.<\/p>\n","protected":false},"excerpt":{"rendered":"<p>Cr\u00e8me \u00e0 base du pr\u00e9cieux extrait v\u00e9g\u00e9tal de baies de goji, un antioxydant qui prot\u00e8ge des effets n\u00e9gatifs des radicaux libres. Baies de Goji : Le Goji est \u00e9galement appel\u00e9 \u00ab Fruit de longue vie \u00bb ou \u00ab Fruit de long\u00e9vit\u00e9 \u00bb par les Tib\u00e9tains, qui appr\u00e9cient ses qualit\u00e9s nutritionnelles et b\u00e9n\u00e9fiques pour la sant\u00e9 [&hellip;]<\/p>\n","protected":false},"featured_media":5913,"template":"","meta":{"_acf_changed":false,"inline_featured_image":false},"product_brand":[],"product_cat":[1372,1383,1392],"product_tag":[],"class_list":{"0":"post-5912","1":"product","2":"type-product","3":"status-publish","4":"has-post-thumbnail","6":"product_beauty-antirughe","7":"product_beauty-idratare","8":"product_beauty-lenire","9":"product_beauty-nutrire-e-rigenerare","10":"product_beauty-proteggere","11":"product_beauty-purificare","12":"product_beauty-riequilibrare","13":"product_skin-tutte-le-pelli","14":"product_kind-creme-antieta-e-prime-rughe","15":"product_kind-i-rimedi-dalla-natura","16":"product_kind-trattamenti-speciali","17":"product_kind-tutte-le-creme-corpo","18":"product_kind-tutte-le-creme-viso","19":"product_lines-i-rimedi-dalla-natura","20":"product_cat-corpo-fr","21":"product_cat-viso-fr","22":"product_cat-mani-e-piedi-fr","23":"pa_size-100-fr","25":"first","26":"instock","27":"taxable","28":"shipping-taxable","29":"purchasable","30":"product-type-simple"},"acf":[],"yoast_head":"<!-- This site is optimized with the Yoast SEO plugin v24.6 - https:\/\/yoast.com\/wordpress\/plugins\/seo\/ -->\n<title>Baies de Goji - 100ml - Uniest<\/title>\n<meta name=\"robots\" content=\"index, follow, max-snippet:-1, max-image-preview:large, max-video-preview:-1\" \/>\n<link rel=\"canonical\" href=\"https:\/\/uniest.it\/prodotto\/bacche-di-goji-100ml\/\" \/>\n<meta property=\"og:locale\" content=\"fr_FR\" \/>\n<meta property=\"og:type\" content=\"article\" \/>\n<meta property=\"og:title\" content=\"Baies de Goji - 100ml - Uniest\" \/>\n<meta property=\"og:description\" content=\"Cr\u00e8me \u00e0 base du pr\u00e9cieux extrait v\u00e9g\u00e9tal de baies de goji, un antioxydant qui prot\u00e8ge des effets n\u00e9gatifs des radicaux libres. Baies de Goji : Le Goji est \u00e9galement appel\u00e9 \u00ab Fruit de longue vie \u00bb ou \u00ab Fruit de long\u00e9vit\u00e9 \u00bb par les Tib\u00e9tains, qui appr\u00e9cient ses qualit\u00e9s nutritionnelles et b\u00e9n\u00e9fiques pour la sant\u00e9 [&hellip;]\" \/>\n<meta property=\"og:url\" content=\"https:\/\/uniest.it\/prodotto\/bacche-di-goji-100ml\/\" \/>\n<meta property=\"og:site_name\" content=\"Uniest\" \/>\n<meta property=\"article:modified_time\" content=\"2024-10-23T15:30:51+00:00\" \/>\n<meta property=\"og:image\" content=\"https:\/\/uniest.it\/wp-content\/uploads\/2020\/11\/820AAE.png\" \/>\n\t<meta property=\"og:image:width\" content=\"1283\" \/>\n\t<meta property=\"og:image:height\" content=\"2000\" \/>\n\t<meta property=\"og:image:type\" content=\"image\/png\" \/>\n<meta name=\"twitter:card\" content=\"summary_large_image\" \/>\n<meta name=\"twitter:label1\" content=\"Dur\u00e9e de lecture estim\u00e9e\" \/>\n\t<meta name=\"twitter:data1\" content=\"1 minute\" \/>\n<script type=\"application\/ld+json\" class=\"yoast-schema-graph\">{\"@context\":\"https:\/\/schema.org\",\"@graph\":[{\"@type\":\"WebPage\",\"@id\":\"https:\/\/uniest.it\/prodotto\/bacche-di-goji-100ml\/\",\"url\":\"https:\/\/uniest.it\/prodotto\/bacche-di-goji-100ml\/\",\"name\":\"Baies de Goji - 100ml - Uniest\",\"isPartOf\":{\"@id\":\"https:\/\/uniest.it\/#website\"},\"primaryImageOfPage\":{\"@id\":\"https:\/\/uniest.it\/prodotto\/bacche-di-goji-100ml\/#primaryimage\"},\"image\":{\"@id\":\"https:\/\/uniest.it\/prodotto\/bacche-di-goji-100ml\/#primaryimage\"},\"thumbnailUrl\":\"https:\/\/uniest.it\/wp-content\/uploads\/2020\/11\/820AAE.png\",\"datePublished\":\"2024-10-23T14:43:31+00:00\",\"dateModified\":\"2024-10-23T15:30:51+00:00\",\"breadcrumb\":{\"@id\":\"https:\/\/uniest.it\/prodotto\/bacche-di-goji-100ml\/#breadcrumb\"},\"inLanguage\":\"fr-FR\",\"potentialAction\":[{\"@type\":\"ReadAction\",\"target\":[\"https:\/\/uniest.it\/prodotto\/bacche-di-goji-100ml\/\"]}]},{\"@type\":\"ImageObject\",\"inLanguage\":\"fr-FR\",\"@id\":\"https:\/\/uniest.it\/prodotto\/bacche-di-goji-100ml\/#primaryimage\",\"url\":\"https:\/\/uniest.it\/wp-content\/uploads\/2020\/11\/820AAE.png\",\"contentUrl\":\"https:\/\/uniest.it\/wp-content\/uploads\/2020\/11\/820AAE.png\",\"width\":1283,\"height\":2000},{\"@type\":\"BreadcrumbList\",\"@id\":\"https:\/\/uniest.it\/prodotto\/bacche-di-goji-100ml\/#breadcrumb\",\"itemListElement\":[{\"@type\":\"ListItem\",\"position\":1,\"name\":\"Home\",\"item\":\"https:\/\/uniest.it\/fr\/\"},{\"@type\":\"ListItem\",\"position\":2,\"name\":\"Shop\",\"item\":\"https:\/\/uniest.it\/shop\/\"},{\"@type\":\"ListItem\",\"position\":3,\"name\":\"Baies de Goji &#8211; 100ml\"}]},{\"@type\":\"WebSite\",\"@id\":\"https:\/\/uniest.it\/#website\",\"url\":\"https:\/\/uniest.it\/\",\"name\":\"Uniest\",\"description\":\"Cosmetici Naturali e Bio\",\"potentialAction\":[{\"@type\":\"SearchAction\",\"target\":{\"@type\":\"EntryPoint\",\"urlTemplate\":\"https:\/\/uniest.it\/?s={search_term_string}\"},\"query-input\":{\"@type\":\"PropertyValueSpecification\",\"valueRequired\":true,\"valueName\":\"search_term_string\"}}],\"inLanguage\":\"fr-FR\"}]}<\/script>\n<!-- \/ Yoast SEO plugin. -->","yoast_head_json":{"title":"Baies de Goji - 100ml - Uniest","robots":{"index":"index","follow":"follow","max-snippet":"max-snippet:-1","max-image-preview":"max-image-preview:large","max-video-preview":"max-video-preview:-1"},"canonical":"https:\/\/uniest.it\/prodotto\/bacche-di-goji-100ml\/","og_locale":"fr_FR","og_type":"article","og_title":"Baies de Goji - 100ml - Uniest","og_description":"Cr\u00e8me \u00e0 base du pr\u00e9cieux extrait v\u00e9g\u00e9tal de baies de goji, un antioxydant qui prot\u00e8ge des effets n\u00e9gatifs des radicaux libres. Baies de Goji : Le Goji est \u00e9galement appel\u00e9 \u00ab Fruit de longue vie \u00bb ou \u00ab Fruit de long\u00e9vit\u00e9 \u00bb par les Tib\u00e9tains, qui appr\u00e9cient ses qualit\u00e9s nutritionnelles et b\u00e9n\u00e9fiques pour la sant\u00e9 [&hellip;]","og_url":"https:\/\/uniest.it\/prodotto\/bacche-di-goji-100ml\/","og_site_name":"Uniest","article_modified_time":"2024-10-23T15:30:51+00:00","og_image":[{"width":1283,"height":2000,"url":"https:\/\/uniest.it\/wp-content\/uploads\/2020\/11\/820AAE.png","type":"image\/png"}],"twitter_card":"summary_large_image","twitter_misc":{"Dur\u00e9e de lecture estim\u00e9e":"1 minute"},"schema":{"@context":"https:\/\/schema.org","@graph":[{"@type":"WebPage","@id":"https:\/\/uniest.it\/prodotto\/bacche-di-goji-100ml\/","url":"https:\/\/uniest.it\/prodotto\/bacche-di-goji-100ml\/","name":"Baies de Goji - 100ml - Uniest","isPartOf":{"@id":"https:\/\/uniest.it\/#website"},"primaryImageOfPage":{"@id":"https:\/\/uniest.it\/prodotto\/bacche-di-goji-100ml\/#primaryimage"},"image":{"@id":"https:\/\/uniest.it\/prodotto\/bacche-di-goji-100ml\/#primaryimage"},"thumbnailUrl":"https:\/\/uniest.it\/wp-content\/uploads\/2020\/11\/820AAE.png","datePublished":"2024-10-23T14:43:31+00:00","dateModified":"2024-10-23T15:30:51+00:00","breadcrumb":{"@id":"https:\/\/uniest.it\/prodotto\/bacche-di-goji-100ml\/#breadcrumb"},"inLanguage":"fr-FR","potentialAction":[{"@type":"ReadAction","target":["https:\/\/uniest.it\/prodotto\/bacche-di-goji-100ml\/"]}]},{"@type":"ImageObject","inLanguage":"fr-FR","@id":"https:\/\/uniest.it\/prodotto\/bacche-di-goji-100ml\/#primaryimage","url":"https:\/\/uniest.it\/wp-content\/uploads\/2020\/11\/820AAE.png","contentUrl":"https:\/\/uniest.it\/wp-content\/uploads\/2020\/11\/820AAE.png","width":1283,"height":2000},{"@type":"BreadcrumbList","@id":"https:\/\/uniest.it\/prodotto\/bacche-di-goji-100ml\/#breadcrumb","itemListElement":[{"@type":"ListItem","position":1,"name":"Home","item":"https:\/\/uniest.it\/fr\/"},{"@type":"ListItem","position":2,"name":"Shop","item":"https:\/\/uniest.it\/shop\/"},{"@type":"ListItem","position":3,"name":"Baies de Goji &#8211; 100ml"}]},{"@type":"WebSite","@id":"https:\/\/uniest.it\/#website","url":"https:\/\/uniest.it\/","name":"Uniest","description":"Cosmetici Naturali e Bio","potentialAction":[{"@type":"SearchAction","target":{"@type":"EntryPoint","urlTemplate":"https:\/\/uniest.it\/?s={search_term_string}"},"query-input":{"@type":"PropertyValueSpecification","valueRequired":true,"valueName":"search_term_string"}}],"inLanguage":"fr-FR"}]}},"_links":{"self":[{"href":"https:\/\/uniest.it\/fr\/wp-json\/wp\/v2\/product\/5912","targetHints":{"allow":["GET"]}}],"collection":[{"href":"https:\/\/uniest.it\/fr\/wp-json\/wp\/v2\/product"}],"about":[{"href":"https:\/\/uniest.it\/fr\/wp-json\/wp\/v2\/types\/product"}],"wp:featuredmedia":[{"embeddable":true,"href":"https:\/\/uniest.it\/fr\/wp-json\/wp\/v2\/media\/5913"}],"wp:attachment":[{"href":"https:\/\/uniest.it\/fr\/wp-json\/wp\/v2\/media?parent=5912"}],"wp:term":[{"taxonomy":"product_brand","embeddable":true,"href":"https:\/\/uniest.it\/fr\/wp-json\/wp\/v2\/product_brand?post=5912"},{"taxonomy":"product_cat","embeddable":true,"href":"https:\/\/uniest.it\/fr\/wp-json\/wp\/v2\/product_cat?post=5912"},{"taxonomy":"product_tag","embeddable":true,"href":"https:\/\/uniest.it\/fr\/wp-json\/wp\/v2\/product_tag?post=5912"}],"curies":[{"name":"wp","href":"https:\/\/api.w.org\/{rel}","templated":true}]}}