{"id":5914,"date":"2021-02-04T13:00:44","date_gmt":"2024-10-23T14:43:32","guid":{"rendered":"https:\/\/uniest.it\/prodotto\/aloes-100-ml\/"},"modified":"2024-10-23T16:30:51","modified_gmt":"2024-10-23T15:30:51","slug":"aloes-100-ml","status":"publish","type":"product","link":"https:\/\/uniest.it\/fr\/prodotto\/aloes-100-ml\/","title":{"rendered":"Alo\u00e8s &#8211; 100 ml"},"content":{"rendered":"<p>L&rsquo;Aloe est une cr\u00e8me naturelle contenant une grande quantit\u00e9 d&rsquo;Alo\u00e8s BIO* (40%) \u00e0 haute action hydratante et apaisante. Il est absorb\u00e9 par un massage d\u00e9licat sans \u00eatre gras et sa principale caract\u00e9ristique est qu&rsquo;il poss\u00e8de des feuilles charnues, qui contiennent \u00e0 l&rsquo;int\u00e9rieur un gel aux propri\u00e9t\u00e9s extraordinaires. En effet, ce jus contient 200 compos\u00e9s actifs et plus de 75 nutriments dont : 20 min\u00e9raux, dont du calcium, du chrome, du fer, du phosphore, du magn\u00e9sium, du mangan\u00e8se, du potassium, du sodium, du zinc, d&rsquo;importants antioxydants et agents anti-\u00e2ge cutan\u00e9s ; 18 acides amin\u00e9s sur les 20 n\u00e9cessaires \u00e0 l&rsquo;homme, 12 vitamines, dont A, C, D, E et du groupe B, des enzymes, n\u00e9cessaires \u00e0 tous les processus vitaux, des saccharides, des saponines et des st\u00e9rols v\u00e9g\u00e9taux capables de lutter contre les dommages cellulaires caus\u00e9s par les radicaux libres. Tous ces \u00e9l\u00e9ments font de l&rsquo;Aloe une sorte de \u00ab\u00a0gu\u00e9risseur naturel\u00a0\u00bb d\u00e9j\u00e0 utilis\u00e9 par les peuples anciens notamment les \u00c9gyptiens, les Assyriens, les Indiens, etc.<\/p>\n","protected":false},"excerpt":{"rendered":"<p>L&rsquo;Aloe est une cr\u00e8me naturelle contenant une grande quantit\u00e9 d&rsquo;Alo\u00e8s BIO* (40%) \u00e0 haute action hydratante et apaisante. Il est absorb\u00e9 par un massage d\u00e9licat sans \u00eatre gras et sa principale caract\u00e9ristique est qu&rsquo;il poss\u00e8de des feuilles charnues, qui contiennent \u00e0 l&rsquo;int\u00e9rieur un gel aux propri\u00e9t\u00e9s extraordinaires. En effet, ce jus contient 200 compos\u00e9s actifs [&hellip;]<\/p>\n","protected":false},"featured_media":5915,"template":"","meta":{"_acf_changed":false,"inline_featured_image":false},"product_brand":[],"product_cat":[1372,1383,1392],"product_tag":[],"class_list":{"0":"post-5914","1":"product","2":"type-product","3":"status-publish","4":"has-post-thumbnail","6":"product_beauty-antirughe","7":"product_beauty-idratare","8":"product_beauty-lenire","9":"product_beauty-nutrire-e-rigenerare","10":"product_beauty-proteggere","11":"product_beauty-riequilibrare","12":"product_skin-tutte-le-pelli","13":"product_kind-creme-antieta-e-prime-rughe","14":"product_kind-creme-pelli-complesse","15":"product_kind-i-rimedi-dalla-natura","16":"product_kind-trattamenti-speciali","17":"product_kind-tutte-le-creme-corpo","18":"product_kind-tutte-le-creme-viso","19":"product_lines-i-rimedi-dalla-natura","20":"product_cat-corpo-fr","21":"product_cat-viso-fr","22":"product_cat-mani-e-piedi-fr","23":"pa_size-100-fr","25":"first","26":"instock","27":"taxable","28":"shipping-taxable","29":"purchasable","30":"product-type-simple"},"acf":[],"yoast_head":"<!-- This site is optimized with the Yoast SEO plugin v24.6 - https:\/\/yoast.com\/wordpress\/plugins\/seo\/ -->\n<title>Alo\u00e8s - 100 ml - Uniest<\/title>\n<meta name=\"robots\" content=\"index, follow, max-snippet:-1, max-image-preview:large, max-video-preview:-1\" \/>\n<link rel=\"canonical\" href=\"https:\/\/uniest.it\/prodotto\/aloe-100-ml\/\" \/>\n<meta property=\"og:locale\" content=\"fr_FR\" \/>\n<meta property=\"og:type\" content=\"article\" \/>\n<meta property=\"og:title\" content=\"Alo\u00e8s - 100 ml - Uniest\" \/>\n<meta property=\"og:description\" content=\"L&rsquo;Aloe est une cr\u00e8me naturelle contenant une grande quantit\u00e9 d&rsquo;Alo\u00e8s BIO* (40%) \u00e0 haute action hydratante et apaisante. Il est absorb\u00e9 par un massage d\u00e9licat sans \u00eatre gras et sa principale caract\u00e9ristique est qu&rsquo;il poss\u00e8de des feuilles charnues, qui contiennent \u00e0 l&rsquo;int\u00e9rieur un gel aux propri\u00e9t\u00e9s extraordinaires. En effet, ce jus contient 200 compos\u00e9s actifs [&hellip;]\" \/>\n<meta property=\"og:url\" content=\"https:\/\/uniest.it\/prodotto\/aloe-100-ml\/\" \/>\n<meta property=\"og:site_name\" content=\"Uniest\" \/>\n<meta property=\"article:modified_time\" content=\"2024-10-23T15:30:51+00:00\" \/>\n<meta property=\"og:image\" content=\"https:\/\/uniest.it\/wp-content\/uploads\/2020\/11\/825AAE.png\" \/>\n\t<meta property=\"og:image:width\" content=\"1283\" \/>\n\t<meta property=\"og:image:height\" content=\"2000\" \/>\n\t<meta property=\"og:image:type\" content=\"image\/png\" \/>\n<meta name=\"twitter:card\" content=\"summary_large_image\" \/>\n<meta name=\"twitter:label1\" content=\"Dur\u00e9e de lecture estim\u00e9e\" \/>\n\t<meta name=\"twitter:data1\" content=\"1 minute\" \/>\n<script type=\"application\/ld+json\" class=\"yoast-schema-graph\">{\"@context\":\"https:\/\/schema.org\",\"@graph\":[{\"@type\":\"WebPage\",\"@id\":\"https:\/\/uniest.it\/prodotto\/aloe-100-ml\/\",\"url\":\"https:\/\/uniest.it\/prodotto\/aloe-100-ml\/\",\"name\":\"Alo\u00e8s - 100 ml - Uniest\",\"isPartOf\":{\"@id\":\"https:\/\/uniest.it\/#website\"},\"primaryImageOfPage\":{\"@id\":\"https:\/\/uniest.it\/prodotto\/aloe-100-ml\/#primaryimage\"},\"image\":{\"@id\":\"https:\/\/uniest.it\/prodotto\/aloe-100-ml\/#primaryimage\"},\"thumbnailUrl\":\"https:\/\/uniest.it\/wp-content\/uploads\/2020\/11\/825AAE.png\",\"datePublished\":\"2024-10-23T14:43:32+00:00\",\"dateModified\":\"2024-10-23T15:30:51+00:00\",\"breadcrumb\":{\"@id\":\"https:\/\/uniest.it\/prodotto\/aloe-100-ml\/#breadcrumb\"},\"inLanguage\":\"fr-FR\",\"potentialAction\":[{\"@type\":\"ReadAction\",\"target\":[\"https:\/\/uniest.it\/prodotto\/aloe-100-ml\/\"]}]},{\"@type\":\"ImageObject\",\"inLanguage\":\"fr-FR\",\"@id\":\"https:\/\/uniest.it\/prodotto\/aloe-100-ml\/#primaryimage\",\"url\":\"https:\/\/uniest.it\/wp-content\/uploads\/2020\/11\/825AAE.png\",\"contentUrl\":\"https:\/\/uniest.it\/wp-content\/uploads\/2020\/11\/825AAE.png\",\"width\":1283,\"height\":2000},{\"@type\":\"BreadcrumbList\",\"@id\":\"https:\/\/uniest.it\/prodotto\/aloe-100-ml\/#breadcrumb\",\"itemListElement\":[{\"@type\":\"ListItem\",\"position\":1,\"name\":\"Home\",\"item\":\"https:\/\/uniest.it\/fr\/\"},{\"@type\":\"ListItem\",\"position\":2,\"name\":\"Shop\",\"item\":\"https:\/\/uniest.it\/shop\/\"},{\"@type\":\"ListItem\",\"position\":3,\"name\":\"Alo\u00e8s &#8211; 100 ml\"}]},{\"@type\":\"WebSite\",\"@id\":\"https:\/\/uniest.it\/#website\",\"url\":\"https:\/\/uniest.it\/\",\"name\":\"Uniest\",\"description\":\"Cosmetici Naturali e Bio\",\"potentialAction\":[{\"@type\":\"SearchAction\",\"target\":{\"@type\":\"EntryPoint\",\"urlTemplate\":\"https:\/\/uniest.it\/?s={search_term_string}\"},\"query-input\":{\"@type\":\"PropertyValueSpecification\",\"valueRequired\":true,\"valueName\":\"search_term_string\"}}],\"inLanguage\":\"fr-FR\"}]}<\/script>\n<!-- \/ Yoast SEO plugin. -->","yoast_head_json":{"title":"Alo\u00e8s - 100 ml - Uniest","robots":{"index":"index","follow":"follow","max-snippet":"max-snippet:-1","max-image-preview":"max-image-preview:large","max-video-preview":"max-video-preview:-1"},"canonical":"https:\/\/uniest.it\/prodotto\/aloe-100-ml\/","og_locale":"fr_FR","og_type":"article","og_title":"Alo\u00e8s - 100 ml - Uniest","og_description":"L&rsquo;Aloe est une cr\u00e8me naturelle contenant une grande quantit\u00e9 d&rsquo;Alo\u00e8s BIO* (40%) \u00e0 haute action hydratante et apaisante. Il est absorb\u00e9 par un massage d\u00e9licat sans \u00eatre gras et sa principale caract\u00e9ristique est qu&rsquo;il poss\u00e8de des feuilles charnues, qui contiennent \u00e0 l&rsquo;int\u00e9rieur un gel aux propri\u00e9t\u00e9s extraordinaires. En effet, ce jus contient 200 compos\u00e9s actifs [&hellip;]","og_url":"https:\/\/uniest.it\/prodotto\/aloe-100-ml\/","og_site_name":"Uniest","article_modified_time":"2024-10-23T15:30:51+00:00","og_image":[{"width":1283,"height":2000,"url":"https:\/\/uniest.it\/wp-content\/uploads\/2020\/11\/825AAE.png","type":"image\/png"}],"twitter_card":"summary_large_image","twitter_misc":{"Dur\u00e9e de lecture estim\u00e9e":"1 minute"},"schema":{"@context":"https:\/\/schema.org","@graph":[{"@type":"WebPage","@id":"https:\/\/uniest.it\/prodotto\/aloe-100-ml\/","url":"https:\/\/uniest.it\/prodotto\/aloe-100-ml\/","name":"Alo\u00e8s - 100 ml - Uniest","isPartOf":{"@id":"https:\/\/uniest.it\/#website"},"primaryImageOfPage":{"@id":"https:\/\/uniest.it\/prodotto\/aloe-100-ml\/#primaryimage"},"image":{"@id":"https:\/\/uniest.it\/prodotto\/aloe-100-ml\/#primaryimage"},"thumbnailUrl":"https:\/\/uniest.it\/wp-content\/uploads\/2020\/11\/825AAE.png","datePublished":"2024-10-23T14:43:32+00:00","dateModified":"2024-10-23T15:30:51+00:00","breadcrumb":{"@id":"https:\/\/uniest.it\/prodotto\/aloe-100-ml\/#breadcrumb"},"inLanguage":"fr-FR","potentialAction":[{"@type":"ReadAction","target":["https:\/\/uniest.it\/prodotto\/aloe-100-ml\/"]}]},{"@type":"ImageObject","inLanguage":"fr-FR","@id":"https:\/\/uniest.it\/prodotto\/aloe-100-ml\/#primaryimage","url":"https:\/\/uniest.it\/wp-content\/uploads\/2020\/11\/825AAE.png","contentUrl":"https:\/\/uniest.it\/wp-content\/uploads\/2020\/11\/825AAE.png","width":1283,"height":2000},{"@type":"BreadcrumbList","@id":"https:\/\/uniest.it\/prodotto\/aloe-100-ml\/#breadcrumb","itemListElement":[{"@type":"ListItem","position":1,"name":"Home","item":"https:\/\/uniest.it\/fr\/"},{"@type":"ListItem","position":2,"name":"Shop","item":"https:\/\/uniest.it\/shop\/"},{"@type":"ListItem","position":3,"name":"Alo\u00e8s &#8211; 100 ml"}]},{"@type":"WebSite","@id":"https:\/\/uniest.it\/#website","url":"https:\/\/uniest.it\/","name":"Uniest","description":"Cosmetici Naturali e Bio","potentialAction":[{"@type":"SearchAction","target":{"@type":"EntryPoint","urlTemplate":"https:\/\/uniest.it\/?s={search_term_string}"},"query-input":{"@type":"PropertyValueSpecification","valueRequired":true,"valueName":"search_term_string"}}],"inLanguage":"fr-FR"}]}},"_links":{"self":[{"href":"https:\/\/uniest.it\/fr\/wp-json\/wp\/v2\/product\/5914","targetHints":{"allow":["GET"]}}],"collection":[{"href":"https:\/\/uniest.it\/fr\/wp-json\/wp\/v2\/product"}],"about":[{"href":"https:\/\/uniest.it\/fr\/wp-json\/wp\/v2\/types\/product"}],"wp:featuredmedia":[{"embeddable":true,"href":"https:\/\/uniest.it\/fr\/wp-json\/wp\/v2\/media\/5915"}],"wp:attachment":[{"href":"https:\/\/uniest.it\/fr\/wp-json\/wp\/v2\/media?parent=5914"}],"wp:term":[{"taxonomy":"product_brand","embeddable":true,"href":"https:\/\/uniest.it\/fr\/wp-json\/wp\/v2\/product_brand?post=5914"},{"taxonomy":"product_cat","embeddable":true,"href":"https:\/\/uniest.it\/fr\/wp-json\/wp\/v2\/product_cat?post=5914"},{"taxonomy":"product_tag","embeddable":true,"href":"https:\/\/uniest.it\/fr\/wp-json\/wp\/v2\/product_tag?post=5914"}],"curies":[{"name":"wp","href":"https:\/\/api.w.org\/{rel}","templated":true}]}}