{"id":5916,"date":"2021-02-04T13:00:44","date_gmt":"2024-10-23T14:43:33","guid":{"rendered":"https:\/\/uniest.it\/prodotto\/creme-revitalisante-au-gingembre-100ml\/"},"modified":"2024-10-23T16:30:52","modified_gmt":"2024-10-23T15:30:52","slug":"creme-revitalisante-au-gingembre-100ml","status":"publish","type":"product","link":"https:\/\/uniest.it\/fr\/prodotto\/creme-revitalisante-au-gingembre-100ml\/","title":{"rendered":"Cr\u00e8me Revitalisante au Gingembre &#8211; 100ml"},"content":{"rendered":"<p>Cr\u00e8me d\u00e9licate \u00e0 base du pr\u00e9cieux extrait de plante de gingembre et de l&rsquo;huile essentielle de gingembre pure. Cette racine contient de l&rsquo;eau, des glucides, des prot\u00e9ines, des acides amin\u00e9s, divers sels min\u00e9raux dont le mangan\u00e8se, le calcium, le phosphore, le sodium, le potassium, le magn\u00e9sium, le fer et le zinc, des vitamines du groupe B, de la vitamine E et enfin de l&rsquo;huile essentielle. Le gingembre est une aide valable dans tous ces cas de douleurs musculaires, de maux de dos et\/ou de foulures ou d&rsquo;entorses, il d\u00e9tend les muscles et enfin tonifie la peau. \u00c9galement utile en hiver ou dans les zones tr\u00e8s froides car il est b\u00e9n\u00e9fique en pr\u00e9sence d&rsquo;engelures, il aide \u00e0 am\u00e9liorer l&rsquo;apparence des marques et des cicatrices sur le visage, il est donc excellent en pr\u00e9sence de peau stress\u00e9e et d&rsquo;acn\u00e9. Riche en vitamine E, le gingembre aide \u00e0 lutter contre le vieillissement cutan\u00e9 et rend la peau \u00e9clatante sans la rendre grasse. Pour renforcer les effets de la cr\u00e8me au gingembre, ont \u00e9t\u00e9 ajout\u00e9s de l&rsquo;Huile de Son de Riz, du Beurre de Karit\u00e9 BIO*, de l&rsquo;Huile d&rsquo;Amande douce BIO* et de la Glyc\u00e9rine, excellents ingr\u00e9dients apaisants, calmants et \u00e9mollients. Le parfum particulier donn\u00e9 par l&rsquo;Huile Essentielle Pure de Gingembre laisse une note agr\u00e9able sur la peau. *Produit issu de l&rsquo;agriculture biologique<\/p>\n","protected":false},"excerpt":{"rendered":"<p>Cr\u00e8me d\u00e9licate \u00e0 base du pr\u00e9cieux extrait de plante de gingembre et de l&rsquo;huile essentielle de gingembre pure. Cette racine contient de l&rsquo;eau, des glucides, des prot\u00e9ines, des acides amin\u00e9s, divers sels min\u00e9raux dont le mangan\u00e8se, le calcium, le phosphore, le sodium, le potassium, le magn\u00e9sium, le fer et le zinc, des vitamines du groupe [&hellip;]<\/p>\n","protected":false},"featured_media":5917,"template":"","meta":{"_acf_changed":false,"inline_featured_image":false},"product_brand":[],"product_cat":[1372,1383,1373,1392],"product_tag":[],"class_list":{"0":"post-5916","1":"product","2":"type-product","3":"status-publish","4":"has-post-thumbnail","6":"product_beauty-antirughe","7":"product_beauty-idratare","8":"product_beauty-nutrire-e-rigenerare","9":"product_skin-tutte-le-pelli","10":"product_kind-creme-antieta-e-prime-rughe","11":"product_kind-i-rimedi-dalla-natura","12":"product_kind-trattamenti-speciali","13":"product_kind-tutte-le-creme-corpo","14":"product_kind-tutte-le-creme-viso","15":"product_lines-i-rimedi-dalla-natura","16":"product_cat-corpo-fr","17":"product_cat-viso-fr","18":"product_cat-uomo-fr","19":"product_cat-mani-e-piedi-fr","20":"pa_size-100-fr","22":"first","23":"instock","24":"taxable","25":"shipping-taxable","26":"purchasable","27":"product-type-simple"},"acf":[],"yoast_head":"<!-- This site is optimized with the Yoast SEO plugin v24.6 - https:\/\/yoast.com\/wordpress\/plugins\/seo\/ -->\n<title>Cr\u00e8me Revitalisante au Gingembre - 100ml - Uniest<\/title>\n<meta name=\"robots\" content=\"index, follow, max-snippet:-1, max-image-preview:large, max-video-preview:-1\" \/>\n<link rel=\"canonical\" href=\"https:\/\/uniest.it\/prodotto\/zenzero-crema-rivitalizzante-100ml\/\" \/>\n<meta property=\"og:locale\" content=\"fr_FR\" \/>\n<meta property=\"og:type\" content=\"article\" \/>\n<meta property=\"og:title\" content=\"Cr\u00e8me Revitalisante au Gingembre - 100ml - Uniest\" \/>\n<meta property=\"og:description\" content=\"Cr\u00e8me d\u00e9licate \u00e0 base du pr\u00e9cieux extrait de plante de gingembre et de l&rsquo;huile essentielle de gingembre pure. Cette racine contient de l&rsquo;eau, des glucides, des prot\u00e9ines, des acides amin\u00e9s, divers sels min\u00e9raux dont le mangan\u00e8se, le calcium, le phosphore, le sodium, le potassium, le magn\u00e9sium, le fer et le zinc, des vitamines du groupe [&hellip;]\" \/>\n<meta property=\"og:url\" content=\"https:\/\/uniest.it\/prodotto\/zenzero-crema-rivitalizzante-100ml\/\" \/>\n<meta property=\"og:site_name\" content=\"Uniest\" \/>\n<meta property=\"article:modified_time\" content=\"2024-10-23T15:30:52+00:00\" \/>\n<meta property=\"og:image\" content=\"https:\/\/uniest.it\/wp-content\/uploads\/2020\/11\/830AAE.png\" \/>\n\t<meta property=\"og:image:width\" content=\"1283\" \/>\n\t<meta property=\"og:image:height\" content=\"2000\" \/>\n\t<meta property=\"og:image:type\" content=\"image\/png\" \/>\n<meta name=\"twitter:card\" content=\"summary_large_image\" \/>\n<meta name=\"twitter:label1\" content=\"Dur\u00e9e de lecture estim\u00e9e\" \/>\n\t<meta name=\"twitter:data1\" content=\"1 minute\" \/>\n<script type=\"application\/ld+json\" class=\"yoast-schema-graph\">{\"@context\":\"https:\/\/schema.org\",\"@graph\":[{\"@type\":\"WebPage\",\"@id\":\"https:\/\/uniest.it\/prodotto\/zenzero-crema-rivitalizzante-100ml\/\",\"url\":\"https:\/\/uniest.it\/prodotto\/zenzero-crema-rivitalizzante-100ml\/\",\"name\":\"Cr\u00e8me Revitalisante au Gingembre - 100ml - Uniest\",\"isPartOf\":{\"@id\":\"https:\/\/uniest.it\/#website\"},\"primaryImageOfPage\":{\"@id\":\"https:\/\/uniest.it\/prodotto\/zenzero-crema-rivitalizzante-100ml\/#primaryimage\"},\"image\":{\"@id\":\"https:\/\/uniest.it\/prodotto\/zenzero-crema-rivitalizzante-100ml\/#primaryimage\"},\"thumbnailUrl\":\"https:\/\/uniest.it\/wp-content\/uploads\/2020\/11\/830AAE.png\",\"datePublished\":\"2024-10-23T14:43:33+00:00\",\"dateModified\":\"2024-10-23T15:30:52+00:00\",\"breadcrumb\":{\"@id\":\"https:\/\/uniest.it\/prodotto\/zenzero-crema-rivitalizzante-100ml\/#breadcrumb\"},\"inLanguage\":\"fr-FR\",\"potentialAction\":[{\"@type\":\"ReadAction\",\"target\":[\"https:\/\/uniest.it\/prodotto\/zenzero-crema-rivitalizzante-100ml\/\"]}]},{\"@type\":\"ImageObject\",\"inLanguage\":\"fr-FR\",\"@id\":\"https:\/\/uniest.it\/prodotto\/zenzero-crema-rivitalizzante-100ml\/#primaryimage\",\"url\":\"https:\/\/uniest.it\/wp-content\/uploads\/2020\/11\/830AAE.png\",\"contentUrl\":\"https:\/\/uniest.it\/wp-content\/uploads\/2020\/11\/830AAE.png\",\"width\":1283,\"height\":2000},{\"@type\":\"BreadcrumbList\",\"@id\":\"https:\/\/uniest.it\/prodotto\/zenzero-crema-rivitalizzante-100ml\/#breadcrumb\",\"itemListElement\":[{\"@type\":\"ListItem\",\"position\":1,\"name\":\"Home\",\"item\":\"https:\/\/uniest.it\/fr\/\"},{\"@type\":\"ListItem\",\"position\":2,\"name\":\"Shop\",\"item\":\"https:\/\/uniest.it\/shop\/\"},{\"@type\":\"ListItem\",\"position\":3,\"name\":\"Cr\u00e8me Revitalisante au Gingembre &#8211; 100ml\"}]},{\"@type\":\"WebSite\",\"@id\":\"https:\/\/uniest.it\/#website\",\"url\":\"https:\/\/uniest.it\/\",\"name\":\"Uniest\",\"description\":\"Cosmetici Naturali e Bio\",\"potentialAction\":[{\"@type\":\"SearchAction\",\"target\":{\"@type\":\"EntryPoint\",\"urlTemplate\":\"https:\/\/uniest.it\/?s={search_term_string}\"},\"query-input\":{\"@type\":\"PropertyValueSpecification\",\"valueRequired\":true,\"valueName\":\"search_term_string\"}}],\"inLanguage\":\"fr-FR\"}]}<\/script>\n<!-- \/ Yoast SEO plugin. -->","yoast_head_json":{"title":"Cr\u00e8me Revitalisante au Gingembre - 100ml - Uniest","robots":{"index":"index","follow":"follow","max-snippet":"max-snippet:-1","max-image-preview":"max-image-preview:large","max-video-preview":"max-video-preview:-1"},"canonical":"https:\/\/uniest.it\/prodotto\/zenzero-crema-rivitalizzante-100ml\/","og_locale":"fr_FR","og_type":"article","og_title":"Cr\u00e8me Revitalisante au Gingembre - 100ml - Uniest","og_description":"Cr\u00e8me d\u00e9licate \u00e0 base du pr\u00e9cieux extrait de plante de gingembre et de l&rsquo;huile essentielle de gingembre pure. Cette racine contient de l&rsquo;eau, des glucides, des prot\u00e9ines, des acides amin\u00e9s, divers sels min\u00e9raux dont le mangan\u00e8se, le calcium, le phosphore, le sodium, le potassium, le magn\u00e9sium, le fer et le zinc, des vitamines du groupe [&hellip;]","og_url":"https:\/\/uniest.it\/prodotto\/zenzero-crema-rivitalizzante-100ml\/","og_site_name":"Uniest","article_modified_time":"2024-10-23T15:30:52+00:00","og_image":[{"width":1283,"height":2000,"url":"https:\/\/uniest.it\/wp-content\/uploads\/2020\/11\/830AAE.png","type":"image\/png"}],"twitter_card":"summary_large_image","twitter_misc":{"Dur\u00e9e de lecture estim\u00e9e":"1 minute"},"schema":{"@context":"https:\/\/schema.org","@graph":[{"@type":"WebPage","@id":"https:\/\/uniest.it\/prodotto\/zenzero-crema-rivitalizzante-100ml\/","url":"https:\/\/uniest.it\/prodotto\/zenzero-crema-rivitalizzante-100ml\/","name":"Cr\u00e8me Revitalisante au Gingembre - 100ml - Uniest","isPartOf":{"@id":"https:\/\/uniest.it\/#website"},"primaryImageOfPage":{"@id":"https:\/\/uniest.it\/prodotto\/zenzero-crema-rivitalizzante-100ml\/#primaryimage"},"image":{"@id":"https:\/\/uniest.it\/prodotto\/zenzero-crema-rivitalizzante-100ml\/#primaryimage"},"thumbnailUrl":"https:\/\/uniest.it\/wp-content\/uploads\/2020\/11\/830AAE.png","datePublished":"2024-10-23T14:43:33+00:00","dateModified":"2024-10-23T15:30:52+00:00","breadcrumb":{"@id":"https:\/\/uniest.it\/prodotto\/zenzero-crema-rivitalizzante-100ml\/#breadcrumb"},"inLanguage":"fr-FR","potentialAction":[{"@type":"ReadAction","target":["https:\/\/uniest.it\/prodotto\/zenzero-crema-rivitalizzante-100ml\/"]}]},{"@type":"ImageObject","inLanguage":"fr-FR","@id":"https:\/\/uniest.it\/prodotto\/zenzero-crema-rivitalizzante-100ml\/#primaryimage","url":"https:\/\/uniest.it\/wp-content\/uploads\/2020\/11\/830AAE.png","contentUrl":"https:\/\/uniest.it\/wp-content\/uploads\/2020\/11\/830AAE.png","width":1283,"height":2000},{"@type":"BreadcrumbList","@id":"https:\/\/uniest.it\/prodotto\/zenzero-crema-rivitalizzante-100ml\/#breadcrumb","itemListElement":[{"@type":"ListItem","position":1,"name":"Home","item":"https:\/\/uniest.it\/fr\/"},{"@type":"ListItem","position":2,"name":"Shop","item":"https:\/\/uniest.it\/shop\/"},{"@type":"ListItem","position":3,"name":"Cr\u00e8me Revitalisante au Gingembre &#8211; 100ml"}]},{"@type":"WebSite","@id":"https:\/\/uniest.it\/#website","url":"https:\/\/uniest.it\/","name":"Uniest","description":"Cosmetici Naturali e Bio","potentialAction":[{"@type":"SearchAction","target":{"@type":"EntryPoint","urlTemplate":"https:\/\/uniest.it\/?s={search_term_string}"},"query-input":{"@type":"PropertyValueSpecification","valueRequired":true,"valueName":"search_term_string"}}],"inLanguage":"fr-FR"}]}},"_links":{"self":[{"href":"https:\/\/uniest.it\/fr\/wp-json\/wp\/v2\/product\/5916","targetHints":{"allow":["GET"]}}],"collection":[{"href":"https:\/\/uniest.it\/fr\/wp-json\/wp\/v2\/product"}],"about":[{"href":"https:\/\/uniest.it\/fr\/wp-json\/wp\/v2\/types\/product"}],"wp:featuredmedia":[{"embeddable":true,"href":"https:\/\/uniest.it\/fr\/wp-json\/wp\/v2\/media\/5917"}],"wp:attachment":[{"href":"https:\/\/uniest.it\/fr\/wp-json\/wp\/v2\/media?parent=5916"}],"wp:term":[{"taxonomy":"product_brand","embeddable":true,"href":"https:\/\/uniest.it\/fr\/wp-json\/wp\/v2\/product_brand?post=5916"},{"taxonomy":"product_cat","embeddable":true,"href":"https:\/\/uniest.it\/fr\/wp-json\/wp\/v2\/product_cat?post=5916"},{"taxonomy":"product_tag","embeddable":true,"href":"https:\/\/uniest.it\/fr\/wp-json\/wp\/v2\/product_tag?post=5916"}],"curies":[{"name":"wp","href":"https:\/\/api.w.org\/{rel}","templated":true}]}}