{"id":5918,"date":"2021-02-04T13:00:44","date_gmt":"2024-10-23T14:43:33","guid":{"rendered":"https:\/\/uniest.it\/prodotto\/griffe-du-diable-100ml\/"},"modified":"2024-10-23T16:30:53","modified_gmt":"2024-10-23T15:30:53","slug":"griffe-du-diable-100ml","status":"publish","type":"product","link":"https:\/\/uniest.it\/fr\/prodotto\/griffe-du-diable-100ml\/","title":{"rendered":"Griffe du Diable &#8211; 100ml"},"content":{"rendered":"<p>Depuis des si\u00e8cles, on sait que la Griffe du Diable appliqu\u00e9e sur les points du corps o\u00f9 r\u00e8gne un \u00e9tat de souffrance aide \u00e0 apaiser la douleur, r\u00e9tablissant rapidement une sensation de bien-\u00eatre. Son action anti-inflammatoire contre les rhumatismes des parties molles, l&rsquo;arthrose et les maux de dos est une aide valable pour favoriser l&rsquo;agilit\u00e9 des mouvements, en pr\u00e9venant \u00e9galement les blessures du cartilage articulaire.<\/p>\n","protected":false},"excerpt":{"rendered":"<p>Depuis des si\u00e8cles, on sait que la Griffe du Diable appliqu\u00e9e sur les points du corps o\u00f9 r\u00e8gne un \u00e9tat de souffrance aide \u00e0 apaiser la douleur, r\u00e9tablissant rapidement une sensation de bien-\u00eatre. Son action anti-inflammatoire contre les rhumatismes des parties molles, l&rsquo;arthrose et les maux de dos est une aide valable pour favoriser l&rsquo;agilit\u00e9 [&hellip;]<\/p>\n","protected":false},"featured_media":5919,"template":"","meta":{"_acf_changed":false,"inline_featured_image":false},"product_brand":[],"product_cat":[1372,1383,1392],"product_tag":[],"class_list":{"0":"post-5918","1":"product","2":"type-product","3":"status-publish","4":"has-post-thumbnail","6":"product_beauty-idratare","7":"product_beauty-lenire","8":"product_beauty-nutrire-e-rigenerare","9":"product_skin-tutte-le-pelli","10":"product_kind-i-rimedi-dalla-natura","11":"product_kind-speciale-sport","12":"product_kind-trattamenti-speciali","13":"product_kind-tutte-le-creme-corpo","14":"product_lines-i-rimedi-dalla-natura","15":"product_cat-corpo-fr","16":"product_cat-viso-fr","17":"product_cat-mani-e-piedi-fr","18":"pa_size-100-fr","20":"first","21":"instock","22":"taxable","23":"shipping-taxable","24":"purchasable","25":"product-type-simple"},"acf":[],"yoast_head":"<!-- This site is optimized with the Yoast SEO plugin v24.6 - https:\/\/yoast.com\/wordpress\/plugins\/seo\/ -->\n<title>Griffe du Diable - 100ml - Uniest<\/title>\n<meta name=\"robots\" content=\"index, follow, max-snippet:-1, max-image-preview:large, max-video-preview:-1\" \/>\n<link rel=\"canonical\" href=\"https:\/\/uniest.it\/prodotto\/artiglio-del-diavolo-100ml\/\" \/>\n<meta property=\"og:locale\" content=\"fr_FR\" \/>\n<meta property=\"og:type\" content=\"article\" \/>\n<meta property=\"og:title\" content=\"Griffe du Diable - 100ml - Uniest\" \/>\n<meta property=\"og:description\" content=\"Depuis des si\u00e8cles, on sait que la Griffe du Diable appliqu\u00e9e sur les points du corps o\u00f9 r\u00e8gne un \u00e9tat de souffrance aide \u00e0 apaiser la douleur, r\u00e9tablissant rapidement une sensation de bien-\u00eatre. Son action anti-inflammatoire contre les rhumatismes des parties molles, l&rsquo;arthrose et les maux de dos est une aide valable pour favoriser l&rsquo;agilit\u00e9 [&hellip;]\" \/>\n<meta property=\"og:url\" content=\"https:\/\/uniest.it\/prodotto\/artiglio-del-diavolo-100ml\/\" \/>\n<meta property=\"og:site_name\" content=\"Uniest\" \/>\n<meta property=\"article:modified_time\" content=\"2024-10-23T15:30:53+00:00\" \/>\n<meta property=\"og:image\" content=\"https:\/\/uniest.it\/wp-content\/uploads\/2020\/11\/831AAE.png\" \/>\n\t<meta property=\"og:image:width\" content=\"1283\" \/>\n\t<meta property=\"og:image:height\" content=\"2000\" \/>\n\t<meta property=\"og:image:type\" content=\"image\/png\" \/>\n<meta name=\"twitter:card\" content=\"summary_large_image\" \/>\n<script type=\"application\/ld+json\" class=\"yoast-schema-graph\">{\"@context\":\"https:\/\/schema.org\",\"@graph\":[{\"@type\":\"WebPage\",\"@id\":\"https:\/\/uniest.it\/prodotto\/artiglio-del-diavolo-100ml\/\",\"url\":\"https:\/\/uniest.it\/prodotto\/artiglio-del-diavolo-100ml\/\",\"name\":\"Griffe du Diable - 100ml - Uniest\",\"isPartOf\":{\"@id\":\"https:\/\/uniest.it\/#website\"},\"primaryImageOfPage\":{\"@id\":\"https:\/\/uniest.it\/prodotto\/artiglio-del-diavolo-100ml\/#primaryimage\"},\"image\":{\"@id\":\"https:\/\/uniest.it\/prodotto\/artiglio-del-diavolo-100ml\/#primaryimage\"},\"thumbnailUrl\":\"https:\/\/uniest.it\/wp-content\/uploads\/2020\/11\/831AAE.png\",\"datePublished\":\"2024-10-23T14:43:33+00:00\",\"dateModified\":\"2024-10-23T15:30:53+00:00\",\"breadcrumb\":{\"@id\":\"https:\/\/uniest.it\/prodotto\/artiglio-del-diavolo-100ml\/#breadcrumb\"},\"inLanguage\":\"fr-FR\",\"potentialAction\":[{\"@type\":\"ReadAction\",\"target\":[\"https:\/\/uniest.it\/prodotto\/artiglio-del-diavolo-100ml\/\"]}]},{\"@type\":\"ImageObject\",\"inLanguage\":\"fr-FR\",\"@id\":\"https:\/\/uniest.it\/prodotto\/artiglio-del-diavolo-100ml\/#primaryimage\",\"url\":\"https:\/\/uniest.it\/wp-content\/uploads\/2020\/11\/831AAE.png\",\"contentUrl\":\"https:\/\/uniest.it\/wp-content\/uploads\/2020\/11\/831AAE.png\",\"width\":1283,\"height\":2000},{\"@type\":\"BreadcrumbList\",\"@id\":\"https:\/\/uniest.it\/prodotto\/artiglio-del-diavolo-100ml\/#breadcrumb\",\"itemListElement\":[{\"@type\":\"ListItem\",\"position\":1,\"name\":\"Home\",\"item\":\"https:\/\/uniest.it\/fr\/\"},{\"@type\":\"ListItem\",\"position\":2,\"name\":\"Shop\",\"item\":\"https:\/\/uniest.it\/shop\/\"},{\"@type\":\"ListItem\",\"position\":3,\"name\":\"Griffe du Diable &#8211; 100ml\"}]},{\"@type\":\"WebSite\",\"@id\":\"https:\/\/uniest.it\/#website\",\"url\":\"https:\/\/uniest.it\/\",\"name\":\"Uniest\",\"description\":\"Cosmetici Naturali e Bio\",\"potentialAction\":[{\"@type\":\"SearchAction\",\"target\":{\"@type\":\"EntryPoint\",\"urlTemplate\":\"https:\/\/uniest.it\/?s={search_term_string}\"},\"query-input\":{\"@type\":\"PropertyValueSpecification\",\"valueRequired\":true,\"valueName\":\"search_term_string\"}}],\"inLanguage\":\"fr-FR\"}]}<\/script>\n<!-- \/ Yoast SEO plugin. -->","yoast_head_json":{"title":"Griffe du Diable - 100ml - Uniest","robots":{"index":"index","follow":"follow","max-snippet":"max-snippet:-1","max-image-preview":"max-image-preview:large","max-video-preview":"max-video-preview:-1"},"canonical":"https:\/\/uniest.it\/prodotto\/artiglio-del-diavolo-100ml\/","og_locale":"fr_FR","og_type":"article","og_title":"Griffe du Diable - 100ml - Uniest","og_description":"Depuis des si\u00e8cles, on sait que la Griffe du Diable appliqu\u00e9e sur les points du corps o\u00f9 r\u00e8gne un \u00e9tat de souffrance aide \u00e0 apaiser la douleur, r\u00e9tablissant rapidement une sensation de bien-\u00eatre. Son action anti-inflammatoire contre les rhumatismes des parties molles, l&rsquo;arthrose et les maux de dos est une aide valable pour favoriser l&rsquo;agilit\u00e9 [&hellip;]","og_url":"https:\/\/uniest.it\/prodotto\/artiglio-del-diavolo-100ml\/","og_site_name":"Uniest","article_modified_time":"2024-10-23T15:30:53+00:00","og_image":[{"width":1283,"height":2000,"url":"https:\/\/uniest.it\/wp-content\/uploads\/2020\/11\/831AAE.png","type":"image\/png"}],"twitter_card":"summary_large_image","schema":{"@context":"https:\/\/schema.org","@graph":[{"@type":"WebPage","@id":"https:\/\/uniest.it\/prodotto\/artiglio-del-diavolo-100ml\/","url":"https:\/\/uniest.it\/prodotto\/artiglio-del-diavolo-100ml\/","name":"Griffe du Diable - 100ml - Uniest","isPartOf":{"@id":"https:\/\/uniest.it\/#website"},"primaryImageOfPage":{"@id":"https:\/\/uniest.it\/prodotto\/artiglio-del-diavolo-100ml\/#primaryimage"},"image":{"@id":"https:\/\/uniest.it\/prodotto\/artiglio-del-diavolo-100ml\/#primaryimage"},"thumbnailUrl":"https:\/\/uniest.it\/wp-content\/uploads\/2020\/11\/831AAE.png","datePublished":"2024-10-23T14:43:33+00:00","dateModified":"2024-10-23T15:30:53+00:00","breadcrumb":{"@id":"https:\/\/uniest.it\/prodotto\/artiglio-del-diavolo-100ml\/#breadcrumb"},"inLanguage":"fr-FR","potentialAction":[{"@type":"ReadAction","target":["https:\/\/uniest.it\/prodotto\/artiglio-del-diavolo-100ml\/"]}]},{"@type":"ImageObject","inLanguage":"fr-FR","@id":"https:\/\/uniest.it\/prodotto\/artiglio-del-diavolo-100ml\/#primaryimage","url":"https:\/\/uniest.it\/wp-content\/uploads\/2020\/11\/831AAE.png","contentUrl":"https:\/\/uniest.it\/wp-content\/uploads\/2020\/11\/831AAE.png","width":1283,"height":2000},{"@type":"BreadcrumbList","@id":"https:\/\/uniest.it\/prodotto\/artiglio-del-diavolo-100ml\/#breadcrumb","itemListElement":[{"@type":"ListItem","position":1,"name":"Home","item":"https:\/\/uniest.it\/fr\/"},{"@type":"ListItem","position":2,"name":"Shop","item":"https:\/\/uniest.it\/shop\/"},{"@type":"ListItem","position":3,"name":"Griffe du Diable &#8211; 100ml"}]},{"@type":"WebSite","@id":"https:\/\/uniest.it\/#website","url":"https:\/\/uniest.it\/","name":"Uniest","description":"Cosmetici Naturali e Bio","potentialAction":[{"@type":"SearchAction","target":{"@type":"EntryPoint","urlTemplate":"https:\/\/uniest.it\/?s={search_term_string}"},"query-input":{"@type":"PropertyValueSpecification","valueRequired":true,"valueName":"search_term_string"}}],"inLanguage":"fr-FR"}]}},"_links":{"self":[{"href":"https:\/\/uniest.it\/fr\/wp-json\/wp\/v2\/product\/5918","targetHints":{"allow":["GET"]}}],"collection":[{"href":"https:\/\/uniest.it\/fr\/wp-json\/wp\/v2\/product"}],"about":[{"href":"https:\/\/uniest.it\/fr\/wp-json\/wp\/v2\/types\/product"}],"wp:featuredmedia":[{"embeddable":true,"href":"https:\/\/uniest.it\/fr\/wp-json\/wp\/v2\/media\/5919"}],"wp:attachment":[{"href":"https:\/\/uniest.it\/fr\/wp-json\/wp\/v2\/media?parent=5918"}],"wp:term":[{"taxonomy":"product_brand","embeddable":true,"href":"https:\/\/uniest.it\/fr\/wp-json\/wp\/v2\/product_brand?post=5918"},{"taxonomy":"product_cat","embeddable":true,"href":"https:\/\/uniest.it\/fr\/wp-json\/wp\/v2\/product_cat?post=5918"},{"taxonomy":"product_tag","embeddable":true,"href":"https:\/\/uniest.it\/fr\/wp-json\/wp\/v2\/product_tag?post=5918"}],"curies":[{"name":"wp","href":"https:\/\/api.w.org\/{rel}","templated":true}]}}