{"id":5920,"date":"2021-02-04T13:00:44","date_gmt":"2024-10-23T14:43:34","guid":{"rendered":"https:\/\/uniest.it\/prodotto\/algues-spiruline-2\/"},"modified":"2024-10-23T16:30:53","modified_gmt":"2024-10-23T15:30:53","slug":"algues-spiruline-2","status":"publish","type":"product","link":"https:\/\/uniest.it\/fr\/prodotto\/algues-spiruline-2\/","title":{"rendered":"Algues spiruline"},"content":{"rendered":"<p>Cr\u00e8me d\u00e9licate \u00e0 base d&rsquo;algues Spiruline. La spiruline est un v\u00e9ritable ingr\u00e9dient cosm\u00e9tique multi-activit\u00e9s au large spectre d&rsquo;action, capable d&rsquo;agir efficacement sur la peau avec diff\u00e9rentes activit\u00e9s : hydratante, r\u00e9g\u00e9n\u00e9rante, tonifiante, \u00e9lastifiante et antioxydante pour une approche globale de la beaut\u00e9 du visage et du corps. La teneur \u00e9lev\u00e9e en prot\u00e9ines et la composition en acides amin\u00e9s pr\u00e9sentes dans la Spiruline (elle contient tous les acides amin\u00e9s essentiels sous une forme hautement biodisponible) constituent une excellente base nutritionnelle qui permet de stimuler la production endog\u00e8ne de collag\u00e8ne et de toutes les prot\u00e9ines qui sous-tendent la r\u00e9gulation de l&rsquo;hydratation. processus de la peau.<\/p>\n","protected":false},"excerpt":{"rendered":"<p>Cr\u00e8me d\u00e9licate \u00e0 base d&rsquo;algues Spiruline. La spiruline est un v\u00e9ritable ingr\u00e9dient cosm\u00e9tique multi-activit\u00e9s au large spectre d&rsquo;action, capable d&rsquo;agir efficacement sur la peau avec diff\u00e9rentes activit\u00e9s : hydratante, r\u00e9g\u00e9n\u00e9rante, tonifiante, \u00e9lastifiante et antioxydante pour une approche globale de la beaut\u00e9 du visage et du corps. La teneur \u00e9lev\u00e9e en prot\u00e9ines et la composition en [&hellip;]<\/p>\n","protected":false},"featured_media":5921,"template":"","meta":{"_acf_changed":false,"inline_featured_image":false},"product_brand":[],"product_cat":[1372,1383,1392],"product_tag":[],"class_list":{"0":"post-5920","1":"product","2":"type-product","3":"status-publish","4":"has-post-thumbnail","6":"product_beauty-antirughe","7":"product_beauty-idratare","8":"product_beauty-lenire","9":"product_beauty-nutrire-e-rigenerare","10":"product_beauty-purificare","11":"product_beauty-riequilibrare","12":"product_skin-tutte-le-pelli","13":"product_kind-creme-antieta-e-prime-rughe","14":"product_kind-creme-pelli-complesse","15":"product_kind-i-rimedi-dalla-natura","16":"product_kind-trattamenti-speciali","17":"product_kind-tutte-le-creme-corpo","18":"product_kind-tutte-le-creme-viso","19":"product_lines-i-rimedi-dalla-natura","20":"product_cat-corpo-fr","21":"product_cat-viso-fr","22":"product_cat-mani-e-piedi-fr","23":"pa_size-50-fr","25":"first","26":"instock","27":"taxable","28":"shipping-taxable","29":"purchasable","30":"product-type-simple"},"acf":[],"yoast_head":"<!-- This site is optimized with the Yoast SEO plugin v24.6 - https:\/\/yoast.com\/wordpress\/plugins\/seo\/ -->\n<title>Algues spiruline - Uniest<\/title>\n<meta name=\"robots\" content=\"index, follow, max-snippet:-1, max-image-preview:large, max-video-preview:-1\" \/>\n<link rel=\"canonical\" href=\"https:\/\/uniest.it\/prodotto\/alga-spirulina-2\/\" \/>\n<meta property=\"og:locale\" content=\"fr_FR\" \/>\n<meta property=\"og:type\" content=\"article\" \/>\n<meta property=\"og:title\" content=\"Algues spiruline - Uniest\" \/>\n<meta property=\"og:description\" content=\"Cr\u00e8me d\u00e9licate \u00e0 base d&rsquo;algues Spiruline. La spiruline est un v\u00e9ritable ingr\u00e9dient cosm\u00e9tique multi-activit\u00e9s au large spectre d&rsquo;action, capable d&rsquo;agir efficacement sur la peau avec diff\u00e9rentes activit\u00e9s : hydratante, r\u00e9g\u00e9n\u00e9rante, tonifiante, \u00e9lastifiante et antioxydante pour une approche globale de la beaut\u00e9 du visage et du corps. La teneur \u00e9lev\u00e9e en prot\u00e9ines et la composition en [&hellip;]\" \/>\n<meta property=\"og:url\" content=\"https:\/\/uniest.it\/prodotto\/alga-spirulina-2\/\" \/>\n<meta property=\"og:site_name\" content=\"Uniest\" \/>\n<meta property=\"article:modified_time\" content=\"2024-10-23T15:30:53+00:00\" \/>\n<meta property=\"og:image\" content=\"https:\/\/uniest.it\/wp-content\/uploads\/2020\/11\/832AAE.png\" \/>\n\t<meta property=\"og:image:width\" content=\"1283\" \/>\n\t<meta property=\"og:image:height\" content=\"2000\" \/>\n\t<meta property=\"og:image:type\" content=\"image\/png\" \/>\n<meta name=\"twitter:card\" content=\"summary_large_image\" \/>\n<meta name=\"twitter:label1\" content=\"Dur\u00e9e de lecture estim\u00e9e\" \/>\n\t<meta name=\"twitter:data1\" content=\"1 minute\" \/>\n<script type=\"application\/ld+json\" class=\"yoast-schema-graph\">{\"@context\":\"https:\/\/schema.org\",\"@graph\":[{\"@type\":\"WebPage\",\"@id\":\"https:\/\/uniest.it\/prodotto\/alga-spirulina-2\/\",\"url\":\"https:\/\/uniest.it\/prodotto\/alga-spirulina-2\/\",\"name\":\"Algues spiruline - Uniest\",\"isPartOf\":{\"@id\":\"https:\/\/uniest.it\/#website\"},\"primaryImageOfPage\":{\"@id\":\"https:\/\/uniest.it\/prodotto\/alga-spirulina-2\/#primaryimage\"},\"image\":{\"@id\":\"https:\/\/uniest.it\/prodotto\/alga-spirulina-2\/#primaryimage\"},\"thumbnailUrl\":\"https:\/\/uniest.it\/wp-content\/uploads\/2020\/11\/832AAE.png\",\"datePublished\":\"2024-10-23T14:43:34+00:00\",\"dateModified\":\"2024-10-23T15:30:53+00:00\",\"breadcrumb\":{\"@id\":\"https:\/\/uniest.it\/prodotto\/alga-spirulina-2\/#breadcrumb\"},\"inLanguage\":\"fr-FR\",\"potentialAction\":[{\"@type\":\"ReadAction\",\"target\":[\"https:\/\/uniest.it\/prodotto\/alga-spirulina-2\/\"]}]},{\"@type\":\"ImageObject\",\"inLanguage\":\"fr-FR\",\"@id\":\"https:\/\/uniest.it\/prodotto\/alga-spirulina-2\/#primaryimage\",\"url\":\"https:\/\/uniest.it\/wp-content\/uploads\/2020\/11\/832AAE.png\",\"contentUrl\":\"https:\/\/uniest.it\/wp-content\/uploads\/2020\/11\/832AAE.png\",\"width\":1283,\"height\":2000},{\"@type\":\"BreadcrumbList\",\"@id\":\"https:\/\/uniest.it\/prodotto\/alga-spirulina-2\/#breadcrumb\",\"itemListElement\":[{\"@type\":\"ListItem\",\"position\":1,\"name\":\"Home\",\"item\":\"https:\/\/uniest.it\/fr\/\"},{\"@type\":\"ListItem\",\"position\":2,\"name\":\"Shop\",\"item\":\"https:\/\/uniest.it\/shop\/\"},{\"@type\":\"ListItem\",\"position\":3,\"name\":\"Algues spiruline\"}]},{\"@type\":\"WebSite\",\"@id\":\"https:\/\/uniest.it\/#website\",\"url\":\"https:\/\/uniest.it\/\",\"name\":\"Uniest\",\"description\":\"Cosmetici Naturali e Bio\",\"potentialAction\":[{\"@type\":\"SearchAction\",\"target\":{\"@type\":\"EntryPoint\",\"urlTemplate\":\"https:\/\/uniest.it\/?s={search_term_string}\"},\"query-input\":{\"@type\":\"PropertyValueSpecification\",\"valueRequired\":true,\"valueName\":\"search_term_string\"}}],\"inLanguage\":\"fr-FR\"}]}<\/script>\n<!-- \/ Yoast SEO plugin. -->","yoast_head_json":{"title":"Algues spiruline - Uniest","robots":{"index":"index","follow":"follow","max-snippet":"max-snippet:-1","max-image-preview":"max-image-preview:large","max-video-preview":"max-video-preview:-1"},"canonical":"https:\/\/uniest.it\/prodotto\/alga-spirulina-2\/","og_locale":"fr_FR","og_type":"article","og_title":"Algues spiruline - Uniest","og_description":"Cr\u00e8me d\u00e9licate \u00e0 base d&rsquo;algues Spiruline. La spiruline est un v\u00e9ritable ingr\u00e9dient cosm\u00e9tique multi-activit\u00e9s au large spectre d&rsquo;action, capable d&rsquo;agir efficacement sur la peau avec diff\u00e9rentes activit\u00e9s : hydratante, r\u00e9g\u00e9n\u00e9rante, tonifiante, \u00e9lastifiante et antioxydante pour une approche globale de la beaut\u00e9 du visage et du corps. La teneur \u00e9lev\u00e9e en prot\u00e9ines et la composition en [&hellip;]","og_url":"https:\/\/uniest.it\/prodotto\/alga-spirulina-2\/","og_site_name":"Uniest","article_modified_time":"2024-10-23T15:30:53+00:00","og_image":[{"width":1283,"height":2000,"url":"https:\/\/uniest.it\/wp-content\/uploads\/2020\/11\/832AAE.png","type":"image\/png"}],"twitter_card":"summary_large_image","twitter_misc":{"Dur\u00e9e de lecture estim\u00e9e":"1 minute"},"schema":{"@context":"https:\/\/schema.org","@graph":[{"@type":"WebPage","@id":"https:\/\/uniest.it\/prodotto\/alga-spirulina-2\/","url":"https:\/\/uniest.it\/prodotto\/alga-spirulina-2\/","name":"Algues spiruline - Uniest","isPartOf":{"@id":"https:\/\/uniest.it\/#website"},"primaryImageOfPage":{"@id":"https:\/\/uniest.it\/prodotto\/alga-spirulina-2\/#primaryimage"},"image":{"@id":"https:\/\/uniest.it\/prodotto\/alga-spirulina-2\/#primaryimage"},"thumbnailUrl":"https:\/\/uniest.it\/wp-content\/uploads\/2020\/11\/832AAE.png","datePublished":"2024-10-23T14:43:34+00:00","dateModified":"2024-10-23T15:30:53+00:00","breadcrumb":{"@id":"https:\/\/uniest.it\/prodotto\/alga-spirulina-2\/#breadcrumb"},"inLanguage":"fr-FR","potentialAction":[{"@type":"ReadAction","target":["https:\/\/uniest.it\/prodotto\/alga-spirulina-2\/"]}]},{"@type":"ImageObject","inLanguage":"fr-FR","@id":"https:\/\/uniest.it\/prodotto\/alga-spirulina-2\/#primaryimage","url":"https:\/\/uniest.it\/wp-content\/uploads\/2020\/11\/832AAE.png","contentUrl":"https:\/\/uniest.it\/wp-content\/uploads\/2020\/11\/832AAE.png","width":1283,"height":2000},{"@type":"BreadcrumbList","@id":"https:\/\/uniest.it\/prodotto\/alga-spirulina-2\/#breadcrumb","itemListElement":[{"@type":"ListItem","position":1,"name":"Home","item":"https:\/\/uniest.it\/fr\/"},{"@type":"ListItem","position":2,"name":"Shop","item":"https:\/\/uniest.it\/shop\/"},{"@type":"ListItem","position":3,"name":"Algues spiruline"}]},{"@type":"WebSite","@id":"https:\/\/uniest.it\/#website","url":"https:\/\/uniest.it\/","name":"Uniest","description":"Cosmetici Naturali e Bio","potentialAction":[{"@type":"SearchAction","target":{"@type":"EntryPoint","urlTemplate":"https:\/\/uniest.it\/?s={search_term_string}"},"query-input":{"@type":"PropertyValueSpecification","valueRequired":true,"valueName":"search_term_string"}}],"inLanguage":"fr-FR"}]}},"_links":{"self":[{"href":"https:\/\/uniest.it\/fr\/wp-json\/wp\/v2\/product\/5920","targetHints":{"allow":["GET"]}}],"collection":[{"href":"https:\/\/uniest.it\/fr\/wp-json\/wp\/v2\/product"}],"about":[{"href":"https:\/\/uniest.it\/fr\/wp-json\/wp\/v2\/types\/product"}],"wp:featuredmedia":[{"embeddable":true,"href":"https:\/\/uniest.it\/fr\/wp-json\/wp\/v2\/media\/5921"}],"wp:attachment":[{"href":"https:\/\/uniest.it\/fr\/wp-json\/wp\/v2\/media?parent=5920"}],"wp:term":[{"taxonomy":"product_brand","embeddable":true,"href":"https:\/\/uniest.it\/fr\/wp-json\/wp\/v2\/product_brand?post=5920"},{"taxonomy":"product_cat","embeddable":true,"href":"https:\/\/uniest.it\/fr\/wp-json\/wp\/v2\/product_cat?post=5920"},{"taxonomy":"product_tag","embeddable":true,"href":"https:\/\/uniest.it\/fr\/wp-json\/wp\/v2\/product_tag?post=5920"}],"curies":[{"name":"wp","href":"https:\/\/api.w.org\/{rel}","templated":true}]}}