{"id":5922,"date":"2021-02-04T13:00:44","date_gmt":"2024-10-23T14:43:35","guid":{"rendered":"https:\/\/uniest.it\/prodotto\/lavande-100ml\/"},"modified":"2024-10-23T16:30:54","modified_gmt":"2024-10-23T15:30:54","slug":"lavande-100ml","status":"publish","type":"product","link":"https:\/\/uniest.it\/fr\/prodotto\/lavande-100ml\/","title":{"rendered":"Lavande &#8211; 100ml"},"content":{"rendered":"<p>Base d&rsquo;extrait de plante et d&rsquo;huile essentielle de lavande. Les fleurs de lavande sont utilis\u00e9es en phytoth\u00e9rapie pour leurs nombreuses propri\u00e9t\u00e9s dues \u00e0 la pr\u00e9sence d&rsquo;huile essentielle, de tanins, de flavono\u00efdes et de substances am\u00e8res. Ces principes actifs conf\u00e8rent \u00e0 la plante de lavande une action calmante sur le syst\u00e8me nerveux, \u00e0 utiliser en cas d&rsquo;anxi\u00e9t\u00e9, d&rsquo;agitation, de nervosit\u00e9, de maux de t\u00eate, de stress et d&rsquo;insomnie. La lavande a \u00e9galement une action balsamique sur les voies respiratoires, c&rsquo;est pourquoi elle est utilis\u00e9e efficacement dans le traitement de tous les rhumes : grippe, toux, rhume et catarrhe. De plus, la plante poss\u00e8de des propri\u00e9t\u00e9s carminatives et antispasmodiques car elle calme les douleurs et les spasmes abdominaux ou menstruels et aide \u00e0 d\u00e9tendre les muscles abdominaux. Pour renforcer les effets de la Lavande, de l&rsquo;Huile de Son de Riz, du Beurre de Karat\u00e9 BIO*, de l&rsquo;Huile d&rsquo;Amande douce BIO* et de la Glyc\u00e9rine ont \u00e9t\u00e9 ajout\u00e9s, d&rsquo;excellents ingr\u00e9dients apaisants, calmants et \u00e9mollients. Le parfum d\u00e9licat rend cette cr\u00e8me agr\u00e9able \u00e0 appliquer et, gr\u00e2ce \u00e0 sa formulation. , il convient \u00e9galement aux peaux les plus d\u00e9licates et sensibles. \u00c9galement tr\u00e8s utile sur le cuir chevelu. Sur cheveux trait\u00e9s, il donne corps, douceur et brillance. *produit issu de l&rsquo;agriculture biologique<\/p>\n","protected":false},"excerpt":{"rendered":"<p>Base d&rsquo;extrait de plante et d&rsquo;huile essentielle de lavande. Les fleurs de lavande sont utilis\u00e9es en phytoth\u00e9rapie pour leurs nombreuses propri\u00e9t\u00e9s dues \u00e0 la pr\u00e9sence d&rsquo;huile essentielle, de tanins, de flavono\u00efdes et de substances am\u00e8res. Ces principes actifs conf\u00e8rent \u00e0 la plante de lavande une action calmante sur le syst\u00e8me nerveux, \u00e0 utiliser en cas [&hellip;]<\/p>\n","protected":false},"featured_media":5923,"template":"","meta":{"_acf_changed":false,"inline_featured_image":false},"product_brand":[],"product_cat":[1372,1383,1392],"product_tag":[],"class_list":{"0":"post-5922","1":"product","2":"type-product","3":"status-publish","4":"has-post-thumbnail","6":"product_beauty-balsamico","7":"product_beauty-idratare","8":"product_beauty-lenire","9":"product_beauty-nutrire-e-rigenerare","10":"product_beauty-purificare","11":"product_beauty-riequilibrare","12":"product_skin-tutte-le-pelli","13":"product_kind-i-rimedi-dalla-natura","14":"product_kind-trattamenti-speciali","15":"product_kind-tutte-le-creme-corpo","16":"product_kind-tutte-le-creme-viso","17":"product_lines-i-rimedi-dalla-natura","18":"product_cat-corpo-fr","19":"product_cat-viso-fr","20":"product_cat-mani-e-piedi-fr","21":"pa_size-100-fr","23":"first","24":"instock","25":"taxable","26":"shipping-taxable","27":"purchasable","28":"product-type-simple"},"acf":[],"yoast_head":"<!-- This site is optimized with the Yoast SEO plugin v24.6 - https:\/\/yoast.com\/wordpress\/plugins\/seo\/ -->\n<title>Lavande - 100ml - Uniest<\/title>\n<meta name=\"robots\" content=\"index, follow, max-snippet:-1, max-image-preview:large, max-video-preview:-1\" \/>\n<link rel=\"canonical\" href=\"https:\/\/uniest.it\/prodotto\/lavanda-100ml\/\" \/>\n<meta property=\"og:locale\" content=\"fr_FR\" \/>\n<meta property=\"og:type\" content=\"article\" \/>\n<meta property=\"og:title\" content=\"Lavande - 100ml - Uniest\" \/>\n<meta property=\"og:description\" content=\"Base d&rsquo;extrait de plante et d&rsquo;huile essentielle de lavande. Les fleurs de lavande sont utilis\u00e9es en phytoth\u00e9rapie pour leurs nombreuses propri\u00e9t\u00e9s dues \u00e0 la pr\u00e9sence d&rsquo;huile essentielle, de tanins, de flavono\u00efdes et de substances am\u00e8res. Ces principes actifs conf\u00e8rent \u00e0 la plante de lavande une action calmante sur le syst\u00e8me nerveux, \u00e0 utiliser en cas [&hellip;]\" \/>\n<meta property=\"og:url\" content=\"https:\/\/uniest.it\/prodotto\/lavanda-100ml\/\" \/>\n<meta property=\"og:site_name\" content=\"Uniest\" \/>\n<meta property=\"article:modified_time\" content=\"2024-10-23T15:30:54+00:00\" \/>\n<meta property=\"og:image\" content=\"https:\/\/uniest.it\/wp-content\/uploads\/2020\/11\/833AAE.png\" \/>\n\t<meta property=\"og:image:width\" content=\"1283\" \/>\n\t<meta property=\"og:image:height\" content=\"2000\" \/>\n\t<meta property=\"og:image:type\" content=\"image\/png\" \/>\n<meta name=\"twitter:card\" content=\"summary_large_image\" \/>\n<meta name=\"twitter:label1\" content=\"Dur\u00e9e de lecture estim\u00e9e\" \/>\n\t<meta name=\"twitter:data1\" content=\"1 minute\" \/>\n<script type=\"application\/ld+json\" class=\"yoast-schema-graph\">{\"@context\":\"https:\/\/schema.org\",\"@graph\":[{\"@type\":\"WebPage\",\"@id\":\"https:\/\/uniest.it\/prodotto\/lavanda-100ml\/\",\"url\":\"https:\/\/uniest.it\/prodotto\/lavanda-100ml\/\",\"name\":\"Lavande - 100ml - Uniest\",\"isPartOf\":{\"@id\":\"https:\/\/uniest.it\/#website\"},\"primaryImageOfPage\":{\"@id\":\"https:\/\/uniest.it\/prodotto\/lavanda-100ml\/#primaryimage\"},\"image\":{\"@id\":\"https:\/\/uniest.it\/prodotto\/lavanda-100ml\/#primaryimage\"},\"thumbnailUrl\":\"https:\/\/uniest.it\/wp-content\/uploads\/2020\/11\/833AAE.png\",\"datePublished\":\"2024-10-23T14:43:35+00:00\",\"dateModified\":\"2024-10-23T15:30:54+00:00\",\"breadcrumb\":{\"@id\":\"https:\/\/uniest.it\/prodotto\/lavanda-100ml\/#breadcrumb\"},\"inLanguage\":\"fr-FR\",\"potentialAction\":[{\"@type\":\"ReadAction\",\"target\":[\"https:\/\/uniest.it\/prodotto\/lavanda-100ml\/\"]}]},{\"@type\":\"ImageObject\",\"inLanguage\":\"fr-FR\",\"@id\":\"https:\/\/uniest.it\/prodotto\/lavanda-100ml\/#primaryimage\",\"url\":\"https:\/\/uniest.it\/wp-content\/uploads\/2020\/11\/833AAE.png\",\"contentUrl\":\"https:\/\/uniest.it\/wp-content\/uploads\/2020\/11\/833AAE.png\",\"width\":1283,\"height\":2000},{\"@type\":\"BreadcrumbList\",\"@id\":\"https:\/\/uniest.it\/prodotto\/lavanda-100ml\/#breadcrumb\",\"itemListElement\":[{\"@type\":\"ListItem\",\"position\":1,\"name\":\"Home\",\"item\":\"https:\/\/uniest.it\/fr\/\"},{\"@type\":\"ListItem\",\"position\":2,\"name\":\"Shop\",\"item\":\"https:\/\/uniest.it\/shop\/\"},{\"@type\":\"ListItem\",\"position\":3,\"name\":\"Lavande &#8211; 100ml\"}]},{\"@type\":\"WebSite\",\"@id\":\"https:\/\/uniest.it\/#website\",\"url\":\"https:\/\/uniest.it\/\",\"name\":\"Uniest\",\"description\":\"Cosmetici Naturali e Bio\",\"potentialAction\":[{\"@type\":\"SearchAction\",\"target\":{\"@type\":\"EntryPoint\",\"urlTemplate\":\"https:\/\/uniest.it\/?s={search_term_string}\"},\"query-input\":{\"@type\":\"PropertyValueSpecification\",\"valueRequired\":true,\"valueName\":\"search_term_string\"}}],\"inLanguage\":\"fr-FR\"}]}<\/script>\n<!-- \/ Yoast SEO plugin. -->","yoast_head_json":{"title":"Lavande - 100ml - Uniest","robots":{"index":"index","follow":"follow","max-snippet":"max-snippet:-1","max-image-preview":"max-image-preview:large","max-video-preview":"max-video-preview:-1"},"canonical":"https:\/\/uniest.it\/prodotto\/lavanda-100ml\/","og_locale":"fr_FR","og_type":"article","og_title":"Lavande - 100ml - Uniest","og_description":"Base d&rsquo;extrait de plante et d&rsquo;huile essentielle de lavande. Les fleurs de lavande sont utilis\u00e9es en phytoth\u00e9rapie pour leurs nombreuses propri\u00e9t\u00e9s dues \u00e0 la pr\u00e9sence d&rsquo;huile essentielle, de tanins, de flavono\u00efdes et de substances am\u00e8res. Ces principes actifs conf\u00e8rent \u00e0 la plante de lavande une action calmante sur le syst\u00e8me nerveux, \u00e0 utiliser en cas [&hellip;]","og_url":"https:\/\/uniest.it\/prodotto\/lavanda-100ml\/","og_site_name":"Uniest","article_modified_time":"2024-10-23T15:30:54+00:00","og_image":[{"width":1283,"height":2000,"url":"https:\/\/uniest.it\/wp-content\/uploads\/2020\/11\/833AAE.png","type":"image\/png"}],"twitter_card":"summary_large_image","twitter_misc":{"Dur\u00e9e de lecture estim\u00e9e":"1 minute"},"schema":{"@context":"https:\/\/schema.org","@graph":[{"@type":"WebPage","@id":"https:\/\/uniest.it\/prodotto\/lavanda-100ml\/","url":"https:\/\/uniest.it\/prodotto\/lavanda-100ml\/","name":"Lavande - 100ml - Uniest","isPartOf":{"@id":"https:\/\/uniest.it\/#website"},"primaryImageOfPage":{"@id":"https:\/\/uniest.it\/prodotto\/lavanda-100ml\/#primaryimage"},"image":{"@id":"https:\/\/uniest.it\/prodotto\/lavanda-100ml\/#primaryimage"},"thumbnailUrl":"https:\/\/uniest.it\/wp-content\/uploads\/2020\/11\/833AAE.png","datePublished":"2024-10-23T14:43:35+00:00","dateModified":"2024-10-23T15:30:54+00:00","breadcrumb":{"@id":"https:\/\/uniest.it\/prodotto\/lavanda-100ml\/#breadcrumb"},"inLanguage":"fr-FR","potentialAction":[{"@type":"ReadAction","target":["https:\/\/uniest.it\/prodotto\/lavanda-100ml\/"]}]},{"@type":"ImageObject","inLanguage":"fr-FR","@id":"https:\/\/uniest.it\/prodotto\/lavanda-100ml\/#primaryimage","url":"https:\/\/uniest.it\/wp-content\/uploads\/2020\/11\/833AAE.png","contentUrl":"https:\/\/uniest.it\/wp-content\/uploads\/2020\/11\/833AAE.png","width":1283,"height":2000},{"@type":"BreadcrumbList","@id":"https:\/\/uniest.it\/prodotto\/lavanda-100ml\/#breadcrumb","itemListElement":[{"@type":"ListItem","position":1,"name":"Home","item":"https:\/\/uniest.it\/fr\/"},{"@type":"ListItem","position":2,"name":"Shop","item":"https:\/\/uniest.it\/shop\/"},{"@type":"ListItem","position":3,"name":"Lavande &#8211; 100ml"}]},{"@type":"WebSite","@id":"https:\/\/uniest.it\/#website","url":"https:\/\/uniest.it\/","name":"Uniest","description":"Cosmetici Naturali e Bio","potentialAction":[{"@type":"SearchAction","target":{"@type":"EntryPoint","urlTemplate":"https:\/\/uniest.it\/?s={search_term_string}"},"query-input":{"@type":"PropertyValueSpecification","valueRequired":true,"valueName":"search_term_string"}}],"inLanguage":"fr-FR"}]}},"_links":{"self":[{"href":"https:\/\/uniest.it\/fr\/wp-json\/wp\/v2\/product\/5922","targetHints":{"allow":["GET"]}}],"collection":[{"href":"https:\/\/uniest.it\/fr\/wp-json\/wp\/v2\/product"}],"about":[{"href":"https:\/\/uniest.it\/fr\/wp-json\/wp\/v2\/types\/product"}],"wp:featuredmedia":[{"embeddable":true,"href":"https:\/\/uniest.it\/fr\/wp-json\/wp\/v2\/media\/5923"}],"wp:attachment":[{"href":"https:\/\/uniest.it\/fr\/wp-json\/wp\/v2\/media?parent=5922"}],"wp:term":[{"taxonomy":"product_brand","embeddable":true,"href":"https:\/\/uniest.it\/fr\/wp-json\/wp\/v2\/product_brand?post=5922"},{"taxonomy":"product_cat","embeddable":true,"href":"https:\/\/uniest.it\/fr\/wp-json\/wp\/v2\/product_cat?post=5922"},{"taxonomy":"product_tag","embeddable":true,"href":"https:\/\/uniest.it\/fr\/wp-json\/wp\/v2\/product_tag?post=5922"}],"curies":[{"name":"wp","href":"https:\/\/api.w.org\/{rel}","templated":true}]}}