{"id":5928,"date":"2024-10-23T15:43:36","date_gmt":"2024-10-23T14:43:36","guid":{"rendered":"https:\/\/uniest.it\/prodotto\/parfum-dambiance-sweet-malizia-arome-fruite\/"},"modified":"2024-10-23T16:30:55","modified_gmt":"2024-10-23T15:30:55","slug":"parfum-dambiance-sweet-malizia-arome-fruite","status":"publish","type":"product","link":"https:\/\/uniest.it\/fr\/prodotto\/parfum-dambiance-sweet-malizia-arome-fruite\/","title":{"rendered":"Parfum d&rsquo;ambiance Sweet Malizia Ar\u00f4me Fruit\u00e9"},"content":{"rendered":"<p>Parfum d&rsquo;ambiance Dolce Malizia : base alcoolique, agr\u00e9ablement parfum\u00e9e \u00e0 la Fraise &amp; Le Champagne, parvient \u00e0 apporter des notes douces et captivantes de longue dur\u00e9e qui vous accompagneront, parfumant l&rsquo;environnement qui nous entoure. Il d\u00e9bute son voyage olfactif avec des fraises des bois, du cassis et du champagne, aux notes acidul\u00e9es et p\u00e9tillantes. Fraise, rose, freesia et framboise r\u00e9sonnent en c\u0153ur, doux et intense. Le sillage associe des notes plus intenses de musc et de vanille. L&rsquo;excellence dans la s\u00e9lection des mati\u00e8res premi\u00e8res ainsi que la capacit\u00e9 de cr\u00e9er la bonne combinaison d&rsquo;\u00e9l\u00e9ments pour diffuser les parfums dans l&rsquo;air sont les aspects distinctifs pour s\u00e9lectionner les meilleurs produits. C&rsquo;est pour cette raison que nous basons nos parfums sur la s\u00e9lection de fragrances de haut niveau et nous utilisons toute notre exp\u00e9rience pour les d\u00e9cliner dans les diff\u00e9rents produits, afin de garantir que nous ressentons l&rsquo;\u00e9motion de nos parfums qui refl\u00e8tent l&rsquo;\u00e2me et la personnalit\u00e9. sensations.<\/p>\n","protected":false},"excerpt":{"rendered":"<p>Parfum d&rsquo;ambiance Dolce Malizia : base alcoolique, agr\u00e9ablement parfum\u00e9e \u00e0 la Fraise &amp; Le Champagne, parvient \u00e0 apporter des notes douces et captivantes de longue dur\u00e9e qui vous accompagneront, parfumant l&rsquo;environnement qui nous entoure. Il d\u00e9bute son voyage olfactif avec des fraises des bois, du cassis et du champagne, aux notes acidul\u00e9es et p\u00e9tillantes. Fraise, [&hellip;]<\/p>\n","protected":false},"featured_media":5929,"template":"","meta":{"_acf_changed":false,"inline_featured_image":false},"product_brand":[],"product_cat":[1390],"product_tag":[],"class_list":{"0":"post-5928","1":"product","2":"type-product","3":"status-publish","4":"has-post-thumbnail","6":"product_beauty-aromatizzare-e-profumare","7":"product_kind-aromaterapia-e-profumi","8":"product_kind_pets-aromaterapia-e-profumi","9":"product_lines-casa-e-ambiente","10":"product_cat-casa-e-ambiente-fr","11":"pa_size-110-fr","13":"first","14":"instock","15":"taxable","16":"shipping-taxable","17":"purchasable","18":"product-type-simple"},"acf":[],"yoast_head":"<!-- This site is optimized with the Yoast SEO plugin v24.6 - https:\/\/yoast.com\/wordpress\/plugins\/seo\/ -->\n<title>Parfum d&#039;ambiance Sweet Malizia Ar\u00f4me Fruit\u00e9 - Uniest<\/title>\n<meta name=\"robots\" content=\"index, follow, max-snippet:-1, max-image-preview:large, max-video-preview:-1\" \/>\n<link rel=\"canonical\" href=\"https:\/\/uniest.it\/prodotto\/dolce-malizia-profumo-per-lambiente-aroma-fruttato\/\" \/>\n<meta property=\"og:locale\" content=\"fr_FR\" \/>\n<meta property=\"og:type\" content=\"article\" \/>\n<meta property=\"og:title\" content=\"Parfum d&#039;ambiance Sweet Malizia Ar\u00f4me Fruit\u00e9 - Uniest\" \/>\n<meta property=\"og:description\" content=\"Parfum d&rsquo;ambiance Dolce Malizia : base alcoolique, agr\u00e9ablement parfum\u00e9e \u00e0 la Fraise &amp; Le Champagne, parvient \u00e0 apporter des notes douces et captivantes de longue dur\u00e9e qui vous accompagneront, parfumant l&rsquo;environnement qui nous entoure. Il d\u00e9bute son voyage olfactif avec des fraises des bois, du cassis et du champagne, aux notes acidul\u00e9es et p\u00e9tillantes. Fraise, [&hellip;]\" \/>\n<meta property=\"og:url\" content=\"https:\/\/uniest.it\/prodotto\/dolce-malizia-profumo-per-lambiente-aroma-fruttato\/\" \/>\n<meta property=\"og:site_name\" content=\"Uniest\" \/>\n<meta property=\"article:modified_time\" content=\"2024-10-23T15:30:55+00:00\" \/>\n<meta property=\"og:image\" content=\"https:\/\/uniest.it\/wp-content\/uploads\/2020\/11\/925AAE.png\" \/>\n\t<meta property=\"og:image:width\" content=\"1283\" \/>\n\t<meta property=\"og:image:height\" content=\"2001\" \/>\n\t<meta property=\"og:image:type\" content=\"image\/png\" \/>\n<meta name=\"twitter:card\" content=\"summary_large_image\" \/>\n<meta name=\"twitter:label1\" content=\"Dur\u00e9e de lecture estim\u00e9e\" \/>\n\t<meta name=\"twitter:data1\" content=\"1 minute\" \/>\n<script type=\"application\/ld+json\" class=\"yoast-schema-graph\">{\"@context\":\"https:\/\/schema.org\",\"@graph\":[{\"@type\":\"WebPage\",\"@id\":\"https:\/\/uniest.it\/prodotto\/dolce-malizia-profumo-per-lambiente-aroma-fruttato\/\",\"url\":\"https:\/\/uniest.it\/prodotto\/dolce-malizia-profumo-per-lambiente-aroma-fruttato\/\",\"name\":\"Parfum d'ambiance Sweet Malizia Ar\u00f4me Fruit\u00e9 - Uniest\",\"isPartOf\":{\"@id\":\"https:\/\/uniest.it\/#website\"},\"primaryImageOfPage\":{\"@id\":\"https:\/\/uniest.it\/prodotto\/dolce-malizia-profumo-per-lambiente-aroma-fruttato\/#primaryimage\"},\"image\":{\"@id\":\"https:\/\/uniest.it\/prodotto\/dolce-malizia-profumo-per-lambiente-aroma-fruttato\/#primaryimage\"},\"thumbnailUrl\":\"https:\/\/uniest.it\/wp-content\/uploads\/2020\/11\/925AAE.png\",\"datePublished\":\"2024-10-23T14:43:36+00:00\",\"dateModified\":\"2024-10-23T15:30:55+00:00\",\"breadcrumb\":{\"@id\":\"https:\/\/uniest.it\/prodotto\/dolce-malizia-profumo-per-lambiente-aroma-fruttato\/#breadcrumb\"},\"inLanguage\":\"fr-FR\",\"potentialAction\":[{\"@type\":\"ReadAction\",\"target\":[\"https:\/\/uniest.it\/prodotto\/dolce-malizia-profumo-per-lambiente-aroma-fruttato\/\"]}]},{\"@type\":\"ImageObject\",\"inLanguage\":\"fr-FR\",\"@id\":\"https:\/\/uniest.it\/prodotto\/dolce-malizia-profumo-per-lambiente-aroma-fruttato\/#primaryimage\",\"url\":\"https:\/\/uniest.it\/wp-content\/uploads\/2020\/11\/925AAE.png\",\"contentUrl\":\"https:\/\/uniest.it\/wp-content\/uploads\/2020\/11\/925AAE.png\",\"width\":1283,\"height\":2001},{\"@type\":\"BreadcrumbList\",\"@id\":\"https:\/\/uniest.it\/prodotto\/dolce-malizia-profumo-per-lambiente-aroma-fruttato\/#breadcrumb\",\"itemListElement\":[{\"@type\":\"ListItem\",\"position\":1,\"name\":\"Home\",\"item\":\"https:\/\/uniest.it\/fr\/\"},{\"@type\":\"ListItem\",\"position\":2,\"name\":\"Shop\",\"item\":\"https:\/\/uniest.it\/shop\/\"},{\"@type\":\"ListItem\",\"position\":3,\"name\":\"Parfum d&#8217;ambiance Sweet Malizia Ar\u00f4me Fruit\u00e9\"}]},{\"@type\":\"WebSite\",\"@id\":\"https:\/\/uniest.it\/#website\",\"url\":\"https:\/\/uniest.it\/\",\"name\":\"Uniest\",\"description\":\"Cosmetici Naturali e Bio\",\"potentialAction\":[{\"@type\":\"SearchAction\",\"target\":{\"@type\":\"EntryPoint\",\"urlTemplate\":\"https:\/\/uniest.it\/?s={search_term_string}\"},\"query-input\":{\"@type\":\"PropertyValueSpecification\",\"valueRequired\":true,\"valueName\":\"search_term_string\"}}],\"inLanguage\":\"fr-FR\"}]}<\/script>\n<!-- \/ Yoast SEO plugin. -->","yoast_head_json":{"title":"Parfum d'ambiance Sweet Malizia Ar\u00f4me Fruit\u00e9 - Uniest","robots":{"index":"index","follow":"follow","max-snippet":"max-snippet:-1","max-image-preview":"max-image-preview:large","max-video-preview":"max-video-preview:-1"},"canonical":"https:\/\/uniest.it\/prodotto\/dolce-malizia-profumo-per-lambiente-aroma-fruttato\/","og_locale":"fr_FR","og_type":"article","og_title":"Parfum d'ambiance Sweet Malizia Ar\u00f4me Fruit\u00e9 - Uniest","og_description":"Parfum d&rsquo;ambiance Dolce Malizia : base alcoolique, agr\u00e9ablement parfum\u00e9e \u00e0 la Fraise &amp; Le Champagne, parvient \u00e0 apporter des notes douces et captivantes de longue dur\u00e9e qui vous accompagneront, parfumant l&rsquo;environnement qui nous entoure. Il d\u00e9bute son voyage olfactif avec des fraises des bois, du cassis et du champagne, aux notes acidul\u00e9es et p\u00e9tillantes. Fraise, [&hellip;]","og_url":"https:\/\/uniest.it\/prodotto\/dolce-malizia-profumo-per-lambiente-aroma-fruttato\/","og_site_name":"Uniest","article_modified_time":"2024-10-23T15:30:55+00:00","og_image":[{"width":1283,"height":2001,"url":"https:\/\/uniest.it\/wp-content\/uploads\/2020\/11\/925AAE.png","type":"image\/png"}],"twitter_card":"summary_large_image","twitter_misc":{"Dur\u00e9e de lecture estim\u00e9e":"1 minute"},"schema":{"@context":"https:\/\/schema.org","@graph":[{"@type":"WebPage","@id":"https:\/\/uniest.it\/prodotto\/dolce-malizia-profumo-per-lambiente-aroma-fruttato\/","url":"https:\/\/uniest.it\/prodotto\/dolce-malizia-profumo-per-lambiente-aroma-fruttato\/","name":"Parfum d'ambiance Sweet Malizia Ar\u00f4me Fruit\u00e9 - Uniest","isPartOf":{"@id":"https:\/\/uniest.it\/#website"},"primaryImageOfPage":{"@id":"https:\/\/uniest.it\/prodotto\/dolce-malizia-profumo-per-lambiente-aroma-fruttato\/#primaryimage"},"image":{"@id":"https:\/\/uniest.it\/prodotto\/dolce-malizia-profumo-per-lambiente-aroma-fruttato\/#primaryimage"},"thumbnailUrl":"https:\/\/uniest.it\/wp-content\/uploads\/2020\/11\/925AAE.png","datePublished":"2024-10-23T14:43:36+00:00","dateModified":"2024-10-23T15:30:55+00:00","breadcrumb":{"@id":"https:\/\/uniest.it\/prodotto\/dolce-malizia-profumo-per-lambiente-aroma-fruttato\/#breadcrumb"},"inLanguage":"fr-FR","potentialAction":[{"@type":"ReadAction","target":["https:\/\/uniest.it\/prodotto\/dolce-malizia-profumo-per-lambiente-aroma-fruttato\/"]}]},{"@type":"ImageObject","inLanguage":"fr-FR","@id":"https:\/\/uniest.it\/prodotto\/dolce-malizia-profumo-per-lambiente-aroma-fruttato\/#primaryimage","url":"https:\/\/uniest.it\/wp-content\/uploads\/2020\/11\/925AAE.png","contentUrl":"https:\/\/uniest.it\/wp-content\/uploads\/2020\/11\/925AAE.png","width":1283,"height":2001},{"@type":"BreadcrumbList","@id":"https:\/\/uniest.it\/prodotto\/dolce-malizia-profumo-per-lambiente-aroma-fruttato\/#breadcrumb","itemListElement":[{"@type":"ListItem","position":1,"name":"Home","item":"https:\/\/uniest.it\/fr\/"},{"@type":"ListItem","position":2,"name":"Shop","item":"https:\/\/uniest.it\/shop\/"},{"@type":"ListItem","position":3,"name":"Parfum d&#8217;ambiance Sweet Malizia Ar\u00f4me Fruit\u00e9"}]},{"@type":"WebSite","@id":"https:\/\/uniest.it\/#website","url":"https:\/\/uniest.it\/","name":"Uniest","description":"Cosmetici Naturali e Bio","potentialAction":[{"@type":"SearchAction","target":{"@type":"EntryPoint","urlTemplate":"https:\/\/uniest.it\/?s={search_term_string}"},"query-input":{"@type":"PropertyValueSpecification","valueRequired":true,"valueName":"search_term_string"}}],"inLanguage":"fr-FR"}]}},"_links":{"self":[{"href":"https:\/\/uniest.it\/fr\/wp-json\/wp\/v2\/product\/5928","targetHints":{"allow":["GET"]}}],"collection":[{"href":"https:\/\/uniest.it\/fr\/wp-json\/wp\/v2\/product"}],"about":[{"href":"https:\/\/uniest.it\/fr\/wp-json\/wp\/v2\/types\/product"}],"wp:featuredmedia":[{"embeddable":true,"href":"https:\/\/uniest.it\/fr\/wp-json\/wp\/v2\/media\/5929"}],"wp:attachment":[{"href":"https:\/\/uniest.it\/fr\/wp-json\/wp\/v2\/media?parent=5928"}],"wp:term":[{"taxonomy":"product_brand","embeddable":true,"href":"https:\/\/uniest.it\/fr\/wp-json\/wp\/v2\/product_brand?post=5928"},{"taxonomy":"product_cat","embeddable":true,"href":"https:\/\/uniest.it\/fr\/wp-json\/wp\/v2\/product_cat?post=5928"},{"taxonomy":"product_tag","embeddable":true,"href":"https:\/\/uniest.it\/fr\/wp-json\/wp\/v2\/product_tag?post=5928"}],"curies":[{"name":"wp","href":"https:\/\/api.w.org\/{rel}","templated":true}]}}