{"id":5930,"date":"2021-02-04T13:00:44","date_gmt":"2024-10-23T14:43:37","guid":{"rendered":"https:\/\/uniest.it\/prodotto\/kit-de-pansements-salins-reutilisables\/"},"modified":"2024-10-23T16:30:56","modified_gmt":"2024-10-23T15:30:56","slug":"kit-de-pansements-salins-reutilisables","status":"publish","type":"product","link":"https:\/\/uniest.it\/fr\/prodotto\/kit-de-pansements-salins-reutilisables\/","title":{"rendered":"KIT de pansements salins r\u00e9utilisables"},"content":{"rendered":"<p>Pansements salins R\u00c9UTILISABLES imbib\u00e9s de gel doux (250 ml + 50 ml GRATUITS) contenant 30% de sels de la Mer Morte, consid\u00e9r\u00e9s depuis toujours comme les meilleurs alli\u00e9s de la beaut\u00e9 et de la sant\u00e9. Gr\u00e2ce \u00e0 leur forte concentration en Min\u00e9raux Naturels, ils sont une excellente aide pour lutter contre la cellulite et la r\u00e9tention d&rsquo;eau, hydratent la peau en profondeur, combattent le rel\u00e2chement cutan\u00e9 en revitalisant la peau, et ont \u00e9galement une action d\u00e9congestionnante et d\u00e9toxifiante. Les sels agissent par un m\u00e9canisme d&rsquo;osmose inverse, donnant \u00e0 l&rsquo;organisme leur teneur en min\u00e9raux et oligo-\u00e9l\u00e9ments, en m\u00eame temps, le corps lib\u00e8re des liquides et des toxines. Cette formule est additionn\u00e9e d&rsquo;un compos\u00e9 iod\u00e9 qui renforce l&rsquo;effet des sels de la Mer Morte et rend le produit sp\u00e9cifique pour les sujets souffrant de cellulite, de r\u00e9tention d&rsquo;eau et de graisse pour le traitement \u00e0 domicile. Leur forme particuli\u00e8re permet d&rsquo;obtenir une extension du bandage en hauteur de 10 centim\u00e8tres, tandis qu&rsquo;une extension en longueur de plusieurs m\u00e8tres pour faciliter son utilisation.<\/p>\n","protected":false},"excerpt":{"rendered":"<p>Pansements salins R\u00c9UTILISABLES imbib\u00e9s de gel doux (250 ml + 50 ml GRATUITS) contenant 30% de sels de la Mer Morte, consid\u00e9r\u00e9s depuis toujours comme les meilleurs alli\u00e9s de la beaut\u00e9 et de la sant\u00e9. Gr\u00e2ce \u00e0 leur forte concentration en Min\u00e9raux Naturels, ils sont une excellente aide pour lutter contre la cellulite et la [&hellip;]<\/p>\n","protected":false},"featured_media":5931,"template":"","meta":{"_acf_changed":false,"inline_featured_image":false},"product_brand":[],"product_cat":[1372],"product_tag":[],"class_list":{"0":"post-5930","1":"product","2":"type-product","3":"status-publish","4":"has-post-thumbnail","6":"product_beauty-anti-cellulite","7":"product_beauty-detox-e-dren","8":"product_beauty-idratare","9":"product_beauty-rassodare-e-tonificare","10":"product_skin-cellulite","11":"product_skin-tutte-le-pelli","12":"product_kind-cellulite-e-tonificazione","13":"product_kind-trattamenti-speciali","14":"product_lines-cellulite-e-ritenzione","15":"product_cat-corpo-fr","16":"pa_size-kit-bende-saline-1-busta-da-2-pz-2-x-10-ml-crema-cellulite-lozione-trattamento-1-biro-1-metro-1-scatola-1-autoadesivo-scheda-utilizzo-fr","18":"first","19":"instock","20":"taxable","21":"shipping-taxable","22":"purchasable","23":"product-type-simple"},"acf":[],"yoast_head":"<!-- This site is optimized with the Yoast SEO plugin v24.6 - https:\/\/yoast.com\/wordpress\/plugins\/seo\/ -->\n<title>KIT de pansements salins r\u00e9utilisables - Uniest<\/title>\n<meta name=\"robots\" content=\"index, follow, max-snippet:-1, max-image-preview:large, max-video-preview:-1\" \/>\n<link rel=\"canonical\" href=\"https:\/\/uniest.it\/prodotto\/bende-saline-riutililzzabili-kit\/\" \/>\n<meta property=\"og:locale\" content=\"fr_FR\" \/>\n<meta property=\"og:type\" content=\"article\" \/>\n<meta property=\"og:title\" content=\"KIT de pansements salins r\u00e9utilisables - Uniest\" \/>\n<meta property=\"og:description\" content=\"Pansements salins R\u00c9UTILISABLES imbib\u00e9s de gel doux (250 ml + 50 ml GRATUITS) contenant 30% de sels de la Mer Morte, consid\u00e9r\u00e9s depuis toujours comme les meilleurs alli\u00e9s de la beaut\u00e9 et de la sant\u00e9. Gr\u00e2ce \u00e0 leur forte concentration en Min\u00e9raux Naturels, ils sont une excellente aide pour lutter contre la cellulite et la [&hellip;]\" \/>\n<meta property=\"og:url\" content=\"https:\/\/uniest.it\/prodotto\/bende-saline-riutililzzabili-kit\/\" \/>\n<meta property=\"og:site_name\" content=\"Uniest\" \/>\n<meta property=\"article:modified_time\" content=\"2024-10-23T15:30:56+00:00\" \/>\n<meta property=\"og:image\" content=\"https:\/\/uniest.it\/wp-content\/uploads\/2021\/02\/028AAE.png\" \/>\n\t<meta property=\"og:image:width\" content=\"1283\" \/>\n\t<meta property=\"og:image:height\" content=\"2001\" \/>\n\t<meta property=\"og:image:type\" content=\"image\/png\" \/>\n<meta name=\"twitter:card\" content=\"summary_large_image\" \/>\n<meta name=\"twitter:label1\" content=\"Dur\u00e9e de lecture estim\u00e9e\" \/>\n\t<meta name=\"twitter:data1\" content=\"1 minute\" \/>\n<script type=\"application\/ld+json\" class=\"yoast-schema-graph\">{\"@context\":\"https:\/\/schema.org\",\"@graph\":[{\"@type\":\"WebPage\",\"@id\":\"https:\/\/uniest.it\/prodotto\/bende-saline-riutililzzabili-kit\/\",\"url\":\"https:\/\/uniest.it\/prodotto\/bende-saline-riutililzzabili-kit\/\",\"name\":\"KIT de pansements salins r\u00e9utilisables - Uniest\",\"isPartOf\":{\"@id\":\"https:\/\/uniest.it\/#website\"},\"primaryImageOfPage\":{\"@id\":\"https:\/\/uniest.it\/prodotto\/bende-saline-riutililzzabili-kit\/#primaryimage\"},\"image\":{\"@id\":\"https:\/\/uniest.it\/prodotto\/bende-saline-riutililzzabili-kit\/#primaryimage\"},\"thumbnailUrl\":\"https:\/\/uniest.it\/wp-content\/uploads\/2021\/02\/028AAE.png\",\"datePublished\":\"2024-10-23T14:43:37+00:00\",\"dateModified\":\"2024-10-23T15:30:56+00:00\",\"breadcrumb\":{\"@id\":\"https:\/\/uniest.it\/prodotto\/bende-saline-riutililzzabili-kit\/#breadcrumb\"},\"inLanguage\":\"fr-FR\",\"potentialAction\":[{\"@type\":\"ReadAction\",\"target\":[\"https:\/\/uniest.it\/prodotto\/bende-saline-riutililzzabili-kit\/\"]}]},{\"@type\":\"ImageObject\",\"inLanguage\":\"fr-FR\",\"@id\":\"https:\/\/uniest.it\/prodotto\/bende-saline-riutililzzabili-kit\/#primaryimage\",\"url\":\"https:\/\/uniest.it\/wp-content\/uploads\/2021\/02\/028AAE.png\",\"contentUrl\":\"https:\/\/uniest.it\/wp-content\/uploads\/2021\/02\/028AAE.png\",\"width\":1283,\"height\":2001},{\"@type\":\"BreadcrumbList\",\"@id\":\"https:\/\/uniest.it\/prodotto\/bende-saline-riutililzzabili-kit\/#breadcrumb\",\"itemListElement\":[{\"@type\":\"ListItem\",\"position\":1,\"name\":\"Home\",\"item\":\"https:\/\/uniest.it\/fr\/\"},{\"@type\":\"ListItem\",\"position\":2,\"name\":\"Shop\",\"item\":\"https:\/\/uniest.it\/shop\/\"},{\"@type\":\"ListItem\",\"position\":3,\"name\":\"KIT de pansements salins r\u00e9utilisables\"}]},{\"@type\":\"WebSite\",\"@id\":\"https:\/\/uniest.it\/#website\",\"url\":\"https:\/\/uniest.it\/\",\"name\":\"Uniest\",\"description\":\"Cosmetici Naturali e Bio\",\"potentialAction\":[{\"@type\":\"SearchAction\",\"target\":{\"@type\":\"EntryPoint\",\"urlTemplate\":\"https:\/\/uniest.it\/?s={search_term_string}\"},\"query-input\":{\"@type\":\"PropertyValueSpecification\",\"valueRequired\":true,\"valueName\":\"search_term_string\"}}],\"inLanguage\":\"fr-FR\"}]}<\/script>\n<!-- \/ Yoast SEO plugin. -->","yoast_head_json":{"title":"KIT de pansements salins r\u00e9utilisables - Uniest","robots":{"index":"index","follow":"follow","max-snippet":"max-snippet:-1","max-image-preview":"max-image-preview:large","max-video-preview":"max-video-preview:-1"},"canonical":"https:\/\/uniest.it\/prodotto\/bende-saline-riutililzzabili-kit\/","og_locale":"fr_FR","og_type":"article","og_title":"KIT de pansements salins r\u00e9utilisables - Uniest","og_description":"Pansements salins R\u00c9UTILISABLES imbib\u00e9s de gel doux (250 ml + 50 ml GRATUITS) contenant 30% de sels de la Mer Morte, consid\u00e9r\u00e9s depuis toujours comme les meilleurs alli\u00e9s de la beaut\u00e9 et de la sant\u00e9. Gr\u00e2ce \u00e0 leur forte concentration en Min\u00e9raux Naturels, ils sont une excellente aide pour lutter contre la cellulite et la [&hellip;]","og_url":"https:\/\/uniest.it\/prodotto\/bende-saline-riutililzzabili-kit\/","og_site_name":"Uniest","article_modified_time":"2024-10-23T15:30:56+00:00","og_image":[{"width":1283,"height":2001,"url":"https:\/\/uniest.it\/wp-content\/uploads\/2021\/02\/028AAE.png","type":"image\/png"}],"twitter_card":"summary_large_image","twitter_misc":{"Dur\u00e9e de lecture estim\u00e9e":"1 minute"},"schema":{"@context":"https:\/\/schema.org","@graph":[{"@type":"WebPage","@id":"https:\/\/uniest.it\/prodotto\/bende-saline-riutililzzabili-kit\/","url":"https:\/\/uniest.it\/prodotto\/bende-saline-riutililzzabili-kit\/","name":"KIT de pansements salins r\u00e9utilisables - Uniest","isPartOf":{"@id":"https:\/\/uniest.it\/#website"},"primaryImageOfPage":{"@id":"https:\/\/uniest.it\/prodotto\/bende-saline-riutililzzabili-kit\/#primaryimage"},"image":{"@id":"https:\/\/uniest.it\/prodotto\/bende-saline-riutililzzabili-kit\/#primaryimage"},"thumbnailUrl":"https:\/\/uniest.it\/wp-content\/uploads\/2021\/02\/028AAE.png","datePublished":"2024-10-23T14:43:37+00:00","dateModified":"2024-10-23T15:30:56+00:00","breadcrumb":{"@id":"https:\/\/uniest.it\/prodotto\/bende-saline-riutililzzabili-kit\/#breadcrumb"},"inLanguage":"fr-FR","potentialAction":[{"@type":"ReadAction","target":["https:\/\/uniest.it\/prodotto\/bende-saline-riutililzzabili-kit\/"]}]},{"@type":"ImageObject","inLanguage":"fr-FR","@id":"https:\/\/uniest.it\/prodotto\/bende-saline-riutililzzabili-kit\/#primaryimage","url":"https:\/\/uniest.it\/wp-content\/uploads\/2021\/02\/028AAE.png","contentUrl":"https:\/\/uniest.it\/wp-content\/uploads\/2021\/02\/028AAE.png","width":1283,"height":2001},{"@type":"BreadcrumbList","@id":"https:\/\/uniest.it\/prodotto\/bende-saline-riutililzzabili-kit\/#breadcrumb","itemListElement":[{"@type":"ListItem","position":1,"name":"Home","item":"https:\/\/uniest.it\/fr\/"},{"@type":"ListItem","position":2,"name":"Shop","item":"https:\/\/uniest.it\/shop\/"},{"@type":"ListItem","position":3,"name":"KIT de pansements salins r\u00e9utilisables"}]},{"@type":"WebSite","@id":"https:\/\/uniest.it\/#website","url":"https:\/\/uniest.it\/","name":"Uniest","description":"Cosmetici Naturali e Bio","potentialAction":[{"@type":"SearchAction","target":{"@type":"EntryPoint","urlTemplate":"https:\/\/uniest.it\/?s={search_term_string}"},"query-input":{"@type":"PropertyValueSpecification","valueRequired":true,"valueName":"search_term_string"}}],"inLanguage":"fr-FR"}]}},"_links":{"self":[{"href":"https:\/\/uniest.it\/fr\/wp-json\/wp\/v2\/product\/5930","targetHints":{"allow":["GET"]}}],"collection":[{"href":"https:\/\/uniest.it\/fr\/wp-json\/wp\/v2\/product"}],"about":[{"href":"https:\/\/uniest.it\/fr\/wp-json\/wp\/v2\/types\/product"}],"wp:featuredmedia":[{"embeddable":true,"href":"https:\/\/uniest.it\/fr\/wp-json\/wp\/v2\/media\/5931"}],"wp:attachment":[{"href":"https:\/\/uniest.it\/fr\/wp-json\/wp\/v2\/media?parent=5930"}],"wp:term":[{"taxonomy":"product_brand","embeddable":true,"href":"https:\/\/uniest.it\/fr\/wp-json\/wp\/v2\/product_brand?post=5930"},{"taxonomy":"product_cat","embeddable":true,"href":"https:\/\/uniest.it\/fr\/wp-json\/wp\/v2\/product_cat?post=5930"},{"taxonomy":"product_tag","embeddable":true,"href":"https:\/\/uniest.it\/fr\/wp-json\/wp\/v2\/product_tag?post=5930"}],"curies":[{"name":"wp","href":"https:\/\/api.w.org\/{rel}","templated":true}]}}