{"id":5933,"date":"2021-09-17T08:39:52","date_gmt":"2024-10-23T14:43:38","guid":{"rendered":"https:\/\/uniest.it\/prodotto\/huile-soyeuse\/"},"modified":"2024-12-17T00:02:08","modified_gmt":"2024-12-16T23:02:08","slug":"huile-soyeuse","status":"publish","type":"product","link":"https:\/\/uniest.it\/fr\/prodotto\/huile-soyeuse\/","title":{"rendered":"Huile soyeuse"},"content":{"rendered":"<p>L&rsquo;Huile Soyeuse nourrit, lisse, prot\u00e8ge et hydrate la peau du visage et du corps, toujours soumise au stress physique et environnemental, la rendant douce et \u00e9lastique, sans \u00eatre grasse. Il est compos\u00e9 d&rsquo;un m\u00e9lange d&rsquo;huiles naturelles fines (Son de Riz, Germe de Bl\u00e9, Carotte, Soja, Jojoba, <u>Amandes douces Bio<\/u><u>*<\/u>, Squalane V\u00e9g\u00e9tal) qui gr\u00e2ce \u00e0 leurs propri\u00e9t\u00e9s hydratantes et l&rsquo;action anti-radicalaire donne \u00e0 la peau un effet lisse et velout\u00e9. L&rsquo;ajout judicieux de l&rsquo;huile d&rsquo;olive extra vierge DOP est consid\u00e9r\u00e9e comme un v\u00e9ritable \u00ab nutraceutique \u00bb, riche en vitamines A, E, F, B, l\u00e9cithine, sels min\u00e9raux et enzymes, pour cette raison, elle est consid\u00e9r\u00e9e comme un puissant alli\u00e9 pour la beaut\u00e9. L&rsquo;huile d&rsquo;olive extra vierge DOP provient du lac de Garde, reconnu pour ses propri\u00e9t\u00e9s hypotensives, antioxydantes, \u00e9clairantes, anti-\u00e2ge et protectrices. De plus, gr\u00e2ce aux substances actives contenues, l&rsquo;Huile Soyeuse est capable d&rsquo;apporter soulagement et bien-\u00eatre \u00e0 la peau gr\u00e2ce \u00e0 la pr\u00e9sence du Complexe d&rsquo;Extraits de Plantes de Mauve, Calendula et Alth\u00e9a dans l&rsquo;<u>Huile de Tournesol Bio*<\/u > qui, associ\u00e9s aux pr\u00e9cieuses Vitamine C et Vitamine E, ont une puissante action antioxydante et r\u00e9paratrice sur les peaux matures et une action pr\u00e9ventive sur les peaux plus jeunes, pr\u00e9venant la d\u00e9shydratation, favorisant l&rsquo;\u00e9lasticit\u00e9 et retardant le vieillissement pr\u00e9matur\u00e9, donnant \u00e0 la peau un effet lisse et velout\u00e9.<\/p>\n","protected":false},"excerpt":{"rendered":"<p>L&rsquo;Huile Soyeuse nourrit, lisse, prot\u00e8ge et hydrate la peau du visage et du corps, toujours soumise au stress physique et environnemental, la rendant douce et \u00e9lastique, sans \u00eatre grasse. Il est compos\u00e9 d&rsquo;un m\u00e9lange d&rsquo;huiles naturelles fines (Son de Riz, Germe de Bl\u00e9, Carotte, Soja, Jojoba, Amandes douces Bio*, Squalane V\u00e9g\u00e9tal) qui gr\u00e2ce \u00e0 leurs [&hellip;]<\/p>\n","protected":false},"featured_media":5934,"template":"","meta":{"_acf_changed":false,"inline_featured_image":false},"product_brand":[],"product_cat":[1372,1383,1374,1392],"product_tag":[],"class_list":{"0":"post-5933","1":"product","2":"type-product","3":"status-publish","4":"has-post-thumbnail","6":"product_skin-tutte-le-pelli","7":"product_cat-corpo-fr","8":"product_cat-viso-fr","9":"product_cat-garda-lake-beauty-fr","10":"product_cat-mani-e-piedi-fr","11":"pa_size-100-fr","13":"first","14":"instock","15":"taxable","16":"shipping-taxable","17":"purchasable","18":"product-type-simple"},"acf":[],"yoast_head":"<!-- This site is optimized with the Yoast SEO plugin v24.6 - https:\/\/yoast.com\/wordpress\/plugins\/seo\/ -->\n<title>Huile soyeuse - Uniest<\/title>\n<meta name=\"robots\" content=\"index, follow, max-snippet:-1, max-image-preview:large, max-video-preview:-1\" \/>\n<link rel=\"canonical\" href=\"https:\/\/uniest.it\/prodotto\/olio-setificante\/\" \/>\n<meta property=\"og:locale\" content=\"fr_FR\" \/>\n<meta property=\"og:type\" content=\"article\" \/>\n<meta property=\"og:title\" content=\"Huile soyeuse - Uniest\" \/>\n<meta property=\"og:description\" content=\"L&rsquo;Huile Soyeuse nourrit, lisse, prot\u00e8ge et hydrate la peau du visage et du corps, toujours soumise au stress physique et environnemental, la rendant douce et \u00e9lastique, sans \u00eatre grasse. Il est compos\u00e9 d&rsquo;un m\u00e9lange d&rsquo;huiles naturelles fines (Son de Riz, Germe de Bl\u00e9, Carotte, Soja, Jojoba, Amandes douces Bio*, Squalane V\u00e9g\u00e9tal) qui gr\u00e2ce \u00e0 leurs [&hellip;]\" \/>\n<meta property=\"og:url\" content=\"https:\/\/uniest.it\/prodotto\/olio-setificante\/\" \/>\n<meta property=\"og:site_name\" content=\"Uniest\" \/>\n<meta property=\"article:modified_time\" content=\"2024-12-16T23:02:08+00:00\" \/>\n<meta property=\"og:image\" content=\"https:\/\/uniest.it\/wp-content\/uploads\/2021\/09\/036LGB.png\" \/>\n\t<meta property=\"og:image:width\" content=\"1283\" \/>\n\t<meta property=\"og:image:height\" content=\"2000\" \/>\n\t<meta property=\"og:image:type\" content=\"image\/png\" \/>\n<meta name=\"twitter:card\" content=\"summary_large_image\" \/>\n<meta name=\"twitter:label1\" content=\"Dur\u00e9e de lecture estim\u00e9e\" \/>\n\t<meta name=\"twitter:data1\" content=\"1 minute\" \/>\n<script type=\"application\/ld+json\" class=\"yoast-schema-graph\">{\"@context\":\"https:\/\/schema.org\",\"@graph\":[{\"@type\":\"WebPage\",\"@id\":\"https:\/\/uniest.it\/prodotto\/olio-setificante\/\",\"url\":\"https:\/\/uniest.it\/prodotto\/olio-setificante\/\",\"name\":\"Huile soyeuse - Uniest\",\"isPartOf\":{\"@id\":\"https:\/\/uniest.it\/#website\"},\"primaryImageOfPage\":{\"@id\":\"https:\/\/uniest.it\/prodotto\/olio-setificante\/#primaryimage\"},\"image\":{\"@id\":\"https:\/\/uniest.it\/prodotto\/olio-setificante\/#primaryimage\"},\"thumbnailUrl\":\"https:\/\/uniest.it\/wp-content\/uploads\/2021\/09\/036LGB.png\",\"datePublished\":\"2024-10-23T14:43:38+00:00\",\"dateModified\":\"2024-12-16T23:02:08+00:00\",\"breadcrumb\":{\"@id\":\"https:\/\/uniest.it\/prodotto\/olio-setificante\/#breadcrumb\"},\"inLanguage\":\"fr-FR\",\"potentialAction\":[{\"@type\":\"ReadAction\",\"target\":[\"https:\/\/uniest.it\/prodotto\/olio-setificante\/\"]}]},{\"@type\":\"ImageObject\",\"inLanguage\":\"fr-FR\",\"@id\":\"https:\/\/uniest.it\/prodotto\/olio-setificante\/#primaryimage\",\"url\":\"https:\/\/uniest.it\/wp-content\/uploads\/2021\/09\/036LGB.png\",\"contentUrl\":\"https:\/\/uniest.it\/wp-content\/uploads\/2021\/09\/036LGB.png\",\"width\":1283,\"height\":2000},{\"@type\":\"BreadcrumbList\",\"@id\":\"https:\/\/uniest.it\/prodotto\/olio-setificante\/#breadcrumb\",\"itemListElement\":[{\"@type\":\"ListItem\",\"position\":1,\"name\":\"Home\",\"item\":\"https:\/\/uniest.it\/fr\/\"},{\"@type\":\"ListItem\",\"position\":2,\"name\":\"Shop\",\"item\":\"https:\/\/uniest.it\/shop\/\"},{\"@type\":\"ListItem\",\"position\":3,\"name\":\"Huile soyeuse\"}]},{\"@type\":\"WebSite\",\"@id\":\"https:\/\/uniest.it\/#website\",\"url\":\"https:\/\/uniest.it\/\",\"name\":\"Uniest\",\"description\":\"Cosmetici Naturali e Bio\",\"potentialAction\":[{\"@type\":\"SearchAction\",\"target\":{\"@type\":\"EntryPoint\",\"urlTemplate\":\"https:\/\/uniest.it\/?s={search_term_string}\"},\"query-input\":{\"@type\":\"PropertyValueSpecification\",\"valueRequired\":true,\"valueName\":\"search_term_string\"}}],\"inLanguage\":\"fr-FR\"}]}<\/script>\n<!-- \/ Yoast SEO plugin. -->","yoast_head_json":{"title":"Huile soyeuse - Uniest","robots":{"index":"index","follow":"follow","max-snippet":"max-snippet:-1","max-image-preview":"max-image-preview:large","max-video-preview":"max-video-preview:-1"},"canonical":"https:\/\/uniest.it\/prodotto\/olio-setificante\/","og_locale":"fr_FR","og_type":"article","og_title":"Huile soyeuse - Uniest","og_description":"L&rsquo;Huile Soyeuse nourrit, lisse, prot\u00e8ge et hydrate la peau du visage et du corps, toujours soumise au stress physique et environnemental, la rendant douce et \u00e9lastique, sans \u00eatre grasse. Il est compos\u00e9 d&rsquo;un m\u00e9lange d&rsquo;huiles naturelles fines (Son de Riz, Germe de Bl\u00e9, Carotte, Soja, Jojoba, Amandes douces Bio*, Squalane V\u00e9g\u00e9tal) qui gr\u00e2ce \u00e0 leurs [&hellip;]","og_url":"https:\/\/uniest.it\/prodotto\/olio-setificante\/","og_site_name":"Uniest","article_modified_time":"2024-12-16T23:02:08+00:00","og_image":[{"width":1283,"height":2000,"url":"https:\/\/uniest.it\/wp-content\/uploads\/2021\/09\/036LGB.png","type":"image\/png"}],"twitter_card":"summary_large_image","twitter_misc":{"Dur\u00e9e de lecture estim\u00e9e":"1 minute"},"schema":{"@context":"https:\/\/schema.org","@graph":[{"@type":"WebPage","@id":"https:\/\/uniest.it\/prodotto\/olio-setificante\/","url":"https:\/\/uniest.it\/prodotto\/olio-setificante\/","name":"Huile soyeuse - Uniest","isPartOf":{"@id":"https:\/\/uniest.it\/#website"},"primaryImageOfPage":{"@id":"https:\/\/uniest.it\/prodotto\/olio-setificante\/#primaryimage"},"image":{"@id":"https:\/\/uniest.it\/prodotto\/olio-setificante\/#primaryimage"},"thumbnailUrl":"https:\/\/uniest.it\/wp-content\/uploads\/2021\/09\/036LGB.png","datePublished":"2024-10-23T14:43:38+00:00","dateModified":"2024-12-16T23:02:08+00:00","breadcrumb":{"@id":"https:\/\/uniest.it\/prodotto\/olio-setificante\/#breadcrumb"},"inLanguage":"fr-FR","potentialAction":[{"@type":"ReadAction","target":["https:\/\/uniest.it\/prodotto\/olio-setificante\/"]}]},{"@type":"ImageObject","inLanguage":"fr-FR","@id":"https:\/\/uniest.it\/prodotto\/olio-setificante\/#primaryimage","url":"https:\/\/uniest.it\/wp-content\/uploads\/2021\/09\/036LGB.png","contentUrl":"https:\/\/uniest.it\/wp-content\/uploads\/2021\/09\/036LGB.png","width":1283,"height":2000},{"@type":"BreadcrumbList","@id":"https:\/\/uniest.it\/prodotto\/olio-setificante\/#breadcrumb","itemListElement":[{"@type":"ListItem","position":1,"name":"Home","item":"https:\/\/uniest.it\/fr\/"},{"@type":"ListItem","position":2,"name":"Shop","item":"https:\/\/uniest.it\/shop\/"},{"@type":"ListItem","position":3,"name":"Huile soyeuse"}]},{"@type":"WebSite","@id":"https:\/\/uniest.it\/#website","url":"https:\/\/uniest.it\/","name":"Uniest","description":"Cosmetici Naturali e Bio","potentialAction":[{"@type":"SearchAction","target":{"@type":"EntryPoint","urlTemplate":"https:\/\/uniest.it\/?s={search_term_string}"},"query-input":{"@type":"PropertyValueSpecification","valueRequired":true,"valueName":"search_term_string"}}],"inLanguage":"fr-FR"}]}},"_links":{"self":[{"href":"https:\/\/uniest.it\/fr\/wp-json\/wp\/v2\/product\/5933","targetHints":{"allow":["GET"]}}],"collection":[{"href":"https:\/\/uniest.it\/fr\/wp-json\/wp\/v2\/product"}],"about":[{"href":"https:\/\/uniest.it\/fr\/wp-json\/wp\/v2\/types\/product"}],"wp:featuredmedia":[{"embeddable":true,"href":"https:\/\/uniest.it\/fr\/wp-json\/wp\/v2\/media\/5934"}],"wp:attachment":[{"href":"https:\/\/uniest.it\/fr\/wp-json\/wp\/v2\/media?parent=5933"}],"wp:term":[{"taxonomy":"product_brand","embeddable":true,"href":"https:\/\/uniest.it\/fr\/wp-json\/wp\/v2\/product_brand?post=5933"},{"taxonomy":"product_cat","embeddable":true,"href":"https:\/\/uniest.it\/fr\/wp-json\/wp\/v2\/product_cat?post=5933"},{"taxonomy":"product_tag","embeddable":true,"href":"https:\/\/uniest.it\/fr\/wp-json\/wp\/v2\/product_tag?post=5933"}],"curies":[{"name":"wp","href":"https:\/\/api.w.org\/{rel}","templated":true}]}}