{"id":5935,"date":"2021-09-17T08:48:07","date_gmt":"2024-10-23T14:43:39","guid":{"rendered":"https:\/\/uniest.it\/prodotto\/huile-de-tournesol-bio-mauve-althea-et-calendula\/"},"modified":"2024-10-23T16:30:58","modified_gmt":"2024-10-23T15:30:58","slug":"huile-de-tournesol-bio-mauve-althea-et-calendula","status":"publish","type":"product","link":"https:\/\/uniest.it\/fr\/prodotto\/huile-de-tournesol-bio-mauve-althea-et-calendula\/","title":{"rendered":"Huile de Tournesol BIO + Mauve, Alth\u00e9a et Calendula"},"content":{"rendered":"<p>Huile <em><u>Bio*<\/u><\/em> extr\u00eamement pure d&rsquo;<em>Helianthus Annuus<\/em> obtenue par pression \u00e0 froid des graines de l&rsquo;arbre. L&rsquo;huile de tournesol biologique est riche en acides gras insatur\u00e9s, en vitamine E, en acide linol\u00e9ique et en acide ol\u00e9ique capables d&rsquo;apporter \u00e0 la peau des substances pr\u00e9cieuses telles que les om\u00e9ga-3 et les om\u00e9ga-6. Gr\u00e2ce \u00e0 la vitamine E qu&rsquo;il contient, il a une action <u>antioxydante<\/u>, aide \u00e0 combattre les radicaux libres et \u00e0 pr\u00e9venir le vieillissement des cellules, gardant la peau hydrat\u00e9e, nourrie, lisse, \u00e9lastique et tonique. Notre laboratoire a constat\u00e9 que gr\u00e2ce \u00e0 l&rsquo;ajout judicieux du Complexe de Mauve, Alth\u00e9a et Calendula dans l&rsquo;Huile de Tournesol Bio*, elle s&rsquo;av\u00e8re \u00eatre une excellente huile pour r\u00e9aliser des massages \u00e9mollients, c&rsquo;est pourquoi elle peut \u00eatre utilis\u00e9e seule ou en synergie avec des huiles essentielles, pour accentuer ses propri\u00e9t\u00e9s. L&rsquo;acide linol\u00e9ique contenu dans l&rsquo;huile de tournesol, en plus d&rsquo;avoir de fortes propri\u00e9t\u00e9s antioxydantes, favorise le maintien de l&rsquo;\u00e9quilibre hydrolipidique. Il aide \u00e0 limiter la casse des cheveux et \u00e0 \u00e9liminer les pointes fourchues, en les r\u00e9parant et par cons\u00e9quent en les aidant \u00e0 pousser, en donnant une apparence plus saine, les cheveux seront doux, brillants et plus faciles \u00e0 coiffer. Gr\u00e2ce \u00e0 ses propri\u00e9t\u00e9s <u>apaisantes<\/u>, elle peut \u00e9galement \u00eatre utilis\u00e9e sur le cuir chevelu pour calmer les pellicules et les d\u00e9mangeaisons.<\/p>\n","protected":false},"excerpt":{"rendered":"<p>Huile Bio* extr\u00eamement pure d&rsquo;Helianthus Annuus obtenue par pression \u00e0 froid des graines de l&rsquo;arbre. L&rsquo;huile de tournesol biologique est riche en acides gras insatur\u00e9s, en vitamine E, en acide linol\u00e9ique et en acide ol\u00e9ique capables d&rsquo;apporter \u00e0 la peau des substances pr\u00e9cieuses telles que les om\u00e9ga-3 et les om\u00e9ga-6. Gr\u00e2ce \u00e0 la vitamine E [&hellip;]<\/p>\n","protected":false},"featured_media":5936,"template":"","meta":{"_acf_changed":false,"inline_featured_image":false},"product_brand":[],"product_cat":[1372,1383,1378],"product_tag":[],"class_list":{"0":"post-5935","1":"product","2":"type-product","3":"status-publish","4":"has-post-thumbnail","6":"product_skin-tutte-le-pelli","7":"product_lines-oli-pregiati-puri","8":"product_cat-corpo-fr","9":"product_cat-viso-fr","10":"product_cat-famiglia-e-pet-fr","11":"pa_size-100-fr","13":"first","14":"instock","15":"taxable","16":"shipping-taxable","17":"purchasable","18":"product-type-simple"},"acf":[],"yoast_head":"<!-- This site is optimized with the Yoast SEO plugin v24.6 - https:\/\/yoast.com\/wordpress\/plugins\/seo\/ -->\n<title>Huile de Tournesol BIO + Mauve, Alth\u00e9a et Calendula - Uniest<\/title>\n<meta name=\"robots\" content=\"index, follow, max-snippet:-1, max-image-preview:large, max-video-preview:-1\" \/>\n<link rel=\"canonical\" href=\"https:\/\/uniest.it\/prodotto\/olio-di-girasole-bio-malva-althea-e-calendula\/\" \/>\n<meta property=\"og:locale\" content=\"fr_FR\" \/>\n<meta property=\"og:type\" content=\"article\" \/>\n<meta property=\"og:title\" content=\"Huile de Tournesol BIO + Mauve, Alth\u00e9a et Calendula - Uniest\" \/>\n<meta property=\"og:description\" content=\"Huile Bio* extr\u00eamement pure d&rsquo;Helianthus Annuus obtenue par pression \u00e0 froid des graines de l&rsquo;arbre. L&rsquo;huile de tournesol biologique est riche en acides gras insatur\u00e9s, en vitamine E, en acide linol\u00e9ique et en acide ol\u00e9ique capables d&rsquo;apporter \u00e0 la peau des substances pr\u00e9cieuses telles que les om\u00e9ga-3 et les om\u00e9ga-6. Gr\u00e2ce \u00e0 la vitamine E [&hellip;]\" \/>\n<meta property=\"og:url\" content=\"https:\/\/uniest.it\/prodotto\/olio-di-girasole-bio-malva-althea-e-calendula\/\" \/>\n<meta property=\"og:site_name\" content=\"Uniest\" \/>\n<meta property=\"article:modified_time\" content=\"2024-10-23T15:30:58+00:00\" \/>\n<meta property=\"og:image\" content=\"https:\/\/uniest.it\/wp-content\/uploads\/2021\/09\/534AAM.png\" \/>\n\t<meta property=\"og:image:width\" content=\"1283\" \/>\n\t<meta property=\"og:image:height\" content=\"2000\" \/>\n\t<meta property=\"og:image:type\" content=\"image\/png\" \/>\n<meta name=\"twitter:card\" content=\"summary_large_image\" \/>\n<meta name=\"twitter:label1\" content=\"Dur\u00e9e de lecture estim\u00e9e\" \/>\n\t<meta name=\"twitter:data1\" content=\"1 minute\" \/>\n<script type=\"application\/ld+json\" class=\"yoast-schema-graph\">{\"@context\":\"https:\/\/schema.org\",\"@graph\":[{\"@type\":\"WebPage\",\"@id\":\"https:\/\/uniest.it\/prodotto\/olio-di-girasole-bio-malva-althea-e-calendula\/\",\"url\":\"https:\/\/uniest.it\/prodotto\/olio-di-girasole-bio-malva-althea-e-calendula\/\",\"name\":\"Huile de Tournesol BIO + Mauve, Alth\u00e9a et Calendula - Uniest\",\"isPartOf\":{\"@id\":\"https:\/\/uniest.it\/#website\"},\"primaryImageOfPage\":{\"@id\":\"https:\/\/uniest.it\/prodotto\/olio-di-girasole-bio-malva-althea-e-calendula\/#primaryimage\"},\"image\":{\"@id\":\"https:\/\/uniest.it\/prodotto\/olio-di-girasole-bio-malva-althea-e-calendula\/#primaryimage\"},\"thumbnailUrl\":\"https:\/\/uniest.it\/wp-content\/uploads\/2021\/09\/534AAM.png\",\"datePublished\":\"2024-10-23T14:43:39+00:00\",\"dateModified\":\"2024-10-23T15:30:58+00:00\",\"breadcrumb\":{\"@id\":\"https:\/\/uniest.it\/prodotto\/olio-di-girasole-bio-malva-althea-e-calendula\/#breadcrumb\"},\"inLanguage\":\"fr-FR\",\"potentialAction\":[{\"@type\":\"ReadAction\",\"target\":[\"https:\/\/uniest.it\/prodotto\/olio-di-girasole-bio-malva-althea-e-calendula\/\"]}]},{\"@type\":\"ImageObject\",\"inLanguage\":\"fr-FR\",\"@id\":\"https:\/\/uniest.it\/prodotto\/olio-di-girasole-bio-malva-althea-e-calendula\/#primaryimage\",\"url\":\"https:\/\/uniest.it\/wp-content\/uploads\/2021\/09\/534AAM.png\",\"contentUrl\":\"https:\/\/uniest.it\/wp-content\/uploads\/2021\/09\/534AAM.png\",\"width\":1283,\"height\":2000},{\"@type\":\"BreadcrumbList\",\"@id\":\"https:\/\/uniest.it\/prodotto\/olio-di-girasole-bio-malva-althea-e-calendula\/#breadcrumb\",\"itemListElement\":[{\"@type\":\"ListItem\",\"position\":1,\"name\":\"Home\",\"item\":\"https:\/\/uniest.it\/fr\/\"},{\"@type\":\"ListItem\",\"position\":2,\"name\":\"Shop\",\"item\":\"https:\/\/uniest.it\/shop\/\"},{\"@type\":\"ListItem\",\"position\":3,\"name\":\"Huile de Tournesol BIO + Mauve, Alth\u00e9a et Calendula\"}]},{\"@type\":\"WebSite\",\"@id\":\"https:\/\/uniest.it\/#website\",\"url\":\"https:\/\/uniest.it\/\",\"name\":\"Uniest\",\"description\":\"Cosmetici Naturali e Bio\",\"potentialAction\":[{\"@type\":\"SearchAction\",\"target\":{\"@type\":\"EntryPoint\",\"urlTemplate\":\"https:\/\/uniest.it\/?s={search_term_string}\"},\"query-input\":{\"@type\":\"PropertyValueSpecification\",\"valueRequired\":true,\"valueName\":\"search_term_string\"}}],\"inLanguage\":\"fr-FR\"}]}<\/script>\n<!-- \/ Yoast SEO plugin. -->","yoast_head_json":{"title":"Huile de Tournesol BIO + Mauve, Alth\u00e9a et Calendula - Uniest","robots":{"index":"index","follow":"follow","max-snippet":"max-snippet:-1","max-image-preview":"max-image-preview:large","max-video-preview":"max-video-preview:-1"},"canonical":"https:\/\/uniest.it\/prodotto\/olio-di-girasole-bio-malva-althea-e-calendula\/","og_locale":"fr_FR","og_type":"article","og_title":"Huile de Tournesol BIO + Mauve, Alth\u00e9a et Calendula - Uniest","og_description":"Huile Bio* extr\u00eamement pure d&rsquo;Helianthus Annuus obtenue par pression \u00e0 froid des graines de l&rsquo;arbre. L&rsquo;huile de tournesol biologique est riche en acides gras insatur\u00e9s, en vitamine E, en acide linol\u00e9ique et en acide ol\u00e9ique capables d&rsquo;apporter \u00e0 la peau des substances pr\u00e9cieuses telles que les om\u00e9ga-3 et les om\u00e9ga-6. Gr\u00e2ce \u00e0 la vitamine E [&hellip;]","og_url":"https:\/\/uniest.it\/prodotto\/olio-di-girasole-bio-malva-althea-e-calendula\/","og_site_name":"Uniest","article_modified_time":"2024-10-23T15:30:58+00:00","og_image":[{"width":1283,"height":2000,"url":"https:\/\/uniest.it\/wp-content\/uploads\/2021\/09\/534AAM.png","type":"image\/png"}],"twitter_card":"summary_large_image","twitter_misc":{"Dur\u00e9e de lecture estim\u00e9e":"1 minute"},"schema":{"@context":"https:\/\/schema.org","@graph":[{"@type":"WebPage","@id":"https:\/\/uniest.it\/prodotto\/olio-di-girasole-bio-malva-althea-e-calendula\/","url":"https:\/\/uniest.it\/prodotto\/olio-di-girasole-bio-malva-althea-e-calendula\/","name":"Huile de Tournesol BIO + Mauve, Alth\u00e9a et Calendula - Uniest","isPartOf":{"@id":"https:\/\/uniest.it\/#website"},"primaryImageOfPage":{"@id":"https:\/\/uniest.it\/prodotto\/olio-di-girasole-bio-malva-althea-e-calendula\/#primaryimage"},"image":{"@id":"https:\/\/uniest.it\/prodotto\/olio-di-girasole-bio-malva-althea-e-calendula\/#primaryimage"},"thumbnailUrl":"https:\/\/uniest.it\/wp-content\/uploads\/2021\/09\/534AAM.png","datePublished":"2024-10-23T14:43:39+00:00","dateModified":"2024-10-23T15:30:58+00:00","breadcrumb":{"@id":"https:\/\/uniest.it\/prodotto\/olio-di-girasole-bio-malva-althea-e-calendula\/#breadcrumb"},"inLanguage":"fr-FR","potentialAction":[{"@type":"ReadAction","target":["https:\/\/uniest.it\/prodotto\/olio-di-girasole-bio-malva-althea-e-calendula\/"]}]},{"@type":"ImageObject","inLanguage":"fr-FR","@id":"https:\/\/uniest.it\/prodotto\/olio-di-girasole-bio-malva-althea-e-calendula\/#primaryimage","url":"https:\/\/uniest.it\/wp-content\/uploads\/2021\/09\/534AAM.png","contentUrl":"https:\/\/uniest.it\/wp-content\/uploads\/2021\/09\/534AAM.png","width":1283,"height":2000},{"@type":"BreadcrumbList","@id":"https:\/\/uniest.it\/prodotto\/olio-di-girasole-bio-malva-althea-e-calendula\/#breadcrumb","itemListElement":[{"@type":"ListItem","position":1,"name":"Home","item":"https:\/\/uniest.it\/fr\/"},{"@type":"ListItem","position":2,"name":"Shop","item":"https:\/\/uniest.it\/shop\/"},{"@type":"ListItem","position":3,"name":"Huile de Tournesol BIO + Mauve, Alth\u00e9a et Calendula"}]},{"@type":"WebSite","@id":"https:\/\/uniest.it\/#website","url":"https:\/\/uniest.it\/","name":"Uniest","description":"Cosmetici Naturali e Bio","potentialAction":[{"@type":"SearchAction","target":{"@type":"EntryPoint","urlTemplate":"https:\/\/uniest.it\/?s={search_term_string}"},"query-input":{"@type":"PropertyValueSpecification","valueRequired":true,"valueName":"search_term_string"}}],"inLanguage":"fr-FR"}]}},"_links":{"self":[{"href":"https:\/\/uniest.it\/fr\/wp-json\/wp\/v2\/product\/5935","targetHints":{"allow":["GET"]}}],"collection":[{"href":"https:\/\/uniest.it\/fr\/wp-json\/wp\/v2\/product"}],"about":[{"href":"https:\/\/uniest.it\/fr\/wp-json\/wp\/v2\/types\/product"}],"wp:featuredmedia":[{"embeddable":true,"href":"https:\/\/uniest.it\/fr\/wp-json\/wp\/v2\/media\/5936"}],"wp:attachment":[{"href":"https:\/\/uniest.it\/fr\/wp-json\/wp\/v2\/media?parent=5935"}],"wp:term":[{"taxonomy":"product_brand","embeddable":true,"href":"https:\/\/uniest.it\/fr\/wp-json\/wp\/v2\/product_brand?post=5935"},{"taxonomy":"product_cat","embeddable":true,"href":"https:\/\/uniest.it\/fr\/wp-json\/wp\/v2\/product_cat?post=5935"},{"taxonomy":"product_tag","embeddable":true,"href":"https:\/\/uniest.it\/fr\/wp-json\/wp\/v2\/product_tag?post=5935"}],"curies":[{"name":"wp","href":"https:\/\/api.w.org\/{rel}","templated":true}]}}