{"id":5937,"date":"2021-10-14T07:40:01","date_gmt":"2024-10-23T14:43:39","guid":{"rendered":"https:\/\/uniest.it\/prodotto\/masque-hydratant-anti-age-100-cellulose\/"},"modified":"2024-10-23T16:30:58","modified_gmt":"2024-10-23T15:30:58","slug":"masque-hydratant-anti-age-100-cellulose","status":"publish","type":"product","link":"https:\/\/uniest.it\/fr\/prodotto\/masque-hydratant-anti-age-100-cellulose\/","title":{"rendered":"Masque hydratant anti-\u00e2ge 100% cellulose"},"content":{"rendered":"<p>Masque en tissu 100% cellulose, ne glisse pas et garantit une p\u00e9n\u00e9tration profonde du principe actif. Riche en acide hyaluronique, il hydrate et nourrit, att\u00e9nuant les rides et ridules d&rsquo;expression, neutralise les dommages cellulaires caus\u00e9s par les radicaux libres et prot\u00e8ge du vieillissement pr\u00e9matur\u00e9, en synergie avec l&rsquo;Octapeptide-3 \u00e0 effet lift. D\u00e8s la premi\u00e8re application la peau sera plus douce, plus soyeuse et plus lisse. Formulation cr\u00e9\u00e9e avec un peptide innovant et un extrait \u00e0 base d&rsquo;extrait de cresson du Br\u00e9sil (Spilanthes acmella), \u00e0 effet anti-\u00e2ge et liftant. Enrichi en huile de Macadamia, vitamine C, vitamine E \u00e0 effet antioxydant, alo\u00e8s bio hydratant* et extrait de mauve bio*, aux qualit\u00e9s apaisantes et nourrissantes. En synergie ils offrent \u00e0 la peau un moment de bien-\u00eatre. Conditionnement adapt\u00e9 \u00e0 deux utilisations !<\/p>\n","protected":false},"excerpt":{"rendered":"<p>Masque en tissu 100% cellulose, ne glisse pas et garantit une p\u00e9n\u00e9tration profonde du principe actif. Riche en acide hyaluronique, il hydrate et nourrit, att\u00e9nuant les rides et ridules d&rsquo;expression, neutralise les dommages cellulaires caus\u00e9s par les radicaux libres et prot\u00e8ge du vieillissement pr\u00e9matur\u00e9, en synergie avec l&rsquo;Octapeptide-3 \u00e0 effet lift. D\u00e8s la premi\u00e8re application [&hellip;]<\/p>\n","protected":false},"featured_media":5941,"template":"","meta":{"_acf_changed":false,"inline_featured_image":false},"product_brand":[],"product_cat":[1383],"product_tag":[],"class_list":{"0":"post-5937","1":"product","2":"type-product","3":"status-publish","4":"has-post-thumbnail","6":"product_beauty-antirughe","7":"product_beauty-idratare","8":"product_beauty-lenire","9":"product_beauty-nutrire-e-rigenerare","10":"product_beauty-rassodare-e-tonificare","11":"product_skin-pelli-giovani-e-prime-rughe","12":"product_skin-pelli-secche-e-normali","13":"product_skin-tutte-le-pelli","14":"product_kind-maschere-ed-esfolianti","15":"product_kind-trattamenti-speciali","16":"product_lines-pelli-normali-e-prime-rughe","17":"product_cat-viso-fr","18":"pa_size-15-fr","20":"first","21":"instock","22":"taxable","23":"shipping-taxable","24":"purchasable","25":"product-type-simple"},"acf":[],"yoast_head":"<!-- This site is optimized with the Yoast SEO plugin v24.6 - https:\/\/yoast.com\/wordpress\/plugins\/seo\/ -->\n<title>Masque hydratant anti-\u00e2ge 100% cellulose - Uniest<\/title>\n<meta name=\"robots\" content=\"index, follow, max-snippet:-1, max-image-preview:large, max-video-preview:-1\" \/>\n<link rel=\"canonical\" href=\"https:\/\/uniest.it\/prodotto\/maschera-antiage-100-cellulosa\/\" \/>\n<meta property=\"og:locale\" content=\"fr_FR\" \/>\n<meta property=\"og:type\" content=\"article\" \/>\n<meta property=\"og:title\" content=\"Masque hydratant anti-\u00e2ge 100% cellulose - Uniest\" \/>\n<meta property=\"og:description\" content=\"Masque en tissu 100% cellulose, ne glisse pas et garantit une p\u00e9n\u00e9tration profonde du principe actif. Riche en acide hyaluronique, il hydrate et nourrit, att\u00e9nuant les rides et ridules d&rsquo;expression, neutralise les dommages cellulaires caus\u00e9s par les radicaux libres et prot\u00e8ge du vieillissement pr\u00e9matur\u00e9, en synergie avec l&rsquo;Octapeptide-3 \u00e0 effet lift. D\u00e8s la premi\u00e8re application [&hellip;]\" \/>\n<meta property=\"og:url\" content=\"https:\/\/uniest.it\/prodotto\/maschera-antiage-100-cellulosa\/\" \/>\n<meta property=\"og:site_name\" content=\"Uniest\" \/>\n<meta property=\"article:modified_time\" content=\"2024-10-23T15:30:58+00:00\" \/>\n<meta property=\"og:image\" content=\"https:\/\/uniest.it\/wp-content\/uploads\/2021\/10\/maschera-tnt.jpg\" \/>\n\t<meta property=\"og:image:width\" content=\"395\" \/>\n\t<meta property=\"og:image:height\" content=\"261\" \/>\n\t<meta property=\"og:image:type\" content=\"image\/jpeg\" \/>\n<meta name=\"twitter:card\" content=\"summary_large_image\" \/>\n<meta name=\"twitter:label1\" content=\"Dur\u00e9e de lecture estim\u00e9e\" \/>\n\t<meta name=\"twitter:data1\" content=\"1 minute\" \/>\n<script type=\"application\/ld+json\" class=\"yoast-schema-graph\">{\"@context\":\"https:\/\/schema.org\",\"@graph\":[{\"@type\":\"WebPage\",\"@id\":\"https:\/\/uniest.it\/prodotto\/maschera-antiage-100-cellulosa\/\",\"url\":\"https:\/\/uniest.it\/prodotto\/maschera-antiage-100-cellulosa\/\",\"name\":\"Masque hydratant anti-\u00e2ge 100% cellulose - Uniest\",\"isPartOf\":{\"@id\":\"https:\/\/uniest.it\/#website\"},\"primaryImageOfPage\":{\"@id\":\"https:\/\/uniest.it\/prodotto\/maschera-antiage-100-cellulosa\/#primaryimage\"},\"image\":{\"@id\":\"https:\/\/uniest.it\/prodotto\/maschera-antiage-100-cellulosa\/#primaryimage\"},\"thumbnailUrl\":\"https:\/\/uniest.it\/wp-content\/uploads\/2021\/10\/maschera-tnt.jpg\",\"datePublished\":\"2024-10-23T14:43:39+00:00\",\"dateModified\":\"2024-10-23T15:30:58+00:00\",\"breadcrumb\":{\"@id\":\"https:\/\/uniest.it\/prodotto\/maschera-antiage-100-cellulosa\/#breadcrumb\"},\"inLanguage\":\"fr-FR\",\"potentialAction\":[{\"@type\":\"ReadAction\",\"target\":[\"https:\/\/uniest.it\/prodotto\/maschera-antiage-100-cellulosa\/\"]}]},{\"@type\":\"ImageObject\",\"inLanguage\":\"fr-FR\",\"@id\":\"https:\/\/uniest.it\/prodotto\/maschera-antiage-100-cellulosa\/#primaryimage\",\"url\":\"https:\/\/uniest.it\/wp-content\/uploads\/2021\/10\/maschera-tnt.jpg\",\"contentUrl\":\"https:\/\/uniest.it\/wp-content\/uploads\/2021\/10\/maschera-tnt.jpg\",\"width\":395,\"height\":261,\"caption\":\"052AAE\"},{\"@type\":\"BreadcrumbList\",\"@id\":\"https:\/\/uniest.it\/prodotto\/maschera-antiage-100-cellulosa\/#breadcrumb\",\"itemListElement\":[{\"@type\":\"ListItem\",\"position\":1,\"name\":\"Home\",\"item\":\"https:\/\/uniest.it\/fr\/\"},{\"@type\":\"ListItem\",\"position\":2,\"name\":\"Shop\",\"item\":\"https:\/\/uniest.it\/shop\/\"},{\"@type\":\"ListItem\",\"position\":3,\"name\":\"Masque hydratant anti-\u00e2ge 100% cellulose\"}]},{\"@type\":\"WebSite\",\"@id\":\"https:\/\/uniest.it\/#website\",\"url\":\"https:\/\/uniest.it\/\",\"name\":\"Uniest\",\"description\":\"Cosmetici Naturali e Bio\",\"potentialAction\":[{\"@type\":\"SearchAction\",\"target\":{\"@type\":\"EntryPoint\",\"urlTemplate\":\"https:\/\/uniest.it\/?s={search_term_string}\"},\"query-input\":{\"@type\":\"PropertyValueSpecification\",\"valueRequired\":true,\"valueName\":\"search_term_string\"}}],\"inLanguage\":\"fr-FR\"}]}<\/script>\n<!-- \/ Yoast SEO plugin. -->","yoast_head_json":{"title":"Masque hydratant anti-\u00e2ge 100% cellulose - Uniest","robots":{"index":"index","follow":"follow","max-snippet":"max-snippet:-1","max-image-preview":"max-image-preview:large","max-video-preview":"max-video-preview:-1"},"canonical":"https:\/\/uniest.it\/prodotto\/maschera-antiage-100-cellulosa\/","og_locale":"fr_FR","og_type":"article","og_title":"Masque hydratant anti-\u00e2ge 100% cellulose - Uniest","og_description":"Masque en tissu 100% cellulose, ne glisse pas et garantit une p\u00e9n\u00e9tration profonde du principe actif. Riche en acide hyaluronique, il hydrate et nourrit, att\u00e9nuant les rides et ridules d&rsquo;expression, neutralise les dommages cellulaires caus\u00e9s par les radicaux libres et prot\u00e8ge du vieillissement pr\u00e9matur\u00e9, en synergie avec l&rsquo;Octapeptide-3 \u00e0 effet lift. D\u00e8s la premi\u00e8re application [&hellip;]","og_url":"https:\/\/uniest.it\/prodotto\/maschera-antiage-100-cellulosa\/","og_site_name":"Uniest","article_modified_time":"2024-10-23T15:30:58+00:00","og_image":[{"width":395,"height":261,"url":"https:\/\/uniest.it\/wp-content\/uploads\/2021\/10\/maschera-tnt.jpg","type":"image\/jpeg"}],"twitter_card":"summary_large_image","twitter_misc":{"Dur\u00e9e de lecture estim\u00e9e":"1 minute"},"schema":{"@context":"https:\/\/schema.org","@graph":[{"@type":"WebPage","@id":"https:\/\/uniest.it\/prodotto\/maschera-antiage-100-cellulosa\/","url":"https:\/\/uniest.it\/prodotto\/maschera-antiage-100-cellulosa\/","name":"Masque hydratant anti-\u00e2ge 100% cellulose - Uniest","isPartOf":{"@id":"https:\/\/uniest.it\/#website"},"primaryImageOfPage":{"@id":"https:\/\/uniest.it\/prodotto\/maschera-antiage-100-cellulosa\/#primaryimage"},"image":{"@id":"https:\/\/uniest.it\/prodotto\/maschera-antiage-100-cellulosa\/#primaryimage"},"thumbnailUrl":"https:\/\/uniest.it\/wp-content\/uploads\/2021\/10\/maschera-tnt.jpg","datePublished":"2024-10-23T14:43:39+00:00","dateModified":"2024-10-23T15:30:58+00:00","breadcrumb":{"@id":"https:\/\/uniest.it\/prodotto\/maschera-antiage-100-cellulosa\/#breadcrumb"},"inLanguage":"fr-FR","potentialAction":[{"@type":"ReadAction","target":["https:\/\/uniest.it\/prodotto\/maschera-antiage-100-cellulosa\/"]}]},{"@type":"ImageObject","inLanguage":"fr-FR","@id":"https:\/\/uniest.it\/prodotto\/maschera-antiage-100-cellulosa\/#primaryimage","url":"https:\/\/uniest.it\/wp-content\/uploads\/2021\/10\/maschera-tnt.jpg","contentUrl":"https:\/\/uniest.it\/wp-content\/uploads\/2021\/10\/maschera-tnt.jpg","width":395,"height":261,"caption":"052AAE"},{"@type":"BreadcrumbList","@id":"https:\/\/uniest.it\/prodotto\/maschera-antiage-100-cellulosa\/#breadcrumb","itemListElement":[{"@type":"ListItem","position":1,"name":"Home","item":"https:\/\/uniest.it\/fr\/"},{"@type":"ListItem","position":2,"name":"Shop","item":"https:\/\/uniest.it\/shop\/"},{"@type":"ListItem","position":3,"name":"Masque hydratant anti-\u00e2ge 100% cellulose"}]},{"@type":"WebSite","@id":"https:\/\/uniest.it\/#website","url":"https:\/\/uniest.it\/","name":"Uniest","description":"Cosmetici Naturali e Bio","potentialAction":[{"@type":"SearchAction","target":{"@type":"EntryPoint","urlTemplate":"https:\/\/uniest.it\/?s={search_term_string}"},"query-input":{"@type":"PropertyValueSpecification","valueRequired":true,"valueName":"search_term_string"}}],"inLanguage":"fr-FR"}]}},"_links":{"self":[{"href":"https:\/\/uniest.it\/fr\/wp-json\/wp\/v2\/product\/5937","targetHints":{"allow":["GET"]}}],"collection":[{"href":"https:\/\/uniest.it\/fr\/wp-json\/wp\/v2\/product"}],"about":[{"href":"https:\/\/uniest.it\/fr\/wp-json\/wp\/v2\/types\/product"}],"wp:featuredmedia":[{"embeddable":true,"href":"https:\/\/uniest.it\/fr\/wp-json\/wp\/v2\/media\/5941"}],"wp:attachment":[{"href":"https:\/\/uniest.it\/fr\/wp-json\/wp\/v2\/media?parent=5937"}],"wp:term":[{"taxonomy":"product_brand","embeddable":true,"href":"https:\/\/uniest.it\/fr\/wp-json\/wp\/v2\/product_brand?post=5937"},{"taxonomy":"product_cat","embeddable":true,"href":"https:\/\/uniest.it\/fr\/wp-json\/wp\/v2\/product_cat?post=5937"},{"taxonomy":"product_tag","embeddable":true,"href":"https:\/\/uniest.it\/fr\/wp-json\/wp\/v2\/product_tag?post=5937"}],"curies":[{"name":"wp","href":"https:\/\/api.w.org\/{rel}","templated":true}]}}