{"id":5946,"date":"2021-11-25T11:34:04","date_gmt":"2024-10-23T14:43:41","guid":{"rendered":"https:\/\/uniest.it\/prodotto\/lait-corporel-jeunesse-6-en-1-aloes\/"},"modified":"2024-12-17T00:02:09","modified_gmt":"2024-12-16T23:02:09","slug":"lait-corporel-jeunesse-6-en-1-aloes","status":"publish","type":"product","link":"https:\/\/uniest.it\/fr\/prodotto\/lait-corporel-jeunesse-6-en-1-aloes\/","title":{"rendered":"Lait Corporel Jeunesse 6 en 1 Alo\u00e8s"},"content":{"rendered":"<p>Lait Corps Douceur Jeunesse sp\u00e9cialement con\u00e7u pour permettre une bonne nutrition et une bonne hydratation tout au long de la journ\u00e9e. Convient \u00e0 tous les \u00e2ges et \u00e0 tous les types de peau. L&rsquo;huile d&rsquo;olive extra vierge est consid\u00e9r\u00e9e comme un v\u00e9ritable \u00ab nutraceutique \u00bb, riche en vitamines A, E, F, B, l\u00e9cithine, sels min\u00e9raux et enzymes tandis que le vin rouge est riche en acides alphahydroxy, polyph\u00e9nols, sucres et lipides qui gr\u00e2ce \u00e0 ses multiples actions qu&rsquo;ils effectuent sur notre peau, il est consid\u00e9r\u00e9 comme un puissant alli\u00e9 de la beaut\u00e9. L&rsquo;huile d&rsquo;olive extra vierge DOP et le vin DOC proviennent tous deux du lac de Garde, reconnus pour leurs propri\u00e9t\u00e9s hypotensives, antioxydantes, \u00e9clairantes, anti-\u00e2ge et protectrices. Enrichi en jus de citron et en huile essentielle, riche en vitamine C et en beurre de karit\u00e9 biologique* pour renforcer ses effets nourrissants, hydratants et antirides. D\u00e9licatement parfum\u00e9 \u00e0 l&rsquo;essence de citron, gr\u00e2ce \u00e0 sa polyvalence naturelle, il convient aussi bien pour une utilisation apr\u00e8s le bain ou la douche qu&rsquo;\u00e0 toute autre occasion o\u00f9 l&rsquo;on souhaite avoir une peau lisse, douce et velout\u00e9e. *Produit issu de l&rsquo;agriculture biologique<\/p>\n","protected":false},"excerpt":{"rendered":"<p>Lait Corps Douceur Jeunesse sp\u00e9cialement con\u00e7u pour permettre une bonne nutrition et une bonne hydratation tout au long de la journ\u00e9e. Convient \u00e0 tous les \u00e2ges et \u00e0 tous les types de peau. L&rsquo;huile d&rsquo;olive extra vierge est consid\u00e9r\u00e9e comme un v\u00e9ritable \u00ab nutraceutique \u00bb, riche en vitamines A, E, F, B, l\u00e9cithine, sels min\u00e9raux [&hellip;]<\/p>\n","protected":false},"featured_media":5947,"template":"","meta":{"_acf_changed":false,"inline_featured_image":false},"product_brand":[],"product_cat":[1372,1374],"product_tag":[],"class_list":{"0":"post-5946","1":"product","2":"type-product","3":"status-publish","4":"has-post-thumbnail","6":"product_beauty-aromatizzare-e-profumare","7":"product_beauty-idratare","8":"product_beauty-lenire","9":"product_beauty-nutrire-e-rigenerare","10":"product_beauty-proteggere","11":"product_beauty-rassodare-e-tonificare","12":"product_skin-tutte-le-pelli","13":"product_kind-trattamenti-speciali","14":"product_kind-tutte-le-creme-corpo","15":"product_lines-garda-lake-beauty","16":"product_cat-corpo-fr","17":"product_cat-garda-lake-beauty-fr","18":"pa_size-150-fr","20":"first","21":"instock","22":"taxable","23":"shipping-taxable","24":"purchasable","25":"product-type-simple"},"acf":[],"yoast_head":"<!-- This site is optimized with the Yoast SEO plugin v24.6 - https:\/\/yoast.com\/wordpress\/plugins\/seo\/ -->\n<title>Lait Corporel Jeunesse 6 en 1 Alo\u00e8s - Uniest<\/title>\n<meta name=\"robots\" content=\"index, follow, max-snippet:-1, max-image-preview:large, max-video-preview:-1\" \/>\n<link rel=\"canonical\" href=\"https:\/\/uniest.it\/fr\/prodotto\/lait-corporel-jeunesse-6-en-1-aloes\/\" \/>\n<meta property=\"og:locale\" content=\"fr_FR\" \/>\n<meta property=\"og:type\" content=\"article\" \/>\n<meta property=\"og:title\" content=\"Lait Corporel Jeunesse 6 en 1 Alo\u00e8s - Uniest\" \/>\n<meta property=\"og:description\" content=\"Lait Corps Douceur Jeunesse sp\u00e9cialement con\u00e7u pour permettre une bonne nutrition et une bonne hydratation tout au long de la journ\u00e9e. Convient \u00e0 tous les \u00e2ges et \u00e0 tous les types de peau. L&rsquo;huile d&rsquo;olive extra vierge est consid\u00e9r\u00e9e comme un v\u00e9ritable \u00ab nutraceutique \u00bb, riche en vitamines A, E, F, B, l\u00e9cithine, sels min\u00e9raux [&hellip;]\" \/>\n<meta property=\"og:url\" content=\"https:\/\/uniest.it\/fr\/prodotto\/lait-corporel-jeunesse-6-en-1-aloes\/\" \/>\n<meta property=\"og:site_name\" content=\"Uniest\" \/>\n<meta property=\"article:modified_time\" content=\"2024-12-16T23:02:09+00:00\" \/>\n<meta property=\"og:image\" content=\"https:\/\/uniest.it\/wp-content\/uploads\/2021\/11\/035LGB.png\" \/>\n\t<meta property=\"og:image:width\" content=\"1283\" \/>\n\t<meta property=\"og:image:height\" content=\"2000\" \/>\n\t<meta property=\"og:image:type\" content=\"image\/png\" \/>\n<meta name=\"twitter:card\" content=\"summary_large_image\" \/>\n<meta name=\"twitter:label1\" content=\"Dur\u00e9e de lecture estim\u00e9e\" \/>\n\t<meta name=\"twitter:data1\" content=\"1 minute\" \/>\n<script type=\"application\/ld+json\" class=\"yoast-schema-graph\">{\"@context\":\"https:\/\/schema.org\",\"@graph\":[{\"@type\":\"WebPage\",\"@id\":\"https:\/\/uniest.it\/fr\/prodotto\/lait-corporel-jeunesse-6-en-1-aloes\/\",\"url\":\"https:\/\/uniest.it\/fr\/prodotto\/lait-corporel-jeunesse-6-en-1-aloes\/\",\"name\":\"Lait Corporel Jeunesse 6 en 1 Alo\u00e8s - Uniest\",\"isPartOf\":{\"@id\":\"https:\/\/uniest.it\/#website\"},\"primaryImageOfPage\":{\"@id\":\"https:\/\/uniest.it\/fr\/prodotto\/lait-corporel-jeunesse-6-en-1-aloes\/#primaryimage\"},\"image\":{\"@id\":\"https:\/\/uniest.it\/fr\/prodotto\/lait-corporel-jeunesse-6-en-1-aloes\/#primaryimage\"},\"thumbnailUrl\":\"https:\/\/uniest.it\/wp-content\/uploads\/2021\/11\/035LGB.png\",\"datePublished\":\"2024-10-23T14:43:41+00:00\",\"dateModified\":\"2024-12-16T23:02:09+00:00\",\"breadcrumb\":{\"@id\":\"https:\/\/uniest.it\/fr\/prodotto\/lait-corporel-jeunesse-6-en-1-aloes\/#breadcrumb\"},\"inLanguage\":\"fr-FR\",\"potentialAction\":[{\"@type\":\"ReadAction\",\"target\":[\"https:\/\/uniest.it\/fr\/prodotto\/lait-corporel-jeunesse-6-en-1-aloes\/\"]}]},{\"@type\":\"ImageObject\",\"inLanguage\":\"fr-FR\",\"@id\":\"https:\/\/uniest.it\/fr\/prodotto\/lait-corporel-jeunesse-6-en-1-aloes\/#primaryimage\",\"url\":\"https:\/\/uniest.it\/wp-content\/uploads\/2021\/11\/035LGB.png\",\"contentUrl\":\"https:\/\/uniest.it\/wp-content\/uploads\/2021\/11\/035LGB.png\",\"width\":1283,\"height\":2000},{\"@type\":\"BreadcrumbList\",\"@id\":\"https:\/\/uniest.it\/fr\/prodotto\/lait-corporel-jeunesse-6-en-1-aloes\/#breadcrumb\",\"itemListElement\":[{\"@type\":\"ListItem\",\"position\":1,\"name\":\"Home\",\"item\":\"https:\/\/uniest.it\/fr\/\"},{\"@type\":\"ListItem\",\"position\":2,\"name\":\"Shop\",\"item\":\"https:\/\/uniest.it\/shop\/\"},{\"@type\":\"ListItem\",\"position\":3,\"name\":\"Lait Corporel Jeunesse 6 en 1 Alo\u00e8s\"}]},{\"@type\":\"WebSite\",\"@id\":\"https:\/\/uniest.it\/#website\",\"url\":\"https:\/\/uniest.it\/\",\"name\":\"Uniest\",\"description\":\"Cosmetici Naturali e Bio\",\"potentialAction\":[{\"@type\":\"SearchAction\",\"target\":{\"@type\":\"EntryPoint\",\"urlTemplate\":\"https:\/\/uniest.it\/?s={search_term_string}\"},\"query-input\":{\"@type\":\"PropertyValueSpecification\",\"valueRequired\":true,\"valueName\":\"search_term_string\"}}],\"inLanguage\":\"fr-FR\"}]}<\/script>\n<!-- \/ Yoast SEO plugin. -->","yoast_head_json":{"title":"Lait Corporel Jeunesse 6 en 1 Alo\u00e8s - Uniest","robots":{"index":"index","follow":"follow","max-snippet":"max-snippet:-1","max-image-preview":"max-image-preview:large","max-video-preview":"max-video-preview:-1"},"canonical":"https:\/\/uniest.it\/fr\/prodotto\/lait-corporel-jeunesse-6-en-1-aloes\/","og_locale":"fr_FR","og_type":"article","og_title":"Lait Corporel Jeunesse 6 en 1 Alo\u00e8s - Uniest","og_description":"Lait Corps Douceur Jeunesse sp\u00e9cialement con\u00e7u pour permettre une bonne nutrition et une bonne hydratation tout au long de la journ\u00e9e. Convient \u00e0 tous les \u00e2ges et \u00e0 tous les types de peau. L&rsquo;huile d&rsquo;olive extra vierge est consid\u00e9r\u00e9e comme un v\u00e9ritable \u00ab nutraceutique \u00bb, riche en vitamines A, E, F, B, l\u00e9cithine, sels min\u00e9raux [&hellip;]","og_url":"https:\/\/uniest.it\/fr\/prodotto\/lait-corporel-jeunesse-6-en-1-aloes\/","og_site_name":"Uniest","article_modified_time":"2024-12-16T23:02:09+00:00","og_image":[{"width":1283,"height":2000,"url":"https:\/\/uniest.it\/wp-content\/uploads\/2021\/11\/035LGB.png","type":"image\/png"}],"twitter_card":"summary_large_image","twitter_misc":{"Dur\u00e9e de lecture estim\u00e9e":"1 minute"},"schema":{"@context":"https:\/\/schema.org","@graph":[{"@type":"WebPage","@id":"https:\/\/uniest.it\/fr\/prodotto\/lait-corporel-jeunesse-6-en-1-aloes\/","url":"https:\/\/uniest.it\/fr\/prodotto\/lait-corporel-jeunesse-6-en-1-aloes\/","name":"Lait Corporel Jeunesse 6 en 1 Alo\u00e8s - Uniest","isPartOf":{"@id":"https:\/\/uniest.it\/#website"},"primaryImageOfPage":{"@id":"https:\/\/uniest.it\/fr\/prodotto\/lait-corporel-jeunesse-6-en-1-aloes\/#primaryimage"},"image":{"@id":"https:\/\/uniest.it\/fr\/prodotto\/lait-corporel-jeunesse-6-en-1-aloes\/#primaryimage"},"thumbnailUrl":"https:\/\/uniest.it\/wp-content\/uploads\/2021\/11\/035LGB.png","datePublished":"2024-10-23T14:43:41+00:00","dateModified":"2024-12-16T23:02:09+00:00","breadcrumb":{"@id":"https:\/\/uniest.it\/fr\/prodotto\/lait-corporel-jeunesse-6-en-1-aloes\/#breadcrumb"},"inLanguage":"fr-FR","potentialAction":[{"@type":"ReadAction","target":["https:\/\/uniest.it\/fr\/prodotto\/lait-corporel-jeunesse-6-en-1-aloes\/"]}]},{"@type":"ImageObject","inLanguage":"fr-FR","@id":"https:\/\/uniest.it\/fr\/prodotto\/lait-corporel-jeunesse-6-en-1-aloes\/#primaryimage","url":"https:\/\/uniest.it\/wp-content\/uploads\/2021\/11\/035LGB.png","contentUrl":"https:\/\/uniest.it\/wp-content\/uploads\/2021\/11\/035LGB.png","width":1283,"height":2000},{"@type":"BreadcrumbList","@id":"https:\/\/uniest.it\/fr\/prodotto\/lait-corporel-jeunesse-6-en-1-aloes\/#breadcrumb","itemListElement":[{"@type":"ListItem","position":1,"name":"Home","item":"https:\/\/uniest.it\/fr\/"},{"@type":"ListItem","position":2,"name":"Shop","item":"https:\/\/uniest.it\/shop\/"},{"@type":"ListItem","position":3,"name":"Lait Corporel Jeunesse 6 en 1 Alo\u00e8s"}]},{"@type":"WebSite","@id":"https:\/\/uniest.it\/#website","url":"https:\/\/uniest.it\/","name":"Uniest","description":"Cosmetici Naturali e Bio","potentialAction":[{"@type":"SearchAction","target":{"@type":"EntryPoint","urlTemplate":"https:\/\/uniest.it\/?s={search_term_string}"},"query-input":{"@type":"PropertyValueSpecification","valueRequired":true,"valueName":"search_term_string"}}],"inLanguage":"fr-FR"}]}},"_links":{"self":[{"href":"https:\/\/uniest.it\/fr\/wp-json\/wp\/v2\/product\/5946","targetHints":{"allow":["GET"]}}],"collection":[{"href":"https:\/\/uniest.it\/fr\/wp-json\/wp\/v2\/product"}],"about":[{"href":"https:\/\/uniest.it\/fr\/wp-json\/wp\/v2\/types\/product"}],"wp:featuredmedia":[{"embeddable":true,"href":"https:\/\/uniest.it\/fr\/wp-json\/wp\/v2\/media\/5947"}],"wp:attachment":[{"href":"https:\/\/uniest.it\/fr\/wp-json\/wp\/v2\/media?parent=5946"}],"wp:term":[{"taxonomy":"product_brand","embeddable":true,"href":"https:\/\/uniest.it\/fr\/wp-json\/wp\/v2\/product_brand?post=5946"},{"taxonomy":"product_cat","embeddable":true,"href":"https:\/\/uniest.it\/fr\/wp-json\/wp\/v2\/product_cat?post=5946"},{"taxonomy":"product_tag","embeddable":true,"href":"https:\/\/uniest.it\/fr\/wp-json\/wp\/v2\/product_tag?post=5946"}],"curies":[{"name":"wp","href":"https:\/\/api.w.org\/{rel}","templated":true}]}}