{"id":5948,"date":"2021-12-10T12:46:53","date_gmt":"2024-10-23T14:43:42","guid":{"rendered":"https:\/\/uniest.it\/prodotto\/barre-de-savon-a-lhuile-de-chanvre\/"},"modified":"2024-10-23T16:31:01","modified_gmt":"2024-10-23T15:31:01","slug":"barre-de-savon-a-lhuile-de-chanvre","status":"publish","type":"product","link":"https:\/\/uniest.it\/fr\/prodotto\/barre-de-savon-a-lhuile-de-chanvre\/","title":{"rendered":"Barre de savon \u00e0 l\u2019huile de chanvre"},"content":{"rendered":"<p>Savon 100% v\u00e9g\u00e9tal \u00e0 l&rsquo;huile de chanvre : huile de coco pure, fabriqu\u00e9e selon la m\u00e9thode classique de m\u00e9lange \u00e0 froid. Sans graisses animales, conservateurs et allerg\u00e8nes. Enrichi en huile de chanvre saponifi\u00e9e qui apporte, en plus des propri\u00e9t\u00e9s nettoyantes du savon, \u00e9galement des propri\u00e9t\u00e9s nourrissantes et \u00e9mollientes.<\/p>\n","protected":false},"excerpt":{"rendered":"<p>Savon 100% v\u00e9g\u00e9tal \u00e0 l&rsquo;huile de chanvre : huile de coco pure, fabriqu\u00e9e selon la m\u00e9thode classique de m\u00e9lange \u00e0 froid. Sans graisses animales, conservateurs et allerg\u00e8nes. Enrichi en huile de chanvre saponifi\u00e9e qui apporte, en plus des propri\u00e9t\u00e9s nettoyantes du savon, \u00e9galement des propri\u00e9t\u00e9s nourrissantes et \u00e9mollientes.<\/p>\n","protected":false},"featured_media":5951,"template":"","meta":{"_acf_changed":false,"inline_featured_image":false},"product_brand":[],"product_cat":[1372,1383,1392],"product_tag":[],"class_list":{"0":"post-5948","1":"product","2":"type-product","3":"status-publish","4":"has-post-thumbnail","6":"product_skin-tutte-le-pelli","7":"product_cat-corpo-fr","8":"product_cat-viso-fr","9":"product_cat-mani-e-piedi-fr","10":"pa_size-100-gr-fr","12":"first","13":"instock","14":"taxable","15":"shipping-taxable","16":"purchasable","17":"product-type-simple"},"acf":[],"yoast_head":"<!-- This site is optimized with the Yoast SEO plugin v24.6 - https:\/\/yoast.com\/wordpress\/plugins\/seo\/ -->\n<title>Barre de savon \u00e0 l\u2019huile de chanvre - Uniest<\/title>\n<meta name=\"robots\" content=\"index, follow, max-snippet:-1, max-image-preview:large, max-video-preview:-1\" \/>\n<link rel=\"canonical\" href=\"https:\/\/uniest.it\/prodotto\/saponetta-allolio-di-canapa\/\" \/>\n<meta property=\"og:locale\" content=\"fr_FR\" \/>\n<meta property=\"og:type\" content=\"article\" \/>\n<meta property=\"og:title\" content=\"Barre de savon \u00e0 l\u2019huile de chanvre - Uniest\" \/>\n<meta property=\"og:description\" content=\"Savon 100% v\u00e9g\u00e9tal \u00e0 l&rsquo;huile de chanvre : huile de coco pure, fabriqu\u00e9e selon la m\u00e9thode classique de m\u00e9lange \u00e0 froid. Sans graisses animales, conservateurs et allerg\u00e8nes. Enrichi en huile de chanvre saponifi\u00e9e qui apporte, en plus des propri\u00e9t\u00e9s nettoyantes du savon, \u00e9galement des propri\u00e9t\u00e9s nourrissantes et \u00e9mollientes.\" \/>\n<meta property=\"og:url\" content=\"https:\/\/uniest.it\/prodotto\/saponetta-allolio-di-canapa\/\" \/>\n<meta property=\"og:site_name\" content=\"Uniest\" \/>\n<meta property=\"article:modified_time\" content=\"2024-10-23T15:31:01+00:00\" \/>\n<meta property=\"og:image\" content=\"https:\/\/uniest.it\/wp-content\/uploads\/2021\/12\/Progetto-senza-titolo-2.png\" \/>\n\t<meta property=\"og:image:width\" content=\"1414\" \/>\n\t<meta property=\"og:image:height\" content=\"2000\" \/>\n\t<meta property=\"og:image:type\" content=\"image\/png\" \/>\n<meta name=\"twitter:card\" content=\"summary_large_image\" \/>\n<script type=\"application\/ld+json\" class=\"yoast-schema-graph\">{\"@context\":\"https:\/\/schema.org\",\"@graph\":[{\"@type\":\"WebPage\",\"@id\":\"https:\/\/uniest.it\/prodotto\/saponetta-allolio-di-canapa\/\",\"url\":\"https:\/\/uniest.it\/prodotto\/saponetta-allolio-di-canapa\/\",\"name\":\"Barre de savon \u00e0 l\u2019huile de chanvre - Uniest\",\"isPartOf\":{\"@id\":\"https:\/\/uniest.it\/#website\"},\"primaryImageOfPage\":{\"@id\":\"https:\/\/uniest.it\/prodotto\/saponetta-allolio-di-canapa\/#primaryimage\"},\"image\":{\"@id\":\"https:\/\/uniest.it\/prodotto\/saponetta-allolio-di-canapa\/#primaryimage\"},\"thumbnailUrl\":\"https:\/\/uniest.it\/wp-content\/uploads\/2021\/12\/Progetto-senza-titolo-2.png\",\"datePublished\":\"2024-10-23T14:43:42+00:00\",\"dateModified\":\"2024-10-23T15:31:01+00:00\",\"breadcrumb\":{\"@id\":\"https:\/\/uniest.it\/prodotto\/saponetta-allolio-di-canapa\/#breadcrumb\"},\"inLanguage\":\"fr-FR\",\"potentialAction\":[{\"@type\":\"ReadAction\",\"target\":[\"https:\/\/uniest.it\/prodotto\/saponetta-allolio-di-canapa\/\"]}]},{\"@type\":\"ImageObject\",\"inLanguage\":\"fr-FR\",\"@id\":\"https:\/\/uniest.it\/prodotto\/saponetta-allolio-di-canapa\/#primaryimage\",\"url\":\"https:\/\/uniest.it\/wp-content\/uploads\/2021\/12\/Progetto-senza-titolo-2.png\",\"contentUrl\":\"https:\/\/uniest.it\/wp-content\/uploads\/2021\/12\/Progetto-senza-titolo-2.png\",\"width\":1414,\"height\":2000,\"caption\":\"021ZSA\"},{\"@type\":\"BreadcrumbList\",\"@id\":\"https:\/\/uniest.it\/prodotto\/saponetta-allolio-di-canapa\/#breadcrumb\",\"itemListElement\":[{\"@type\":\"ListItem\",\"position\":1,\"name\":\"Home\",\"item\":\"https:\/\/uniest.it\/fr\/\"},{\"@type\":\"ListItem\",\"position\":2,\"name\":\"Shop\",\"item\":\"https:\/\/uniest.it\/shop\/\"},{\"@type\":\"ListItem\",\"position\":3,\"name\":\"Barre de savon \u00e0 l\u2019huile de chanvre\"}]},{\"@type\":\"WebSite\",\"@id\":\"https:\/\/uniest.it\/#website\",\"url\":\"https:\/\/uniest.it\/\",\"name\":\"Uniest\",\"description\":\"Cosmetici Naturali e Bio\",\"potentialAction\":[{\"@type\":\"SearchAction\",\"target\":{\"@type\":\"EntryPoint\",\"urlTemplate\":\"https:\/\/uniest.it\/?s={search_term_string}\"},\"query-input\":{\"@type\":\"PropertyValueSpecification\",\"valueRequired\":true,\"valueName\":\"search_term_string\"}}],\"inLanguage\":\"fr-FR\"}]}<\/script>\n<!-- \/ Yoast SEO plugin. -->","yoast_head_json":{"title":"Barre de savon \u00e0 l\u2019huile de chanvre - Uniest","robots":{"index":"index","follow":"follow","max-snippet":"max-snippet:-1","max-image-preview":"max-image-preview:large","max-video-preview":"max-video-preview:-1"},"canonical":"https:\/\/uniest.it\/prodotto\/saponetta-allolio-di-canapa\/","og_locale":"fr_FR","og_type":"article","og_title":"Barre de savon \u00e0 l\u2019huile de chanvre - Uniest","og_description":"Savon 100% v\u00e9g\u00e9tal \u00e0 l&rsquo;huile de chanvre : huile de coco pure, fabriqu\u00e9e selon la m\u00e9thode classique de m\u00e9lange \u00e0 froid. Sans graisses animales, conservateurs et allerg\u00e8nes. Enrichi en huile de chanvre saponifi\u00e9e qui apporte, en plus des propri\u00e9t\u00e9s nettoyantes du savon, \u00e9galement des propri\u00e9t\u00e9s nourrissantes et \u00e9mollientes.","og_url":"https:\/\/uniest.it\/prodotto\/saponetta-allolio-di-canapa\/","og_site_name":"Uniest","article_modified_time":"2024-10-23T15:31:01+00:00","og_image":[{"width":1414,"height":2000,"url":"https:\/\/uniest.it\/wp-content\/uploads\/2021\/12\/Progetto-senza-titolo-2.png","type":"image\/png"}],"twitter_card":"summary_large_image","schema":{"@context":"https:\/\/schema.org","@graph":[{"@type":"WebPage","@id":"https:\/\/uniest.it\/prodotto\/saponetta-allolio-di-canapa\/","url":"https:\/\/uniest.it\/prodotto\/saponetta-allolio-di-canapa\/","name":"Barre de savon \u00e0 l\u2019huile de chanvre - Uniest","isPartOf":{"@id":"https:\/\/uniest.it\/#website"},"primaryImageOfPage":{"@id":"https:\/\/uniest.it\/prodotto\/saponetta-allolio-di-canapa\/#primaryimage"},"image":{"@id":"https:\/\/uniest.it\/prodotto\/saponetta-allolio-di-canapa\/#primaryimage"},"thumbnailUrl":"https:\/\/uniest.it\/wp-content\/uploads\/2021\/12\/Progetto-senza-titolo-2.png","datePublished":"2024-10-23T14:43:42+00:00","dateModified":"2024-10-23T15:31:01+00:00","breadcrumb":{"@id":"https:\/\/uniest.it\/prodotto\/saponetta-allolio-di-canapa\/#breadcrumb"},"inLanguage":"fr-FR","potentialAction":[{"@type":"ReadAction","target":["https:\/\/uniest.it\/prodotto\/saponetta-allolio-di-canapa\/"]}]},{"@type":"ImageObject","inLanguage":"fr-FR","@id":"https:\/\/uniest.it\/prodotto\/saponetta-allolio-di-canapa\/#primaryimage","url":"https:\/\/uniest.it\/wp-content\/uploads\/2021\/12\/Progetto-senza-titolo-2.png","contentUrl":"https:\/\/uniest.it\/wp-content\/uploads\/2021\/12\/Progetto-senza-titolo-2.png","width":1414,"height":2000,"caption":"021ZSA"},{"@type":"BreadcrumbList","@id":"https:\/\/uniest.it\/prodotto\/saponetta-allolio-di-canapa\/#breadcrumb","itemListElement":[{"@type":"ListItem","position":1,"name":"Home","item":"https:\/\/uniest.it\/fr\/"},{"@type":"ListItem","position":2,"name":"Shop","item":"https:\/\/uniest.it\/shop\/"},{"@type":"ListItem","position":3,"name":"Barre de savon \u00e0 l\u2019huile de chanvre"}]},{"@type":"WebSite","@id":"https:\/\/uniest.it\/#website","url":"https:\/\/uniest.it\/","name":"Uniest","description":"Cosmetici Naturali e Bio","potentialAction":[{"@type":"SearchAction","target":{"@type":"EntryPoint","urlTemplate":"https:\/\/uniest.it\/?s={search_term_string}"},"query-input":{"@type":"PropertyValueSpecification","valueRequired":true,"valueName":"search_term_string"}}],"inLanguage":"fr-FR"}]}},"_links":{"self":[{"href":"https:\/\/uniest.it\/fr\/wp-json\/wp\/v2\/product\/5948","targetHints":{"allow":["GET"]}}],"collection":[{"href":"https:\/\/uniest.it\/fr\/wp-json\/wp\/v2\/product"}],"about":[{"href":"https:\/\/uniest.it\/fr\/wp-json\/wp\/v2\/types\/product"}],"wp:featuredmedia":[{"embeddable":true,"href":"https:\/\/uniest.it\/fr\/wp-json\/wp\/v2\/media\/5951"}],"wp:attachment":[{"href":"https:\/\/uniest.it\/fr\/wp-json\/wp\/v2\/media?parent=5948"}],"wp:term":[{"taxonomy":"product_brand","embeddable":true,"href":"https:\/\/uniest.it\/fr\/wp-json\/wp\/v2\/product_brand?post=5948"},{"taxonomy":"product_cat","embeddable":true,"href":"https:\/\/uniest.it\/fr\/wp-json\/wp\/v2\/product_cat?post=5948"},{"taxonomy":"product_tag","embeddable":true,"href":"https:\/\/uniest.it\/fr\/wp-json\/wp\/v2\/product_tag?post=5948"}],"curies":[{"name":"wp","href":"https:\/\/api.w.org\/{rel}","templated":true}]}}