{"id":5952,"date":"2021-12-10T13:00:36","date_gmt":"2024-10-23T14:43:42","guid":{"rendered":"https:\/\/uniest.it\/prodotto\/barre-de-savon-a-leau-thermale\/"},"modified":"2024-10-23T16:31:02","modified_gmt":"2024-10-23T15:31:02","slug":"barre-de-savon-a-leau-thermale","status":"publish","type":"product","link":"https:\/\/uniest.it\/fr\/prodotto\/barre-de-savon-a-leau-thermale\/","title":{"rendered":"Barre de savon \u00e0 l&rsquo;eau thermale"},"content":{"rendered":"<p>Savon 100% v\u00e9g\u00e9tal \u00e0 l&rsquo;Eau Thermale : huile de coco pure, \u00e9labor\u00e9e selon la m\u00e9thode classique de m\u00e9lange \u00e0 froid. Sans graisses animales, conservateurs et allerg\u00e8nes. Enrichi en Eau Thermale qui apporte, en plus des propri\u00e9t\u00e9s nettoyantes du savon, des propri\u00e9t\u00e9s purifiantes et rafra\u00eechissantes pour la peau.<\/p>\n","protected":false},"excerpt":{"rendered":"<p>Savon 100% v\u00e9g\u00e9tal \u00e0 l&rsquo;Eau Thermale : huile de coco pure, \u00e9labor\u00e9e selon la m\u00e9thode classique de m\u00e9lange \u00e0 froid. Sans graisses animales, conservateurs et allerg\u00e8nes. Enrichi en Eau Thermale qui apporte, en plus des propri\u00e9t\u00e9s nettoyantes du savon, des propri\u00e9t\u00e9s purifiantes et rafra\u00eechissantes pour la peau.<\/p>\n","protected":false},"featured_media":5956,"template":"","meta":{"_acf_changed":false,"inline_featured_image":false},"product_brand":[],"product_cat":[1372,1383,1392],"product_tag":[],"class_list":{"0":"post-5952","1":"product","2":"type-product","3":"status-publish","4":"has-post-thumbnail","6":"product_skin-tutte-le-pelli","7":"product_cat-corpo-fr","8":"product_cat-viso-fr","9":"product_cat-mani-e-piedi-fr","10":"pa_size-100-gr-fr","12":"first","13":"instock","14":"taxable","15":"shipping-taxable","16":"purchasable","17":"product-type-simple"},"acf":[],"yoast_head":"<!-- This site is optimized with the Yoast SEO plugin v24.6 - https:\/\/yoast.com\/wordpress\/plugins\/seo\/ -->\n<title>Barre de savon \u00e0 l&#039;eau thermale - Uniest<\/title>\n<meta name=\"robots\" content=\"index, follow, max-snippet:-1, max-image-preview:large, max-video-preview:-1\" \/>\n<link rel=\"canonical\" href=\"https:\/\/uniest.it\/prodotto\/saponetta-allacqua-termale\/\" \/>\n<meta property=\"og:locale\" content=\"fr_FR\" \/>\n<meta property=\"og:type\" content=\"article\" \/>\n<meta property=\"og:title\" content=\"Barre de savon \u00e0 l&#039;eau thermale - Uniest\" \/>\n<meta property=\"og:description\" content=\"Savon 100% v\u00e9g\u00e9tal \u00e0 l&rsquo;Eau Thermale : huile de coco pure, \u00e9labor\u00e9e selon la m\u00e9thode classique de m\u00e9lange \u00e0 froid. Sans graisses animales, conservateurs et allerg\u00e8nes. Enrichi en Eau Thermale qui apporte, en plus des propri\u00e9t\u00e9s nettoyantes du savon, des propri\u00e9t\u00e9s purifiantes et rafra\u00eechissantes pour la peau.\" \/>\n<meta property=\"og:url\" content=\"https:\/\/uniest.it\/prodotto\/saponetta-allacqua-termale\/\" \/>\n<meta property=\"og:site_name\" content=\"Uniest\" \/>\n<meta property=\"article:modified_time\" content=\"2024-10-23T15:31:02+00:00\" \/>\n<meta property=\"og:image\" content=\"https:\/\/uniest.it\/wp-content\/uploads\/2021\/12\/Progetto-senza-titolo-1-1.png\" \/>\n\t<meta property=\"og:image:width\" content=\"1414\" \/>\n\t<meta property=\"og:image:height\" content=\"2000\" \/>\n\t<meta property=\"og:image:type\" content=\"image\/png\" \/>\n<meta name=\"twitter:card\" content=\"summary_large_image\" \/>\n<script type=\"application\/ld+json\" class=\"yoast-schema-graph\">{\"@context\":\"https:\/\/schema.org\",\"@graph\":[{\"@type\":\"WebPage\",\"@id\":\"https:\/\/uniest.it\/prodotto\/saponetta-allacqua-termale\/\",\"url\":\"https:\/\/uniest.it\/prodotto\/saponetta-allacqua-termale\/\",\"name\":\"Barre de savon \u00e0 l'eau thermale - Uniest\",\"isPartOf\":{\"@id\":\"https:\/\/uniest.it\/#website\"},\"primaryImageOfPage\":{\"@id\":\"https:\/\/uniest.it\/prodotto\/saponetta-allacqua-termale\/#primaryimage\"},\"image\":{\"@id\":\"https:\/\/uniest.it\/prodotto\/saponetta-allacqua-termale\/#primaryimage\"},\"thumbnailUrl\":\"https:\/\/uniest.it\/wp-content\/uploads\/2021\/12\/Progetto-senza-titolo-1-1.png\",\"datePublished\":\"2024-10-23T14:43:42+00:00\",\"dateModified\":\"2024-10-23T15:31:02+00:00\",\"breadcrumb\":{\"@id\":\"https:\/\/uniest.it\/prodotto\/saponetta-allacqua-termale\/#breadcrumb\"},\"inLanguage\":\"fr-FR\",\"potentialAction\":[{\"@type\":\"ReadAction\",\"target\":[\"https:\/\/uniest.it\/prodotto\/saponetta-allacqua-termale\/\"]}]},{\"@type\":\"ImageObject\",\"inLanguage\":\"fr-FR\",\"@id\":\"https:\/\/uniest.it\/prodotto\/saponetta-allacqua-termale\/#primaryimage\",\"url\":\"https:\/\/uniest.it\/wp-content\/uploads\/2021\/12\/Progetto-senza-titolo-1-1.png\",\"contentUrl\":\"https:\/\/uniest.it\/wp-content\/uploads\/2021\/12\/Progetto-senza-titolo-1-1.png\",\"width\":1414,\"height\":2000,\"caption\":\"020ZSA\"},{\"@type\":\"BreadcrumbList\",\"@id\":\"https:\/\/uniest.it\/prodotto\/saponetta-allacqua-termale\/#breadcrumb\",\"itemListElement\":[{\"@type\":\"ListItem\",\"position\":1,\"name\":\"Home\",\"item\":\"https:\/\/uniest.it\/fr\/\"},{\"@type\":\"ListItem\",\"position\":2,\"name\":\"Shop\",\"item\":\"https:\/\/uniest.it\/shop\/\"},{\"@type\":\"ListItem\",\"position\":3,\"name\":\"Barre de savon \u00e0 l&#8217;eau thermale\"}]},{\"@type\":\"WebSite\",\"@id\":\"https:\/\/uniest.it\/#website\",\"url\":\"https:\/\/uniest.it\/\",\"name\":\"Uniest\",\"description\":\"Cosmetici Naturali e Bio\",\"potentialAction\":[{\"@type\":\"SearchAction\",\"target\":{\"@type\":\"EntryPoint\",\"urlTemplate\":\"https:\/\/uniest.it\/?s={search_term_string}\"},\"query-input\":{\"@type\":\"PropertyValueSpecification\",\"valueRequired\":true,\"valueName\":\"search_term_string\"}}],\"inLanguage\":\"fr-FR\"}]}<\/script>\n<!-- \/ Yoast SEO plugin. -->","yoast_head_json":{"title":"Barre de savon \u00e0 l'eau thermale - Uniest","robots":{"index":"index","follow":"follow","max-snippet":"max-snippet:-1","max-image-preview":"max-image-preview:large","max-video-preview":"max-video-preview:-1"},"canonical":"https:\/\/uniest.it\/prodotto\/saponetta-allacqua-termale\/","og_locale":"fr_FR","og_type":"article","og_title":"Barre de savon \u00e0 l'eau thermale - Uniest","og_description":"Savon 100% v\u00e9g\u00e9tal \u00e0 l&rsquo;Eau Thermale : huile de coco pure, \u00e9labor\u00e9e selon la m\u00e9thode classique de m\u00e9lange \u00e0 froid. Sans graisses animales, conservateurs et allerg\u00e8nes. Enrichi en Eau Thermale qui apporte, en plus des propri\u00e9t\u00e9s nettoyantes du savon, des propri\u00e9t\u00e9s purifiantes et rafra\u00eechissantes pour la peau.","og_url":"https:\/\/uniest.it\/prodotto\/saponetta-allacqua-termale\/","og_site_name":"Uniest","article_modified_time":"2024-10-23T15:31:02+00:00","og_image":[{"width":1414,"height":2000,"url":"https:\/\/uniest.it\/wp-content\/uploads\/2021\/12\/Progetto-senza-titolo-1-1.png","type":"image\/png"}],"twitter_card":"summary_large_image","schema":{"@context":"https:\/\/schema.org","@graph":[{"@type":"WebPage","@id":"https:\/\/uniest.it\/prodotto\/saponetta-allacqua-termale\/","url":"https:\/\/uniest.it\/prodotto\/saponetta-allacqua-termale\/","name":"Barre de savon \u00e0 l'eau thermale - Uniest","isPartOf":{"@id":"https:\/\/uniest.it\/#website"},"primaryImageOfPage":{"@id":"https:\/\/uniest.it\/prodotto\/saponetta-allacqua-termale\/#primaryimage"},"image":{"@id":"https:\/\/uniest.it\/prodotto\/saponetta-allacqua-termale\/#primaryimage"},"thumbnailUrl":"https:\/\/uniest.it\/wp-content\/uploads\/2021\/12\/Progetto-senza-titolo-1-1.png","datePublished":"2024-10-23T14:43:42+00:00","dateModified":"2024-10-23T15:31:02+00:00","breadcrumb":{"@id":"https:\/\/uniest.it\/prodotto\/saponetta-allacqua-termale\/#breadcrumb"},"inLanguage":"fr-FR","potentialAction":[{"@type":"ReadAction","target":["https:\/\/uniest.it\/prodotto\/saponetta-allacqua-termale\/"]}]},{"@type":"ImageObject","inLanguage":"fr-FR","@id":"https:\/\/uniest.it\/prodotto\/saponetta-allacqua-termale\/#primaryimage","url":"https:\/\/uniest.it\/wp-content\/uploads\/2021\/12\/Progetto-senza-titolo-1-1.png","contentUrl":"https:\/\/uniest.it\/wp-content\/uploads\/2021\/12\/Progetto-senza-titolo-1-1.png","width":1414,"height":2000,"caption":"020ZSA"},{"@type":"BreadcrumbList","@id":"https:\/\/uniest.it\/prodotto\/saponetta-allacqua-termale\/#breadcrumb","itemListElement":[{"@type":"ListItem","position":1,"name":"Home","item":"https:\/\/uniest.it\/fr\/"},{"@type":"ListItem","position":2,"name":"Shop","item":"https:\/\/uniest.it\/shop\/"},{"@type":"ListItem","position":3,"name":"Barre de savon \u00e0 l&#8217;eau thermale"}]},{"@type":"WebSite","@id":"https:\/\/uniest.it\/#website","url":"https:\/\/uniest.it\/","name":"Uniest","description":"Cosmetici Naturali e Bio","potentialAction":[{"@type":"SearchAction","target":{"@type":"EntryPoint","urlTemplate":"https:\/\/uniest.it\/?s={search_term_string}"},"query-input":{"@type":"PropertyValueSpecification","valueRequired":true,"valueName":"search_term_string"}}],"inLanguage":"fr-FR"}]}},"_links":{"self":[{"href":"https:\/\/uniest.it\/fr\/wp-json\/wp\/v2\/product\/5952","targetHints":{"allow":["GET"]}}],"collection":[{"href":"https:\/\/uniest.it\/fr\/wp-json\/wp\/v2\/product"}],"about":[{"href":"https:\/\/uniest.it\/fr\/wp-json\/wp\/v2\/types\/product"}],"wp:featuredmedia":[{"embeddable":true,"href":"https:\/\/uniest.it\/fr\/wp-json\/wp\/v2\/media\/5956"}],"wp:attachment":[{"href":"https:\/\/uniest.it\/fr\/wp-json\/wp\/v2\/media?parent=5952"}],"wp:term":[{"taxonomy":"product_brand","embeddable":true,"href":"https:\/\/uniest.it\/fr\/wp-json\/wp\/v2\/product_brand?post=5952"},{"taxonomy":"product_cat","embeddable":true,"href":"https:\/\/uniest.it\/fr\/wp-json\/wp\/v2\/product_cat?post=5952"},{"taxonomy":"product_tag","embeddable":true,"href":"https:\/\/uniest.it\/fr\/wp-json\/wp\/v2\/product_tag?post=5952"}],"curies":[{"name":"wp","href":"https:\/\/api.w.org\/{rel}","templated":true}]}}