{"id":5957,"date":"2022-06-10T13:06:53","date_gmt":"2024-10-23T14:43:43","guid":{"rendered":"https:\/\/uniest.it\/prodotto\/base-de-peau-du-visage\/"},"modified":"2024-10-23T16:31:03","modified_gmt":"2024-10-23T15:31:03","slug":"base-de-peau-du-visage","status":"publish","type":"product","link":"https:\/\/uniest.it\/fr\/prodotto\/base-de-peau-du-visage\/","title":{"rendered":"Base de peau du visage"},"content":{"rendered":"<p>S\u00e9rum innovant au corps d\u00e9licat et \u00e0 la texture l\u00e9g\u00e8re, sp\u00e9cialement con\u00e7u pour les besoins modernes pour d\u00e9fendre la peau de la <strong>pollution<\/strong>, des <strong>agents ext\u00e9rieurs<\/strong> et des <strong>rayons UV<\/strong> >. Gr\u00e2ce aux principes actifs contenus et au filtre solaire, il est capable de prot\u00e9ger la peau du visage, m\u00eame la plus sensible, en offrant \u00e9galement une protection de 50+ contre les rayons du soleil. C&rsquo;est une excellente base de maquillage, elle peut \u00eatre utilis\u00e9e avant ou apr\u00e8s tout autre cosm\u00e9tique, aidant \u00e0 pr\u00e9venir les imperfections cutan\u00e9es et le stress oxydatif. Enrichi d&rsquo;un <strong>Ingr\u00e9dient Actif <\/strong><em><u>d\u00e9riv\u00e9 de la Vitamine B3<\/u><\/em> tr\u00e8s pr\u00e9cieux qui a prouv\u00e9 son efficacit\u00e9 pr\u00e9ventive et protectrice contre les dommages caus\u00e9s par les rayons UV qui, ensemble <strong >La Vitamine C<\/strong>sous forme <strong>Niosomal<\/strong>, apporte des propri\u00e9t\u00e9s \u00e9claircissantes et antitaches uniques. La technologie innovante des niosomes est bas\u00e9e sur l&rsquo;encapsulation du principe actif \u00e0 haute concentration dans des v\u00e9sicules niosomales ultra-d\u00e9formables, capables de p\u00e9n\u00e9trer dans les couches les plus profondes du derme, augmentant ainsi la biodisponibilit\u00e9 cutan\u00e9e du principe actif lui-m\u00eame. Le phytocosm\u00e9tique ne contient pas de parfum ajout\u00e9, ce qui le rend parfait m\u00eame pour les peaux les plus sensibles et r\u00e9actives.<\/p>\n","protected":false},"excerpt":{"rendered":"<p>S\u00e9rum innovant au corps d\u00e9licat et \u00e0 la texture l\u00e9g\u00e8re, sp\u00e9cialement con\u00e7u pour les besoins modernes pour d\u00e9fendre la peau de la pollution, des agents ext\u00e9rieurs et des rayons UV >. Gr\u00e2ce aux principes actifs contenus et au filtre solaire, il est capable de prot\u00e9ger la peau du visage, m\u00eame la plus sensible, en offrant [&hellip;]<\/p>\n","protected":false},"featured_media":5960,"template":"","meta":{"_acf_changed":false,"inline_featured_image":false},"product_brand":[],"product_cat":[1383,1380],"product_tag":[],"class_list":{"0":"post-5957","1":"product","2":"type-product","3":"status-publish","4":"has-post-thumbnail","6":"product_beauty-detox","7":"product_beauty-idratare","8":"product_beauty-proteggere","9":"product_beauty-trattamenti-speciali","10":"product_skin-pelle-grassa","11":"product_skin-pelle-impura","12":"product_skin-pelle-iperreattiva","13":"product_skin-pelle-mista","14":"product_skin-pelli-delicate-e-sensibili","15":"product_skin-pelli-giovani-e-prime-rughe","16":"product_skin-pelli-grasse-e-miste","17":"product_skin-pelli-mature-e-rughe","18":"product_skin-pelli-secche-e-normali","19":"product_skin-tramenti-speciali","20":"product_skin-tutte-le-pelli","21":"product_kind-creme-protettive","22":"product_kind-protezione-solare","23":"product_kind-sieri-ed-oli","24":"product_kind-trattamenti-speciali","25":"product_lines-pelli-normali-e-prime-rughe","26":"product_lines-solari","27":"product_cat-viso-fr","28":"product_cat-solari-fr","29":"pa_size-30-fr","31":"first","32":"instock","33":"taxable","34":"shipping-taxable","35":"purchasable","36":"product-type-simple"},"acf":[],"yoast_head":"<!-- This site is optimized with the Yoast SEO plugin v24.6 - https:\/\/yoast.com\/wordpress\/plugins\/seo\/ -->\n<title>Base de peau du visage - Uniest<\/title>\n<meta name=\"robots\" content=\"index, follow, max-snippet:-1, max-image-preview:large, max-video-preview:-1\" \/>\n<link rel=\"canonical\" href=\"https:\/\/uniest.it\/fr\/prodotto\/base-de-peau-du-visage\/\" \/>\n<meta property=\"og:locale\" content=\"fr_FR\" \/>\n<meta property=\"og:type\" content=\"article\" \/>\n<meta property=\"og:title\" content=\"Base de peau du visage - Uniest\" \/>\n<meta property=\"og:description\" content=\"S\u00e9rum innovant au corps d\u00e9licat et \u00e0 la texture l\u00e9g\u00e8re, sp\u00e9cialement con\u00e7u pour les besoins modernes pour d\u00e9fendre la peau de la pollution, des agents ext\u00e9rieurs et des rayons UV &gt;. Gr\u00e2ce aux principes actifs contenus et au filtre solaire, il est capable de prot\u00e9ger la peau du visage, m\u00eame la plus sensible, en offrant [&hellip;]\" \/>\n<meta property=\"og:url\" content=\"https:\/\/uniest.it\/fr\/prodotto\/base-de-peau-du-visage\/\" \/>\n<meta property=\"og:site_name\" content=\"Uniest\" \/>\n<meta property=\"article:modified_time\" content=\"2024-10-23T15:31:03+00:00\" \/>\n<meta property=\"og:image\" content=\"https:\/\/uniest.it\/wp-content\/uploads\/2022\/06\/faceskinbase-copia-1280x1920.png\" \/>\n\t<meta property=\"og:image:width\" content=\"1280\" \/>\n\t<meta property=\"og:image:height\" content=\"1920\" \/>\n\t<meta property=\"og:image:type\" content=\"image\/png\" \/>\n<meta name=\"twitter:card\" content=\"summary_large_image\" \/>\n<meta name=\"twitter:label1\" content=\"Dur\u00e9e de lecture estim\u00e9e\" \/>\n\t<meta name=\"twitter:data1\" content=\"1 minute\" \/>\n<script type=\"application\/ld+json\" class=\"yoast-schema-graph\">{\"@context\":\"https:\/\/schema.org\",\"@graph\":[{\"@type\":\"WebPage\",\"@id\":\"https:\/\/uniest.it\/fr\/prodotto\/base-de-peau-du-visage\/\",\"url\":\"https:\/\/uniest.it\/fr\/prodotto\/base-de-peau-du-visage\/\",\"name\":\"Base de peau du visage - Uniest\",\"isPartOf\":{\"@id\":\"https:\/\/uniest.it\/#website\"},\"primaryImageOfPage\":{\"@id\":\"https:\/\/uniest.it\/fr\/prodotto\/base-de-peau-du-visage\/#primaryimage\"},\"image\":{\"@id\":\"https:\/\/uniest.it\/fr\/prodotto\/base-de-peau-du-visage\/#primaryimage\"},\"thumbnailUrl\":\"https:\/\/uniest.it\/wp-content\/uploads\/2022\/06\/faceskinbase-copia.png\",\"datePublished\":\"2024-10-23T14:43:43+00:00\",\"dateModified\":\"2024-10-23T15:31:03+00:00\",\"breadcrumb\":{\"@id\":\"https:\/\/uniest.it\/fr\/prodotto\/base-de-peau-du-visage\/#breadcrumb\"},\"inLanguage\":\"fr-FR\",\"potentialAction\":[{\"@type\":\"ReadAction\",\"target\":[\"https:\/\/uniest.it\/fr\/prodotto\/base-de-peau-du-visage\/\"]}]},{\"@type\":\"ImageObject\",\"inLanguage\":\"fr-FR\",\"@id\":\"https:\/\/uniest.it\/fr\/prodotto\/base-de-peau-du-visage\/#primaryimage\",\"url\":\"https:\/\/uniest.it\/wp-content\/uploads\/2022\/06\/faceskinbase-copia.png\",\"contentUrl\":\"https:\/\/uniest.it\/wp-content\/uploads\/2022\/06\/faceskinbase-copia.png\",\"width\":3369,\"height\":5053},{\"@type\":\"BreadcrumbList\",\"@id\":\"https:\/\/uniest.it\/fr\/prodotto\/base-de-peau-du-visage\/#breadcrumb\",\"itemListElement\":[{\"@type\":\"ListItem\",\"position\":1,\"name\":\"Home\",\"item\":\"https:\/\/uniest.it\/fr\/\"},{\"@type\":\"ListItem\",\"position\":2,\"name\":\"Shop\",\"item\":\"https:\/\/uniest.it\/shop\/\"},{\"@type\":\"ListItem\",\"position\":3,\"name\":\"Base de peau du visage\"}]},{\"@type\":\"WebSite\",\"@id\":\"https:\/\/uniest.it\/#website\",\"url\":\"https:\/\/uniest.it\/\",\"name\":\"Uniest\",\"description\":\"Cosmetici Naturali e Bio\",\"potentialAction\":[{\"@type\":\"SearchAction\",\"target\":{\"@type\":\"EntryPoint\",\"urlTemplate\":\"https:\/\/uniest.it\/?s={search_term_string}\"},\"query-input\":{\"@type\":\"PropertyValueSpecification\",\"valueRequired\":true,\"valueName\":\"search_term_string\"}}],\"inLanguage\":\"fr-FR\"}]}<\/script>\n<!-- \/ Yoast SEO plugin. -->","yoast_head_json":{"title":"Base de peau du visage - Uniest","robots":{"index":"index","follow":"follow","max-snippet":"max-snippet:-1","max-image-preview":"max-image-preview:large","max-video-preview":"max-video-preview:-1"},"canonical":"https:\/\/uniest.it\/fr\/prodotto\/base-de-peau-du-visage\/","og_locale":"fr_FR","og_type":"article","og_title":"Base de peau du visage - Uniest","og_description":"S\u00e9rum innovant au corps d\u00e9licat et \u00e0 la texture l\u00e9g\u00e8re, sp\u00e9cialement con\u00e7u pour les besoins modernes pour d\u00e9fendre la peau de la pollution, des agents ext\u00e9rieurs et des rayons UV >. Gr\u00e2ce aux principes actifs contenus et au filtre solaire, il est capable de prot\u00e9ger la peau du visage, m\u00eame la plus sensible, en offrant [&hellip;]","og_url":"https:\/\/uniest.it\/fr\/prodotto\/base-de-peau-du-visage\/","og_site_name":"Uniest","article_modified_time":"2024-10-23T15:31:03+00:00","og_image":[{"width":1280,"height":1920,"url":"https:\/\/uniest.it\/wp-content\/uploads\/2022\/06\/faceskinbase-copia-1280x1920.png","type":"image\/png"}],"twitter_card":"summary_large_image","twitter_misc":{"Dur\u00e9e de lecture estim\u00e9e":"1 minute"},"schema":{"@context":"https:\/\/schema.org","@graph":[{"@type":"WebPage","@id":"https:\/\/uniest.it\/fr\/prodotto\/base-de-peau-du-visage\/","url":"https:\/\/uniest.it\/fr\/prodotto\/base-de-peau-du-visage\/","name":"Base de peau du visage - Uniest","isPartOf":{"@id":"https:\/\/uniest.it\/#website"},"primaryImageOfPage":{"@id":"https:\/\/uniest.it\/fr\/prodotto\/base-de-peau-du-visage\/#primaryimage"},"image":{"@id":"https:\/\/uniest.it\/fr\/prodotto\/base-de-peau-du-visage\/#primaryimage"},"thumbnailUrl":"https:\/\/uniest.it\/wp-content\/uploads\/2022\/06\/faceskinbase-copia.png","datePublished":"2024-10-23T14:43:43+00:00","dateModified":"2024-10-23T15:31:03+00:00","breadcrumb":{"@id":"https:\/\/uniest.it\/fr\/prodotto\/base-de-peau-du-visage\/#breadcrumb"},"inLanguage":"fr-FR","potentialAction":[{"@type":"ReadAction","target":["https:\/\/uniest.it\/fr\/prodotto\/base-de-peau-du-visage\/"]}]},{"@type":"ImageObject","inLanguage":"fr-FR","@id":"https:\/\/uniest.it\/fr\/prodotto\/base-de-peau-du-visage\/#primaryimage","url":"https:\/\/uniest.it\/wp-content\/uploads\/2022\/06\/faceskinbase-copia.png","contentUrl":"https:\/\/uniest.it\/wp-content\/uploads\/2022\/06\/faceskinbase-copia.png","width":3369,"height":5053},{"@type":"BreadcrumbList","@id":"https:\/\/uniest.it\/fr\/prodotto\/base-de-peau-du-visage\/#breadcrumb","itemListElement":[{"@type":"ListItem","position":1,"name":"Home","item":"https:\/\/uniest.it\/fr\/"},{"@type":"ListItem","position":2,"name":"Shop","item":"https:\/\/uniest.it\/shop\/"},{"@type":"ListItem","position":3,"name":"Base de peau du visage"}]},{"@type":"WebSite","@id":"https:\/\/uniest.it\/#website","url":"https:\/\/uniest.it\/","name":"Uniest","description":"Cosmetici Naturali e Bio","potentialAction":[{"@type":"SearchAction","target":{"@type":"EntryPoint","urlTemplate":"https:\/\/uniest.it\/?s={search_term_string}"},"query-input":{"@type":"PropertyValueSpecification","valueRequired":true,"valueName":"search_term_string"}}],"inLanguage":"fr-FR"}]}},"_links":{"self":[{"href":"https:\/\/uniest.it\/fr\/wp-json\/wp\/v2\/product\/5957","targetHints":{"allow":["GET"]}}],"collection":[{"href":"https:\/\/uniest.it\/fr\/wp-json\/wp\/v2\/product"}],"about":[{"href":"https:\/\/uniest.it\/fr\/wp-json\/wp\/v2\/types\/product"}],"wp:featuredmedia":[{"embeddable":true,"href":"https:\/\/uniest.it\/fr\/wp-json\/wp\/v2\/media\/5960"}],"wp:attachment":[{"href":"https:\/\/uniest.it\/fr\/wp-json\/wp\/v2\/media?parent=5957"}],"wp:term":[{"taxonomy":"product_brand","embeddable":true,"href":"https:\/\/uniest.it\/fr\/wp-json\/wp\/v2\/product_brand?post=5957"},{"taxonomy":"product_cat","embeddable":true,"href":"https:\/\/uniest.it\/fr\/wp-json\/wp\/v2\/product_cat?post=5957"},{"taxonomy":"product_tag","embeddable":true,"href":"https:\/\/uniest.it\/fr\/wp-json\/wp\/v2\/product_tag?post=5957"}],"curies":[{"name":"wp","href":"https:\/\/api.w.org\/{rel}","templated":true}]}}