{"id":713,"date":"2021-02-04T12:56:17","date_gmt":"2021-02-04T11:56:17","guid":{"rendered":"https:\/\/uniest.it\/product\/timo-balsamico-crema-gli-speciali\/"},"modified":"2025-04-15T11:31:39","modified_gmt":"2025-04-15T10:31:39","slug":"timo-30ml","status":"publish","type":"product","link":"https:\/\/uniest.it\/fr\/prodotto\/timo-30ml\/","title":{"rendered":"Timo &#8211; 30ml"},"content":{"rendered":"<p>Timo \u00e8 una crema morbida, molto spalmabile, lubrificante, ma non untuosa e di ottima penetrazione, ideale anche in tutti i tipi di massaggio.<br \/>\nContiene oli essenziali naturali al 100%, dal potere tonificante, balsamico, rinfrescante e stimolante, che la rendono indispensabile per tutta la famiglia, soprattutto nella stagione invernale.<br \/>\nHa molteplici propriet\u00e0, e grazie alla presenza di Olio di Mandorle Dolci BIOLOGICO e di Burro di Karit\u00e9 BIOLOGICO, \u00e8 ideale anche per l\u2019uso sui pi\u00f9 piccini.<\/p>\n","protected":false},"excerpt":{"rendered":"<p>Timo \u00e8 una crema morbida, molto spalmabile, lubrificante, ma non untuosa e di ottima penetrazione, ideale anche in tutti i tipi di massaggio. Contiene oli essenziali naturali al 100%, dal potere tonificante, balsamico, rinfrescante e stimolante, che la rendono indispensabile per tutta la famiglia, soprattutto nella stagione invernale. Ha molteplici propriet\u00e0, e grazie alla presenza [&hellip;]<\/p>\n","protected":false},"featured_media":523,"template":"","meta":{"_acf_changed":false,"inline_featured_image":false},"product_brand":[],"product_cat":[1093,1111,1064],"product_tag":[],"class_list":{"0":"post-713","1":"product","2":"type-product","3":"status-publish","4":"has-post-thumbnail","6":"product_beauty-aromatizzare-e-profumare","7":"product_beauty-balsamico","8":"product_beauty-idratare","9":"product_beauty-lenire","10":"product_beauty-purificare","11":"product_beauty-riequilibrare","12":"product_skin-tutte-le-pelli","13":"product_kind-i-rimedi-dalla-natura","14":"product_kind-trattamenti-mani-e-piedi","15":"product_kind-trattamenti-speciali","16":"product_kind-tutte-le-creme-corpo","17":"product_lines-i-rimedi-dalla-natura","18":"product_cat-corpo","19":"product_cat-mani-e-piedi","20":"product_cat-viso","21":"pa_size-104","23":"first","24":"instock","25":"taxable","26":"shipping-taxable","27":"purchasable","28":"product-type-simple"},"acf":[],"yoast_head":"<!-- This site is optimized with the Yoast SEO plugin v24.6 - https:\/\/yoast.com\/wordpress\/plugins\/seo\/ -->\n<title>Timo - 30ml - Uniest<\/title>\n<meta name=\"robots\" content=\"index, follow, max-snippet:-1, max-image-preview:large, max-video-preview:-1\" \/>\n<link rel=\"canonical\" href=\"https:\/\/uniest.it\/prodotto\/timo-30ml\/\" \/>\n<meta property=\"og:locale\" content=\"fr_FR\" \/>\n<meta property=\"og:type\" content=\"article\" \/>\n<meta property=\"og:title\" content=\"Timo - 30ml - Uniest\" \/>\n<meta property=\"og:description\" content=\"Timo \u00e8 una crema morbida, molto spalmabile, lubrificante, ma non untuosa e di ottima penetrazione, ideale anche in tutti i tipi di massaggio. Contiene oli essenziali naturali al 100%, dal potere tonificante, balsamico, rinfrescante e stimolante, che la rendono indispensabile per tutta la famiglia, soprattutto nella stagione invernale. Ha molteplici propriet\u00e0, e grazie alla presenza [&hellip;]\" \/>\n<meta property=\"og:url\" content=\"https:\/\/uniest.it\/prodotto\/timo-30ml\/\" \/>\n<meta property=\"og:site_name\" content=\"Uniest\" \/>\n<meta property=\"article:modified_time\" content=\"2025-04-15T10:31:39+00:00\" \/>\n<meta property=\"og:image\" content=\"https:\/\/uniest.it\/wp-content\/uploads\/2020\/11\/005AAE.png\" \/>\n\t<meta property=\"og:image:width\" content=\"1283\" \/>\n\t<meta property=\"og:image:height\" content=\"2000\" \/>\n\t<meta property=\"og:image:type\" content=\"image\/png\" \/>\n<meta name=\"twitter:card\" content=\"summary_large_image\" \/>\n<meta name=\"twitter:label1\" content=\"Dur\u00e9e de lecture estim\u00e9e\" \/>\n\t<meta name=\"twitter:data1\" content=\"1 minute\" \/>\n<script type=\"application\/ld+json\" class=\"yoast-schema-graph\">{\"@context\":\"https:\/\/schema.org\",\"@graph\":[{\"@type\":\"WebPage\",\"@id\":\"https:\/\/uniest.it\/prodotto\/timo-30ml\/\",\"url\":\"https:\/\/uniest.it\/prodotto\/timo-30ml\/\",\"name\":\"Timo - 30ml - Uniest\",\"isPartOf\":{\"@id\":\"https:\/\/uniest.it\/#website\"},\"primaryImageOfPage\":{\"@id\":\"https:\/\/uniest.it\/prodotto\/timo-30ml\/#primaryimage\"},\"image\":{\"@id\":\"https:\/\/uniest.it\/prodotto\/timo-30ml\/#primaryimage\"},\"thumbnailUrl\":\"https:\/\/uniest.it\/wp-content\/uploads\/2020\/11\/005AAE.png\",\"datePublished\":\"2021-02-04T11:56:17+00:00\",\"dateModified\":\"2025-04-15T10:31:39+00:00\",\"breadcrumb\":{\"@id\":\"https:\/\/uniest.it\/prodotto\/timo-30ml\/#breadcrumb\"},\"inLanguage\":\"fr-FR\",\"potentialAction\":[{\"@type\":\"ReadAction\",\"target\":[\"https:\/\/uniest.it\/prodotto\/timo-30ml\/\"]}]},{\"@type\":\"ImageObject\",\"inLanguage\":\"fr-FR\",\"@id\":\"https:\/\/uniest.it\/prodotto\/timo-30ml\/#primaryimage\",\"url\":\"https:\/\/uniest.it\/wp-content\/uploads\/2020\/11\/005AAE.png\",\"contentUrl\":\"https:\/\/uniest.it\/wp-content\/uploads\/2020\/11\/005AAE.png\",\"width\":1283,\"height\":2000},{\"@type\":\"BreadcrumbList\",\"@id\":\"https:\/\/uniest.it\/prodotto\/timo-30ml\/#breadcrumb\",\"itemListElement\":[{\"@type\":\"ListItem\",\"position\":1,\"name\":\"Home\",\"item\":\"https:\/\/uniest.it\/fr\/\"},{\"@type\":\"ListItem\",\"position\":2,\"name\":\"Shop\",\"item\":\"https:\/\/uniest.it\/shop\/\"},{\"@type\":\"ListItem\",\"position\":3,\"name\":\"Timo &#8211; 30ml\"}]},{\"@type\":\"WebSite\",\"@id\":\"https:\/\/uniest.it\/#website\",\"url\":\"https:\/\/uniest.it\/\",\"name\":\"Uniest\",\"description\":\"Cosmetici Naturali e Bio\",\"potentialAction\":[{\"@type\":\"SearchAction\",\"target\":{\"@type\":\"EntryPoint\",\"urlTemplate\":\"https:\/\/uniest.it\/?s={search_term_string}\"},\"query-input\":{\"@type\":\"PropertyValueSpecification\",\"valueRequired\":true,\"valueName\":\"search_term_string\"}}],\"inLanguage\":\"fr-FR\"}]}<\/script>\n<!-- \/ Yoast SEO plugin. -->","yoast_head_json":{"title":"Timo - 30ml - Uniest","robots":{"index":"index","follow":"follow","max-snippet":"max-snippet:-1","max-image-preview":"max-image-preview:large","max-video-preview":"max-video-preview:-1"},"canonical":"https:\/\/uniest.it\/prodotto\/timo-30ml\/","og_locale":"fr_FR","og_type":"article","og_title":"Timo - 30ml - Uniest","og_description":"Timo \u00e8 una crema morbida, molto spalmabile, lubrificante, ma non untuosa e di ottima penetrazione, ideale anche in tutti i tipi di massaggio. Contiene oli essenziali naturali al 100%, dal potere tonificante, balsamico, rinfrescante e stimolante, che la rendono indispensabile per tutta la famiglia, soprattutto nella stagione invernale. Ha molteplici propriet\u00e0, e grazie alla presenza [&hellip;]","og_url":"https:\/\/uniest.it\/prodotto\/timo-30ml\/","og_site_name":"Uniest","article_modified_time":"2025-04-15T10:31:39+00:00","og_image":[{"width":1283,"height":2000,"url":"https:\/\/uniest.it\/wp-content\/uploads\/2020\/11\/005AAE.png","type":"image\/png"}],"twitter_card":"summary_large_image","twitter_misc":{"Dur\u00e9e de lecture estim\u00e9e":"1 minute"},"schema":{"@context":"https:\/\/schema.org","@graph":[{"@type":"WebPage","@id":"https:\/\/uniest.it\/prodotto\/timo-30ml\/","url":"https:\/\/uniest.it\/prodotto\/timo-30ml\/","name":"Timo - 30ml - Uniest","isPartOf":{"@id":"https:\/\/uniest.it\/#website"},"primaryImageOfPage":{"@id":"https:\/\/uniest.it\/prodotto\/timo-30ml\/#primaryimage"},"image":{"@id":"https:\/\/uniest.it\/prodotto\/timo-30ml\/#primaryimage"},"thumbnailUrl":"https:\/\/uniest.it\/wp-content\/uploads\/2020\/11\/005AAE.png","datePublished":"2021-02-04T11:56:17+00:00","dateModified":"2025-04-15T10:31:39+00:00","breadcrumb":{"@id":"https:\/\/uniest.it\/prodotto\/timo-30ml\/#breadcrumb"},"inLanguage":"fr-FR","potentialAction":[{"@type":"ReadAction","target":["https:\/\/uniest.it\/prodotto\/timo-30ml\/"]}]},{"@type":"ImageObject","inLanguage":"fr-FR","@id":"https:\/\/uniest.it\/prodotto\/timo-30ml\/#primaryimage","url":"https:\/\/uniest.it\/wp-content\/uploads\/2020\/11\/005AAE.png","contentUrl":"https:\/\/uniest.it\/wp-content\/uploads\/2020\/11\/005AAE.png","width":1283,"height":2000},{"@type":"BreadcrumbList","@id":"https:\/\/uniest.it\/prodotto\/timo-30ml\/#breadcrumb","itemListElement":[{"@type":"ListItem","position":1,"name":"Home","item":"https:\/\/uniest.it\/fr\/"},{"@type":"ListItem","position":2,"name":"Shop","item":"https:\/\/uniest.it\/shop\/"},{"@type":"ListItem","position":3,"name":"Timo &#8211; 30ml"}]},{"@type":"WebSite","@id":"https:\/\/uniest.it\/#website","url":"https:\/\/uniest.it\/","name":"Uniest","description":"Cosmetici Naturali e Bio","potentialAction":[{"@type":"SearchAction","target":{"@type":"EntryPoint","urlTemplate":"https:\/\/uniest.it\/?s={search_term_string}"},"query-input":{"@type":"PropertyValueSpecification","valueRequired":true,"valueName":"search_term_string"}}],"inLanguage":"fr-FR"}]}},"_links":{"self":[{"href":"https:\/\/uniest.it\/fr\/wp-json\/wp\/v2\/product\/713","targetHints":{"allow":["GET"]}}],"collection":[{"href":"https:\/\/uniest.it\/fr\/wp-json\/wp\/v2\/product"}],"about":[{"href":"https:\/\/uniest.it\/fr\/wp-json\/wp\/v2\/types\/product"}],"wp:featuredmedia":[{"embeddable":true,"href":"https:\/\/uniest.it\/fr\/wp-json\/wp\/v2\/media\/523"}],"wp:attachment":[{"href":"https:\/\/uniest.it\/fr\/wp-json\/wp\/v2\/media?parent=713"}],"wp:term":[{"taxonomy":"product_brand","embeddable":true,"href":"https:\/\/uniest.it\/fr\/wp-json\/wp\/v2\/product_brand?post=713"},{"taxonomy":"product_cat","embeddable":true,"href":"https:\/\/uniest.it\/fr\/wp-json\/wp\/v2\/product_cat?post=713"},{"taxonomy":"product_tag","embeddable":true,"href":"https:\/\/uniest.it\/fr\/wp-json\/wp\/v2\/product_tag?post=713"}],"curies":[{"name":"wp","href":"https:\/\/api.w.org\/{rel}","templated":true}]}}