{"id":731,"date":"2021-02-04T12:56:39","date_gmt":"2021-02-04T11:56:39","guid":{"rendered":"https:\/\/uniest.it\/product\/lavanda-balsamica-rilassante-crema-gli-speciali\/"},"modified":"2025-04-16T11:40:37","modified_gmt":"2025-04-16T10:40:37","slug":"lavanda-30ml","status":"publish","type":"product","link":"https:\/\/uniest.it\/fr\/prodotto\/lavanda-30ml\/","title":{"rendered":"Lavanda &#8211; 30ml"},"content":{"rendered":"<p>Delicata crema a base di Estratto Vegetale ed Olio Essenziale di Lavanda. I fiori della lavanda sono utilizzati in fitoterapia per le numerose propriet\u00e0 dovute alla presenza dell&rsquo;olio essenziale, tannini, flavonoidi e sostanze amare. Questi principi attivi conferiscono alla pianta di Lavanda un\u2019azione calmante sul sistema nervoso, da utilizzare in caso di ansia, agitazione, nervosismo, mal di testa, stress ed insonnia. La lavanda svolge anche un&rsquo;azione balsamica sulle vie respiratorie per questo \u00e8 impiegata efficacemente nel trattamento di tutte le malattie da raffreddamento: influenza, tosse, raffreddore e catarro.<br \/>\nInoltre la pianta, possiede propriet\u00e0 carminative e antispasmodiche in quanto calma dolori e gli spasmi addominali o da ciclo ed aiuta a distendere la muscolatura del ventre.<br \/>\nPer potenziare gli effetti della Lavanda, sono stati aggiunti Olio di Crusca di Riso, Burro di Karat\u00e8 BIOLOGICO *, Olio di Mandorle Dolci BIOLOGICO* e Glicerina, ottimi lenitivi, calmanti ed emollienti. La delicata profumazione, rende questa crema piacevole da applicare e, grazie alla sua formulazione, \u00e8 adatta anche per le pelli pi\u00f9 delicate e sensibili. Utilissima anche sul cuoio capelluto. Sui capelli trattati, dona corposit\u00e0, morbidezza e lucentezza.<\/p>\n<p>*Prodotto da agricoltura biologica.<\/p>\n","protected":false},"excerpt":{"rendered":"<p>Delicata crema a base di Estratto Vegetale ed Olio Essenziale di Lavanda. I fiori della lavanda sono utilizzati in fitoterapia per le numerose propriet\u00e0 dovute alla presenza dell&rsquo;olio essenziale, tannini, flavonoidi e sostanze amare. Questi principi attivi conferiscono alla pianta di Lavanda un\u2019azione calmante sul sistema nervoso, da utilizzare in caso di ansia, agitazione, nervosismo, [&hellip;]<\/p>\n","protected":false},"featured_media":533,"template":"","meta":{"_acf_changed":false,"inline_featured_image":false},"product_brand":[],"product_cat":[1093,1111,1064],"product_tag":[],"class_list":{"0":"post-731","1":"product","2":"type-product","3":"status-publish","4":"has-post-thumbnail","6":"product_beauty-balsamico","7":"product_beauty-idratare","8":"product_beauty-lenire","9":"product_beauty-nutrire-e-rigenerare","10":"product_beauty-purificare","11":"product_beauty-riequilibrare","12":"product_skin-tutte-le-pelli","13":"product_kind-i-rimedi-dalla-natura","14":"product_kind-trattamenti-speciali","15":"product_kind-tutte-le-creme-corpo","16":"product_kind-tutte-le-creme-viso","17":"product_lines-i-rimedi-dalla-natura","18":"product_cat-corpo","19":"product_cat-mani-e-piedi","20":"product_cat-viso","21":"pa_size-104","23":"first","24":"instock","25":"taxable","26":"shipping-taxable","27":"purchasable","28":"product-type-simple"},"acf":[],"yoast_head":"<!-- This site is optimized with the Yoast SEO plugin v24.6 - https:\/\/yoast.com\/wordpress\/plugins\/seo\/ -->\n<title>Lavanda - 30ml - Uniest<\/title>\n<meta name=\"robots\" content=\"index, follow, max-snippet:-1, max-image-preview:large, max-video-preview:-1\" \/>\n<link rel=\"canonical\" href=\"https:\/\/uniest.it\/prodotto\/lavanda-30ml\/\" \/>\n<meta property=\"og:locale\" content=\"fr_FR\" \/>\n<meta property=\"og:type\" content=\"article\" \/>\n<meta property=\"og:title\" content=\"Lavanda - 30ml - Uniest\" \/>\n<meta property=\"og:description\" content=\"Delicata crema a base di Estratto Vegetale ed Olio Essenziale di Lavanda. I fiori della lavanda sono utilizzati in fitoterapia per le numerose propriet\u00e0 dovute alla presenza dell&rsquo;olio essenziale, tannini, flavonoidi e sostanze amare. Questi principi attivi conferiscono alla pianta di Lavanda un\u2019azione calmante sul sistema nervoso, da utilizzare in caso di ansia, agitazione, nervosismo, [&hellip;]\" \/>\n<meta property=\"og:url\" content=\"https:\/\/uniest.it\/prodotto\/lavanda-30ml\/\" \/>\n<meta property=\"og:site_name\" content=\"Uniest\" \/>\n<meta property=\"article:modified_time\" content=\"2025-04-16T10:40:37+00:00\" \/>\n<meta property=\"og:image\" content=\"https:\/\/uniest.it\/wp-content\/uploads\/2020\/11\/008AAE.png\" \/>\n\t<meta property=\"og:image:width\" content=\"1283\" \/>\n\t<meta property=\"og:image:height\" content=\"2000\" \/>\n\t<meta property=\"og:image:type\" content=\"image\/png\" \/>\n<meta name=\"twitter:card\" content=\"summary_large_image\" \/>\n<meta name=\"twitter:label1\" content=\"Dur\u00e9e de lecture estim\u00e9e\" \/>\n\t<meta name=\"twitter:data1\" content=\"2 minutes\" \/>\n<script type=\"application\/ld+json\" class=\"yoast-schema-graph\">{\"@context\":\"https:\/\/schema.org\",\"@graph\":[{\"@type\":\"WebPage\",\"@id\":\"https:\/\/uniest.it\/prodotto\/lavanda-30ml\/\",\"url\":\"https:\/\/uniest.it\/prodotto\/lavanda-30ml\/\",\"name\":\"Lavanda - 30ml - Uniest\",\"isPartOf\":{\"@id\":\"https:\/\/uniest.it\/#website\"},\"primaryImageOfPage\":{\"@id\":\"https:\/\/uniest.it\/prodotto\/lavanda-30ml\/#primaryimage\"},\"image\":{\"@id\":\"https:\/\/uniest.it\/prodotto\/lavanda-30ml\/#primaryimage\"},\"thumbnailUrl\":\"https:\/\/uniest.it\/wp-content\/uploads\/2020\/11\/008AAE.png\",\"datePublished\":\"2021-02-04T11:56:39+00:00\",\"dateModified\":\"2025-04-16T10:40:37+00:00\",\"breadcrumb\":{\"@id\":\"https:\/\/uniest.it\/prodotto\/lavanda-30ml\/#breadcrumb\"},\"inLanguage\":\"fr-FR\",\"potentialAction\":[{\"@type\":\"ReadAction\",\"target\":[\"https:\/\/uniest.it\/prodotto\/lavanda-30ml\/\"]}]},{\"@type\":\"ImageObject\",\"inLanguage\":\"fr-FR\",\"@id\":\"https:\/\/uniest.it\/prodotto\/lavanda-30ml\/#primaryimage\",\"url\":\"https:\/\/uniest.it\/wp-content\/uploads\/2020\/11\/008AAE.png\",\"contentUrl\":\"https:\/\/uniest.it\/wp-content\/uploads\/2020\/11\/008AAE.png\",\"width\":1283,\"height\":2000},{\"@type\":\"BreadcrumbList\",\"@id\":\"https:\/\/uniest.it\/prodotto\/lavanda-30ml\/#breadcrumb\",\"itemListElement\":[{\"@type\":\"ListItem\",\"position\":1,\"name\":\"Home\",\"item\":\"https:\/\/uniest.it\/fr\/\"},{\"@type\":\"ListItem\",\"position\":2,\"name\":\"Shop\",\"item\":\"https:\/\/uniest.it\/shop\/\"},{\"@type\":\"ListItem\",\"position\":3,\"name\":\"Lavanda &#8211; 30ml\"}]},{\"@type\":\"WebSite\",\"@id\":\"https:\/\/uniest.it\/#website\",\"url\":\"https:\/\/uniest.it\/\",\"name\":\"Uniest\",\"description\":\"Cosmetici Naturali e Bio\",\"potentialAction\":[{\"@type\":\"SearchAction\",\"target\":{\"@type\":\"EntryPoint\",\"urlTemplate\":\"https:\/\/uniest.it\/?s={search_term_string}\"},\"query-input\":{\"@type\":\"PropertyValueSpecification\",\"valueRequired\":true,\"valueName\":\"search_term_string\"}}],\"inLanguage\":\"fr-FR\"}]}<\/script>\n<!-- \/ Yoast SEO plugin. -->","yoast_head_json":{"title":"Lavanda - 30ml - Uniest","robots":{"index":"index","follow":"follow","max-snippet":"max-snippet:-1","max-image-preview":"max-image-preview:large","max-video-preview":"max-video-preview:-1"},"canonical":"https:\/\/uniest.it\/prodotto\/lavanda-30ml\/","og_locale":"fr_FR","og_type":"article","og_title":"Lavanda - 30ml - Uniest","og_description":"Delicata crema a base di Estratto Vegetale ed Olio Essenziale di Lavanda. I fiori della lavanda sono utilizzati in fitoterapia per le numerose propriet\u00e0 dovute alla presenza dell&rsquo;olio essenziale, tannini, flavonoidi e sostanze amare. Questi principi attivi conferiscono alla pianta di Lavanda un\u2019azione calmante sul sistema nervoso, da utilizzare in caso di ansia, agitazione, nervosismo, [&hellip;]","og_url":"https:\/\/uniest.it\/prodotto\/lavanda-30ml\/","og_site_name":"Uniest","article_modified_time":"2025-04-16T10:40:37+00:00","og_image":[{"width":1283,"height":2000,"url":"https:\/\/uniest.it\/wp-content\/uploads\/2020\/11\/008AAE.png","type":"image\/png"}],"twitter_card":"summary_large_image","twitter_misc":{"Dur\u00e9e de lecture estim\u00e9e":"2 minutes"},"schema":{"@context":"https:\/\/schema.org","@graph":[{"@type":"WebPage","@id":"https:\/\/uniest.it\/prodotto\/lavanda-30ml\/","url":"https:\/\/uniest.it\/prodotto\/lavanda-30ml\/","name":"Lavanda - 30ml - Uniest","isPartOf":{"@id":"https:\/\/uniest.it\/#website"},"primaryImageOfPage":{"@id":"https:\/\/uniest.it\/prodotto\/lavanda-30ml\/#primaryimage"},"image":{"@id":"https:\/\/uniest.it\/prodotto\/lavanda-30ml\/#primaryimage"},"thumbnailUrl":"https:\/\/uniest.it\/wp-content\/uploads\/2020\/11\/008AAE.png","datePublished":"2021-02-04T11:56:39+00:00","dateModified":"2025-04-16T10:40:37+00:00","breadcrumb":{"@id":"https:\/\/uniest.it\/prodotto\/lavanda-30ml\/#breadcrumb"},"inLanguage":"fr-FR","potentialAction":[{"@type":"ReadAction","target":["https:\/\/uniest.it\/prodotto\/lavanda-30ml\/"]}]},{"@type":"ImageObject","inLanguage":"fr-FR","@id":"https:\/\/uniest.it\/prodotto\/lavanda-30ml\/#primaryimage","url":"https:\/\/uniest.it\/wp-content\/uploads\/2020\/11\/008AAE.png","contentUrl":"https:\/\/uniest.it\/wp-content\/uploads\/2020\/11\/008AAE.png","width":1283,"height":2000},{"@type":"BreadcrumbList","@id":"https:\/\/uniest.it\/prodotto\/lavanda-30ml\/#breadcrumb","itemListElement":[{"@type":"ListItem","position":1,"name":"Home","item":"https:\/\/uniest.it\/fr\/"},{"@type":"ListItem","position":2,"name":"Shop","item":"https:\/\/uniest.it\/shop\/"},{"@type":"ListItem","position":3,"name":"Lavanda &#8211; 30ml"}]},{"@type":"WebSite","@id":"https:\/\/uniest.it\/#website","url":"https:\/\/uniest.it\/","name":"Uniest","description":"Cosmetici Naturali e Bio","potentialAction":[{"@type":"SearchAction","target":{"@type":"EntryPoint","urlTemplate":"https:\/\/uniest.it\/?s={search_term_string}"},"query-input":{"@type":"PropertyValueSpecification","valueRequired":true,"valueName":"search_term_string"}}],"inLanguage":"fr-FR"}]}},"_links":{"self":[{"href":"https:\/\/uniest.it\/fr\/wp-json\/wp\/v2\/product\/731","targetHints":{"allow":["GET"]}}],"collection":[{"href":"https:\/\/uniest.it\/fr\/wp-json\/wp\/v2\/product"}],"about":[{"href":"https:\/\/uniest.it\/fr\/wp-json\/wp\/v2\/types\/product"}],"wp:featuredmedia":[{"embeddable":true,"href":"https:\/\/uniest.it\/fr\/wp-json\/wp\/v2\/media\/533"}],"wp:attachment":[{"href":"https:\/\/uniest.it\/fr\/wp-json\/wp\/v2\/media?parent=731"}],"wp:term":[{"taxonomy":"product_brand","embeddable":true,"href":"https:\/\/uniest.it\/fr\/wp-json\/wp\/v2\/product_brand?post=731"},{"taxonomy":"product_cat","embeddable":true,"href":"https:\/\/uniest.it\/fr\/wp-json\/wp\/v2\/product_cat?post=731"},{"taxonomy":"product_tag","embeddable":true,"href":"https:\/\/uniest.it\/fr\/wp-json\/wp\/v2\/product_tag?post=731"}],"curies":[{"name":"wp","href":"https:\/\/api.w.org\/{rel}","templated":true}]}}