{"id":741,"date":"2021-02-04T12:56:39","date_gmt":"2021-02-04T11:56:39","guid":{"rendered":"https:\/\/uniest.it\/product\/acqua-micellare-schiarente\/"},"modified":"2024-07-08T00:01:19","modified_gmt":"2024-07-07T23:01:19","slug":"acqua-micellare-schiarente","status":"publish","type":"product","link":"https:\/\/uniest.it\/fr\/prodotto\/acqua-micellare-schiarente\/","title":{"rendered":"Acqua Micellare Schiarente"},"content":{"rendered":"<p>*E&rsquo; possibile che la confezione possa essere diversa dalla fotografia.<\/p>\n<p>Acqua Micellare Schiarente \u00e8 stata appositamente studiata per le pelli sensibili e quelle couperosiche che, a causa della loro delicatezza, necessitano, di un trattamento di pulizia quotidiana delicato, protettivo e non aggressivo.<br \/>\nL\u2019 Acqua Micellare Schiarente consente, grazie alla sua ricercata formulazione, di rispettare e di ripristinare la funzionalit\u00e0 di queste tipologie di pelle, cos\u00ec sensibili e tendenti agli arrossamenti.<br \/>\nAcqua Micellare Schiarente \u00e8 un prodotto di concezione evoluta, permettendo una detersione profonda ma delicata della pelle e mantenendo il pieno rispetto del pH fisiologico, sapientemente arricchita con Principio Attivo Schiarente, estratto dall\u2019alga marina atlantica, permette di ottenere una pelle chiara, luminosa e dermopurificata.<br \/>\nSi tratta di una innovativa lozione a base di preziosi Estratti Vegetali Naturali di Aloe Biologica*, Calendula Biologica*, Amamelide, Limone, Malva e Rosa Canina, in grado di donare una piacevole sensazione di freschezza e tonicit\u00e0 alla cute, lasciandola idratata, detersa dalle impurit\u00e0 e lenita sino in profondit\u00e0.<br \/>\nGrazie alla micella vegetale contenuta \u00e8 in grado di catturare ed asportare anche il trucco pi\u00f9 difficile senza necessit\u00e0 di sfregamenti.<\/p>\n","protected":false},"excerpt":{"rendered":"<p>*E&rsquo; possibile che la confezione possa essere diversa dalla fotografia. Acqua Micellare Schiarente \u00e8 stata appositamente studiata per le pelli sensibili e quelle couperosiche che, a causa della loro delicatezza, necessitano, di un trattamento di pulizia quotidiana delicato, protettivo e non aggressivo. L\u2019 Acqua Micellare Schiarente consente, grazie alla sua ricercata formulazione, di rispettare e [&hellip;]<\/p>\n","protected":false},"featured_media":537,"template":"","meta":{"_acf_changed":false,"inline_featured_image":false},"product_brand":[],"product_cat":[1064],"product_tag":[],"class_list":{"0":"post-741","1":"product","2":"type-product","3":"status-publish","4":"has-post-thumbnail","6":"product_beauty-detergere","7":"product_beauty-idratare","8":"product_beauty-purificare","9":"product_beauty-schiarire","10":"product_skin-pelli-delicate-e-sensibili","11":"product_skin-pelli-mature-e-rughe","12":"product_kind-detergenti-e-struccanti-viso","13":"product_lines-pelli-delicate-e-sensibili","14":"product_cat-viso","15":"pa_size-33","17":"first","18":"instock","19":"taxable","20":"shipping-taxable","21":"purchasable","22":"product-type-simple"},"acf":[],"yoast_head":"<!-- This site is optimized with the Yoast SEO plugin v24.6 - https:\/\/yoast.com\/wordpress\/plugins\/seo\/ -->\n<title>Acqua Micellare Schiarente - Uniest<\/title>\n<meta name=\"robots\" content=\"index, follow, max-snippet:-1, max-image-preview:large, max-video-preview:-1\" \/>\n<link rel=\"canonical\" href=\"https:\/\/uniest.it\/prodotto\/acqua-micellare-schiarente\/\" \/>\n<meta property=\"og:locale\" content=\"fr_FR\" \/>\n<meta property=\"og:type\" content=\"article\" \/>\n<meta property=\"og:title\" content=\"Acqua Micellare Schiarente - Uniest\" \/>\n<meta property=\"og:description\" content=\"*E&rsquo; possibile che la confezione possa essere diversa dalla fotografia. Acqua Micellare Schiarente \u00e8 stata appositamente studiata per le pelli sensibili e quelle couperosiche che, a causa della loro delicatezza, necessitano, di un trattamento di pulizia quotidiana delicato, protettivo e non aggressivo. L\u2019 Acqua Micellare Schiarente consente, grazie alla sua ricercata formulazione, di rispettare e [&hellip;]\" \/>\n<meta property=\"og:url\" content=\"https:\/\/uniest.it\/prodotto\/acqua-micellare-schiarente\/\" \/>\n<meta property=\"og:site_name\" content=\"Uniest\" \/>\n<meta property=\"article:modified_time\" content=\"2024-07-07T23:01:19+00:00\" \/>\n<meta property=\"og:image\" content=\"https:\/\/uniest.it\/wp-content\/uploads\/2020\/11\/010AAE.png\" \/>\n\t<meta property=\"og:image:width\" content=\"1283\" \/>\n\t<meta property=\"og:image:height\" content=\"2001\" \/>\n\t<meta property=\"og:image:type\" content=\"image\/png\" \/>\n<meta name=\"twitter:card\" content=\"summary_large_image\" \/>\n<meta name=\"twitter:label1\" content=\"Dur\u00e9e de lecture estim\u00e9e\" \/>\n\t<meta name=\"twitter:data1\" content=\"2 minutes\" \/>\n<script type=\"application\/ld+json\" class=\"yoast-schema-graph\">{\"@context\":\"https:\/\/schema.org\",\"@graph\":[{\"@type\":\"WebPage\",\"@id\":\"https:\/\/uniest.it\/prodotto\/acqua-micellare-schiarente\/\",\"url\":\"https:\/\/uniest.it\/prodotto\/acqua-micellare-schiarente\/\",\"name\":\"Acqua Micellare Schiarente - Uniest\",\"isPartOf\":{\"@id\":\"https:\/\/uniest.it\/#website\"},\"primaryImageOfPage\":{\"@id\":\"https:\/\/uniest.it\/prodotto\/acqua-micellare-schiarente\/#primaryimage\"},\"image\":{\"@id\":\"https:\/\/uniest.it\/prodotto\/acqua-micellare-schiarente\/#primaryimage\"},\"thumbnailUrl\":\"https:\/\/uniest.it\/wp-content\/uploads\/2020\/11\/010AAE.png\",\"datePublished\":\"2021-02-04T11:56:39+00:00\",\"dateModified\":\"2024-07-07T23:01:19+00:00\",\"breadcrumb\":{\"@id\":\"https:\/\/uniest.it\/prodotto\/acqua-micellare-schiarente\/#breadcrumb\"},\"inLanguage\":\"fr-FR\",\"potentialAction\":[{\"@type\":\"ReadAction\",\"target\":[\"https:\/\/uniest.it\/prodotto\/acqua-micellare-schiarente\/\"]}]},{\"@type\":\"ImageObject\",\"inLanguage\":\"fr-FR\",\"@id\":\"https:\/\/uniest.it\/prodotto\/acqua-micellare-schiarente\/#primaryimage\",\"url\":\"https:\/\/uniest.it\/wp-content\/uploads\/2020\/11\/010AAE.png\",\"contentUrl\":\"https:\/\/uniest.it\/wp-content\/uploads\/2020\/11\/010AAE.png\",\"width\":1283,\"height\":2001},{\"@type\":\"BreadcrumbList\",\"@id\":\"https:\/\/uniest.it\/prodotto\/acqua-micellare-schiarente\/#breadcrumb\",\"itemListElement\":[{\"@type\":\"ListItem\",\"position\":1,\"name\":\"Home\",\"item\":\"https:\/\/uniest.it\/fr\/\"},{\"@type\":\"ListItem\",\"position\":2,\"name\":\"Shop\",\"item\":\"https:\/\/uniest.it\/shop\/\"},{\"@type\":\"ListItem\",\"position\":3,\"name\":\"Acqua Micellare Schiarente\"}]},{\"@type\":\"WebSite\",\"@id\":\"https:\/\/uniest.it\/#website\",\"url\":\"https:\/\/uniest.it\/\",\"name\":\"Uniest\",\"description\":\"Cosmetici Naturali e Bio\",\"potentialAction\":[{\"@type\":\"SearchAction\",\"target\":{\"@type\":\"EntryPoint\",\"urlTemplate\":\"https:\/\/uniest.it\/?s={search_term_string}\"},\"query-input\":{\"@type\":\"PropertyValueSpecification\",\"valueRequired\":true,\"valueName\":\"search_term_string\"}}],\"inLanguage\":\"fr-FR\"}]}<\/script>\n<!-- \/ Yoast SEO plugin. -->","yoast_head_json":{"title":"Acqua Micellare Schiarente - Uniest","robots":{"index":"index","follow":"follow","max-snippet":"max-snippet:-1","max-image-preview":"max-image-preview:large","max-video-preview":"max-video-preview:-1"},"canonical":"https:\/\/uniest.it\/prodotto\/acqua-micellare-schiarente\/","og_locale":"fr_FR","og_type":"article","og_title":"Acqua Micellare Schiarente - Uniest","og_description":"*E&rsquo; possibile che la confezione possa essere diversa dalla fotografia. Acqua Micellare Schiarente \u00e8 stata appositamente studiata per le pelli sensibili e quelle couperosiche che, a causa della loro delicatezza, necessitano, di un trattamento di pulizia quotidiana delicato, protettivo e non aggressivo. L\u2019 Acqua Micellare Schiarente consente, grazie alla sua ricercata formulazione, di rispettare e [&hellip;]","og_url":"https:\/\/uniest.it\/prodotto\/acqua-micellare-schiarente\/","og_site_name":"Uniest","article_modified_time":"2024-07-07T23:01:19+00:00","og_image":[{"width":1283,"height":2001,"url":"https:\/\/uniest.it\/wp-content\/uploads\/2020\/11\/010AAE.png","type":"image\/png"}],"twitter_card":"summary_large_image","twitter_misc":{"Dur\u00e9e de lecture estim\u00e9e":"2 minutes"},"schema":{"@context":"https:\/\/schema.org","@graph":[{"@type":"WebPage","@id":"https:\/\/uniest.it\/prodotto\/acqua-micellare-schiarente\/","url":"https:\/\/uniest.it\/prodotto\/acqua-micellare-schiarente\/","name":"Acqua Micellare Schiarente - Uniest","isPartOf":{"@id":"https:\/\/uniest.it\/#website"},"primaryImageOfPage":{"@id":"https:\/\/uniest.it\/prodotto\/acqua-micellare-schiarente\/#primaryimage"},"image":{"@id":"https:\/\/uniest.it\/prodotto\/acqua-micellare-schiarente\/#primaryimage"},"thumbnailUrl":"https:\/\/uniest.it\/wp-content\/uploads\/2020\/11\/010AAE.png","datePublished":"2021-02-04T11:56:39+00:00","dateModified":"2024-07-07T23:01:19+00:00","breadcrumb":{"@id":"https:\/\/uniest.it\/prodotto\/acqua-micellare-schiarente\/#breadcrumb"},"inLanguage":"fr-FR","potentialAction":[{"@type":"ReadAction","target":["https:\/\/uniest.it\/prodotto\/acqua-micellare-schiarente\/"]}]},{"@type":"ImageObject","inLanguage":"fr-FR","@id":"https:\/\/uniest.it\/prodotto\/acqua-micellare-schiarente\/#primaryimage","url":"https:\/\/uniest.it\/wp-content\/uploads\/2020\/11\/010AAE.png","contentUrl":"https:\/\/uniest.it\/wp-content\/uploads\/2020\/11\/010AAE.png","width":1283,"height":2001},{"@type":"BreadcrumbList","@id":"https:\/\/uniest.it\/prodotto\/acqua-micellare-schiarente\/#breadcrumb","itemListElement":[{"@type":"ListItem","position":1,"name":"Home","item":"https:\/\/uniest.it\/fr\/"},{"@type":"ListItem","position":2,"name":"Shop","item":"https:\/\/uniest.it\/shop\/"},{"@type":"ListItem","position":3,"name":"Acqua Micellare Schiarente"}]},{"@type":"WebSite","@id":"https:\/\/uniest.it\/#website","url":"https:\/\/uniest.it\/","name":"Uniest","description":"Cosmetici Naturali e Bio","potentialAction":[{"@type":"SearchAction","target":{"@type":"EntryPoint","urlTemplate":"https:\/\/uniest.it\/?s={search_term_string}"},"query-input":{"@type":"PropertyValueSpecification","valueRequired":true,"valueName":"search_term_string"}}],"inLanguage":"fr-FR"}]}},"_links":{"self":[{"href":"https:\/\/uniest.it\/fr\/wp-json\/wp\/v2\/product\/741","targetHints":{"allow":["GET"]}}],"collection":[{"href":"https:\/\/uniest.it\/fr\/wp-json\/wp\/v2\/product"}],"about":[{"href":"https:\/\/uniest.it\/fr\/wp-json\/wp\/v2\/types\/product"}],"wp:featuredmedia":[{"embeddable":true,"href":"https:\/\/uniest.it\/fr\/wp-json\/wp\/v2\/media\/537"}],"wp:attachment":[{"href":"https:\/\/uniest.it\/fr\/wp-json\/wp\/v2\/media?parent=741"}],"wp:term":[{"taxonomy":"product_brand","embeddable":true,"href":"https:\/\/uniest.it\/fr\/wp-json\/wp\/v2\/product_brand?post=741"},{"taxonomy":"product_cat","embeddable":true,"href":"https:\/\/uniest.it\/fr\/wp-json\/wp\/v2\/product_cat?post=741"},{"taxonomy":"product_tag","embeddable":true,"href":"https:\/\/uniest.it\/fr\/wp-json\/wp\/v2\/product_tag?post=741"}],"curies":[{"name":"wp","href":"https:\/\/api.w.org\/{rel}","templated":true}]}}