{"id":743,"date":"2021-02-04T12:56:39","date_gmt":"2021-02-04T11:56:39","guid":{"rendered":"https:\/\/uniest.it\/product\/total-shower\/"},"modified":"2026-02-13T13:31:24","modified_gmt":"2026-02-13T12:31:24","slug":"total-shower","status":"publish","type":"product","link":"https:\/\/uniest.it\/fr\/prodotto\/total-shower\/","title":{"rendered":"Total Shower"},"content":{"rendered":"<p>Shampoo e doccia schiuma con Calendula, Malva, Elicrisio e Aloe Biologica<br \/>\nTotal Shower \u00e8 adatto per tutti i tipi di pelle, anche le pi\u00f9 delicate e sensibili.<br \/>\n\u00c8 formulato con tensioattivi naturali derivati dal Cocco e dall\u2019Olio di Oliva ed arricchito con dei preziosi attivi vegetali che ne fanno un prodotto di qualit\u00e0 superiore.<br \/>\nGli estratti di Calendula, Malva ed Elicriso in esso contenuti possiedono propriet\u00e0 lenitive ed emollienti che, in sinergia con l\u2019Aloe, apportano alla pelle gli elementi nutritivi indispensabili per assicurare una perfetta e duratura idratazione. Contiene inoltre fattori umettanti quali il Sorbitolo e la Glicerina Vegetale.<br \/>\nIdeale anche per chi pratica sport.<\/p>\n","protected":false},"excerpt":{"rendered":"<p>Shampoo e doccia schiuma con Calendula, Malva, Elicrisio e Aloe Biologica Total Shower \u00e8 adatto per tutti i tipi di pelle, anche le pi\u00f9 delicate e sensibili. \u00c8 formulato con tensioattivi naturali derivati dal Cocco e dall\u2019Olio di Oliva ed arricchito con dei preziosi attivi vegetali che ne fanno un prodotto di qualit\u00e0 superiore. Gli [&hellip;]<\/p>\n","protected":false},"featured_media":1146,"template":"","meta":{"_acf_changed":false,"inline_featured_image":false},"product_brand":[],"product_cat":[1093,1095],"product_tag":[],"class_list":{"0":"post-743","1":"product","2":"type-product","3":"status-publish","4":"has-post-thumbnail","6":"product_beauty-aromatizzare-e-profumare","7":"product_beauty-detergere","8":"product_beauty-idratare","9":"product_beauty-lenire","10":"product_skin-tutte-le-pelli","11":"product_skin-tutti-i-capelli","12":"product_kind-bagno","13":"product_kind-doccia","14":"product_kind-shampoo-e-detergenza","15":"product_lines-uomo","16":"product_cat-corpo","17":"product_cat-uomo","18":"pa_size-136","20":"first","21":"instock","22":"taxable","23":"shipping-taxable","24":"purchasable","25":"product-type-simple"},"acf":[],"yoast_head":"<!-- This site is optimized with the Yoast SEO plugin v24.6 - https:\/\/yoast.com\/wordpress\/plugins\/seo\/ -->\n<title>Total Shower - Uniest<\/title>\n<meta name=\"robots\" content=\"index, follow, max-snippet:-1, max-image-preview:large, max-video-preview:-1\" \/>\n<link rel=\"canonical\" href=\"https:\/\/uniest.it\/prodotto\/total-shower\/\" \/>\n<meta property=\"og:locale\" content=\"fr_FR\" \/>\n<meta property=\"og:type\" content=\"article\" \/>\n<meta property=\"og:title\" content=\"Total Shower - Uniest\" \/>\n<meta property=\"og:description\" content=\"Shampoo e doccia schiuma con Calendula, Malva, Elicrisio e Aloe Biologica Total Shower \u00e8 adatto per tutti i tipi di pelle, anche le pi\u00f9 delicate e sensibili. \u00c8 formulato con tensioattivi naturali derivati dal Cocco e dall\u2019Olio di Oliva ed arricchito con dei preziosi attivi vegetali che ne fanno un prodotto di qualit\u00e0 superiore. Gli [&hellip;]\" \/>\n<meta property=\"og:url\" content=\"https:\/\/uniest.it\/prodotto\/total-shower\/\" \/>\n<meta property=\"og:site_name\" content=\"Uniest\" \/>\n<meta property=\"article:modified_time\" content=\"2026-02-13T12:31:24+00:00\" \/>\n<meta property=\"og:image\" content=\"https:\/\/uniest.it\/wp-content\/uploads\/2020\/12\/010AAU.png\" \/>\n\t<meta property=\"og:image:width\" content=\"1283\" \/>\n\t<meta property=\"og:image:height\" content=\"2000\" \/>\n\t<meta property=\"og:image:type\" content=\"image\/png\" \/>\n<meta name=\"twitter:card\" content=\"summary_large_image\" \/>\n<meta name=\"twitter:label1\" content=\"Dur\u00e9e de lecture estim\u00e9e\" \/>\n\t<meta name=\"twitter:data1\" content=\"1 minute\" \/>\n<script type=\"application\/ld+json\" class=\"yoast-schema-graph\">{\"@context\":\"https:\/\/schema.org\",\"@graph\":[{\"@type\":\"WebPage\",\"@id\":\"https:\/\/uniest.it\/prodotto\/total-shower\/\",\"url\":\"https:\/\/uniest.it\/prodotto\/total-shower\/\",\"name\":\"Total Shower - Uniest\",\"isPartOf\":{\"@id\":\"https:\/\/uniest.it\/#website\"},\"primaryImageOfPage\":{\"@id\":\"https:\/\/uniest.it\/prodotto\/total-shower\/#primaryimage\"},\"image\":{\"@id\":\"https:\/\/uniest.it\/prodotto\/total-shower\/#primaryimage\"},\"thumbnailUrl\":\"https:\/\/uniest.it\/wp-content\/uploads\/2020\/12\/010AAU.png\",\"datePublished\":\"2021-02-04T11:56:39+00:00\",\"dateModified\":\"2026-02-13T12:31:24+00:00\",\"breadcrumb\":{\"@id\":\"https:\/\/uniest.it\/prodotto\/total-shower\/#breadcrumb\"},\"inLanguage\":\"fr-FR\",\"potentialAction\":[{\"@type\":\"ReadAction\",\"target\":[\"https:\/\/uniest.it\/prodotto\/total-shower\/\"]}]},{\"@type\":\"ImageObject\",\"inLanguage\":\"fr-FR\",\"@id\":\"https:\/\/uniest.it\/prodotto\/total-shower\/#primaryimage\",\"url\":\"https:\/\/uniest.it\/wp-content\/uploads\/2020\/12\/010AAU.png\",\"contentUrl\":\"https:\/\/uniest.it\/wp-content\/uploads\/2020\/12\/010AAU.png\",\"width\":1283,\"height\":2000},{\"@type\":\"BreadcrumbList\",\"@id\":\"https:\/\/uniest.it\/prodotto\/total-shower\/#breadcrumb\",\"itemListElement\":[{\"@type\":\"ListItem\",\"position\":1,\"name\":\"Home\",\"item\":\"https:\/\/uniest.it\/fr\/\"},{\"@type\":\"ListItem\",\"position\":2,\"name\":\"Shop\",\"item\":\"https:\/\/uniest.it\/shop\/\"},{\"@type\":\"ListItem\",\"position\":3,\"name\":\"Total Shower\"}]},{\"@type\":\"WebSite\",\"@id\":\"https:\/\/uniest.it\/#website\",\"url\":\"https:\/\/uniest.it\/\",\"name\":\"Uniest\",\"description\":\"Cosmetici Naturali e Bio\",\"potentialAction\":[{\"@type\":\"SearchAction\",\"target\":{\"@type\":\"EntryPoint\",\"urlTemplate\":\"https:\/\/uniest.it\/?s={search_term_string}\"},\"query-input\":{\"@type\":\"PropertyValueSpecification\",\"valueRequired\":true,\"valueName\":\"search_term_string\"}}],\"inLanguage\":\"fr-FR\"}]}<\/script>\n<!-- \/ Yoast SEO plugin. -->","yoast_head_json":{"title":"Total Shower - Uniest","robots":{"index":"index","follow":"follow","max-snippet":"max-snippet:-1","max-image-preview":"max-image-preview:large","max-video-preview":"max-video-preview:-1"},"canonical":"https:\/\/uniest.it\/prodotto\/total-shower\/","og_locale":"fr_FR","og_type":"article","og_title":"Total Shower - Uniest","og_description":"Shampoo e doccia schiuma con Calendula, Malva, Elicrisio e Aloe Biologica Total Shower \u00e8 adatto per tutti i tipi di pelle, anche le pi\u00f9 delicate e sensibili. \u00c8 formulato con tensioattivi naturali derivati dal Cocco e dall\u2019Olio di Oliva ed arricchito con dei preziosi attivi vegetali che ne fanno un prodotto di qualit\u00e0 superiore. Gli [&hellip;]","og_url":"https:\/\/uniest.it\/prodotto\/total-shower\/","og_site_name":"Uniest","article_modified_time":"2026-02-13T12:31:24+00:00","og_image":[{"width":1283,"height":2000,"url":"https:\/\/uniest.it\/wp-content\/uploads\/2020\/12\/010AAU.png","type":"image\/png"}],"twitter_card":"summary_large_image","twitter_misc":{"Dur\u00e9e de lecture estim\u00e9e":"1 minute"},"schema":{"@context":"https:\/\/schema.org","@graph":[{"@type":"WebPage","@id":"https:\/\/uniest.it\/prodotto\/total-shower\/","url":"https:\/\/uniest.it\/prodotto\/total-shower\/","name":"Total Shower - Uniest","isPartOf":{"@id":"https:\/\/uniest.it\/#website"},"primaryImageOfPage":{"@id":"https:\/\/uniest.it\/prodotto\/total-shower\/#primaryimage"},"image":{"@id":"https:\/\/uniest.it\/prodotto\/total-shower\/#primaryimage"},"thumbnailUrl":"https:\/\/uniest.it\/wp-content\/uploads\/2020\/12\/010AAU.png","datePublished":"2021-02-04T11:56:39+00:00","dateModified":"2026-02-13T12:31:24+00:00","breadcrumb":{"@id":"https:\/\/uniest.it\/prodotto\/total-shower\/#breadcrumb"},"inLanguage":"fr-FR","potentialAction":[{"@type":"ReadAction","target":["https:\/\/uniest.it\/prodotto\/total-shower\/"]}]},{"@type":"ImageObject","inLanguage":"fr-FR","@id":"https:\/\/uniest.it\/prodotto\/total-shower\/#primaryimage","url":"https:\/\/uniest.it\/wp-content\/uploads\/2020\/12\/010AAU.png","contentUrl":"https:\/\/uniest.it\/wp-content\/uploads\/2020\/12\/010AAU.png","width":1283,"height":2000},{"@type":"BreadcrumbList","@id":"https:\/\/uniest.it\/prodotto\/total-shower\/#breadcrumb","itemListElement":[{"@type":"ListItem","position":1,"name":"Home","item":"https:\/\/uniest.it\/fr\/"},{"@type":"ListItem","position":2,"name":"Shop","item":"https:\/\/uniest.it\/shop\/"},{"@type":"ListItem","position":3,"name":"Total Shower"}]},{"@type":"WebSite","@id":"https:\/\/uniest.it\/#website","url":"https:\/\/uniest.it\/","name":"Uniest","description":"Cosmetici Naturali e Bio","potentialAction":[{"@type":"SearchAction","target":{"@type":"EntryPoint","urlTemplate":"https:\/\/uniest.it\/?s={search_term_string}"},"query-input":{"@type":"PropertyValueSpecification","valueRequired":true,"valueName":"search_term_string"}}],"inLanguage":"fr-FR"}]}},"_links":{"self":[{"href":"https:\/\/uniest.it\/fr\/wp-json\/wp\/v2\/product\/743","targetHints":{"allow":["GET"]}}],"collection":[{"href":"https:\/\/uniest.it\/fr\/wp-json\/wp\/v2\/product"}],"about":[{"href":"https:\/\/uniest.it\/fr\/wp-json\/wp\/v2\/types\/product"}],"wp:featuredmedia":[{"embeddable":true,"href":"https:\/\/uniest.it\/fr\/wp-json\/wp\/v2\/media\/1146"}],"wp:attachment":[{"href":"https:\/\/uniest.it\/fr\/wp-json\/wp\/v2\/media?parent=743"}],"wp:term":[{"taxonomy":"product_brand","embeddable":true,"href":"https:\/\/uniest.it\/fr\/wp-json\/wp\/v2\/product_brand?post=743"},{"taxonomy":"product_cat","embeddable":true,"href":"https:\/\/uniest.it\/fr\/wp-json\/wp\/v2\/product_cat?post=743"},{"taxonomy":"product_tag","embeddable":true,"href":"https:\/\/uniest.it\/fr\/wp-json\/wp\/v2\/product_tag?post=743"}],"curies":[{"name":"wp","href":"https:\/\/api.w.org\/{rel}","templated":true}]}}