{"id":744,"date":"2021-02-04T12:57:02","date_gmt":"2021-02-04T11:57:02","guid":{"rendered":"https:\/\/uniest.it\/product\/crema-jaluronica\/"},"modified":"2025-01-21T00:02:11","modified_gmt":"2025-01-20T23:02:11","slug":"crema-jaluronica-intensiva-idratante","status":"publish","type":"product","link":"https:\/\/uniest.it\/fr\/prodotto\/crema-jaluronica-intensiva-idratante\/","title":{"rendered":"Crema Jaluronica"},"content":{"rendered":"<p>Ricca crema idratante, adatta a tutte le et\u00e0 e per ogni tipologia di pelle.<\/p>\n<p>L&rsquo;idratazione \u00e8 alla base del benessere e della bellezza della nostra pelle e deve essere mantenuta elevata in tutte le fasce di et\u00e0.<\/p>\n<p>L&rsquo;Olio Extra Vergine di Oliva \u00e8 considerato un vero e proprio \u201cnutraceutico\u201d, ricco in Vitamine A, E, F, B, Lecitina, Sali Minerali ed Enzimi.<\/p>\n<p>Il Vino Rosso \u00e8 ricco di alfaidrossiacidi, polifenoli, zuccheri e lipidi che grazie alle molteplici azioni che svolgono sulla nostra cute, viene considerato un potente alleato per la bellezza.<\/p>\n<p>L\u2019Olio Extra Vergine di Oliva D.O.P. ed il Vino D.O.C. sono\u00a0entrambi di provenienza del Lago di Garda, ai quali vengono riconosciute propriet\u00e0 ipotensive, antiossidanti, illuminanti, anti-age e protettive.<\/p>\n<p>Arricchita con Acido Jaluronico permette di Idratare sino in profondit\u00e0 aiutando a contrastare la secchezza cutanea e prevenire la formazione di rughe.<\/p>\n","protected":false},"excerpt":{"rendered":"<p>Ricca crema idratante, adatta a tutte le et\u00e0 e per ogni tipologia di pelle. L&rsquo;idratazione \u00e8 alla base del benessere e della bellezza della nostra pelle e deve essere mantenuta elevata in tutte le fasce di et\u00e0. L&rsquo;Olio Extra Vergine di Oliva \u00e8 considerato un vero e proprio \u201cnutraceutico\u201d, ricco in Vitamine A, E, F, [&hellip;]<\/p>\n","protected":false},"featured_media":538,"template":"","meta":{"_acf_changed":false,"inline_featured_image":false},"product_brand":[],"product_cat":[1064,1290],"product_tag":[],"class_list":{"0":"post-744","1":"product","2":"type-product","3":"status-publish","4":"has-post-thumbnail","6":"product_beauty-antirughe","7":"product_beauty-idratare","8":"product_beauty-lenire","9":"product_beauty-nutrire-e-rigenerare","10":"product_beauty-proteggere","11":"product_skin-pelli-giovani-e-prime-rughe","12":"product_skin-pelli-mature-e-rughe","13":"product_skin-pelli-secche-e-normali","14":"product_kind-creme-antieta-e-prime-rughe","15":"product_kind-tutte-le-creme-viso","16":"product_lines-garda-lake-beauty","17":"product_cat-viso","18":"product_cat-garda-lake-beauty","19":"pa_size-94","21":"first","22":"instock","23":"taxable","24":"shipping-taxable","25":"purchasable","26":"product-type-simple"},"acf":[],"yoast_head":"<!-- This site is optimized with the Yoast SEO plugin v24.6 - https:\/\/yoast.com\/wordpress\/plugins\/seo\/ -->\n<title>Crema Jaluronica - Uniest<\/title>\n<meta name=\"description\" content=\"Ricca crema idratante Ricca crema idratante, adatta a tutte le et\u00e0 e per ogni tipologia di pelle, potenziata con Acido Jaluronico.\" \/>\n<meta name=\"robots\" content=\"index, follow, max-snippet:-1, max-image-preview:large, max-video-preview:-1\" \/>\n<link rel=\"canonical\" href=\"https:\/\/uniest.it\/prodotto\/crema-jaluronica-intensiva-idratante\/\" \/>\n<meta property=\"og:locale\" content=\"fr_FR\" \/>\n<meta property=\"og:type\" content=\"article\" \/>\n<meta property=\"og:title\" content=\"Crema Jaluronica - Uniest\" \/>\n<meta property=\"og:description\" content=\"Ricca crema idratante Ricca crema idratante, adatta a tutte le et\u00e0 e per ogni tipologia di pelle, potenziata con Acido Jaluronico.\" \/>\n<meta property=\"og:url\" content=\"https:\/\/uniest.it\/prodotto\/crema-jaluronica-intensiva-idratante\/\" \/>\n<meta property=\"og:site_name\" content=\"Uniest\" \/>\n<meta property=\"article:modified_time\" content=\"2025-01-20T23:02:11+00:00\" \/>\n<meta property=\"og:image\" content=\"https:\/\/uniest.it\/wp-content\/uploads\/2020\/11\/010LGB.png\" \/>\n\t<meta property=\"og:image:width\" content=\"1283\" \/>\n\t<meta property=\"og:image:height\" content=\"2000\" \/>\n\t<meta property=\"og:image:type\" content=\"image\/png\" \/>\n<meta name=\"twitter:card\" content=\"summary_large_image\" \/>\n<meta name=\"twitter:label1\" content=\"Dur\u00e9e de lecture estim\u00e9e\" \/>\n\t<meta name=\"twitter:data1\" content=\"1 minute\" \/>\n<script type=\"application\/ld+json\" class=\"yoast-schema-graph\">{\"@context\":\"https:\/\/schema.org\",\"@graph\":[{\"@type\":\"WebPage\",\"@id\":\"https:\/\/uniest.it\/prodotto\/crema-jaluronica-intensiva-idratante\/\",\"url\":\"https:\/\/uniest.it\/prodotto\/crema-jaluronica-intensiva-idratante\/\",\"name\":\"Crema Jaluronica - Uniest\",\"isPartOf\":{\"@id\":\"https:\/\/uniest.it\/#website\"},\"primaryImageOfPage\":{\"@id\":\"https:\/\/uniest.it\/prodotto\/crema-jaluronica-intensiva-idratante\/#primaryimage\"},\"image\":{\"@id\":\"https:\/\/uniest.it\/prodotto\/crema-jaluronica-intensiva-idratante\/#primaryimage\"},\"thumbnailUrl\":\"https:\/\/uniest.it\/wp-content\/uploads\/2020\/11\/010LGB.png\",\"datePublished\":\"2021-02-04T11:57:02+00:00\",\"dateModified\":\"2025-01-20T23:02:11+00:00\",\"description\":\"Ricca crema idratante Ricca crema idratante, adatta a tutte le et\u00e0 e per ogni tipologia di pelle, potenziata con Acido Jaluronico.\",\"breadcrumb\":{\"@id\":\"https:\/\/uniest.it\/prodotto\/crema-jaluronica-intensiva-idratante\/#breadcrumb\"},\"inLanguage\":\"fr-FR\",\"potentialAction\":[{\"@type\":\"ReadAction\",\"target\":[\"https:\/\/uniest.it\/prodotto\/crema-jaluronica-intensiva-idratante\/\"]}]},{\"@type\":\"ImageObject\",\"inLanguage\":\"fr-FR\",\"@id\":\"https:\/\/uniest.it\/prodotto\/crema-jaluronica-intensiva-idratante\/#primaryimage\",\"url\":\"https:\/\/uniest.it\/wp-content\/uploads\/2020\/11\/010LGB.png\",\"contentUrl\":\"https:\/\/uniest.it\/wp-content\/uploads\/2020\/11\/010LGB.png\",\"width\":1283,\"height\":2000},{\"@type\":\"BreadcrumbList\",\"@id\":\"https:\/\/uniest.it\/prodotto\/crema-jaluronica-intensiva-idratante\/#breadcrumb\",\"itemListElement\":[{\"@type\":\"ListItem\",\"position\":1,\"name\":\"Home\",\"item\":\"https:\/\/uniest.it\/fr\/\"},{\"@type\":\"ListItem\",\"position\":2,\"name\":\"Shop\",\"item\":\"https:\/\/uniest.it\/shop\/\"},{\"@type\":\"ListItem\",\"position\":3,\"name\":\"Crema Jaluronica\"}]},{\"@type\":\"WebSite\",\"@id\":\"https:\/\/uniest.it\/#website\",\"url\":\"https:\/\/uniest.it\/\",\"name\":\"Uniest\",\"description\":\"Cosmetici Naturali e Bio\",\"potentialAction\":[{\"@type\":\"SearchAction\",\"target\":{\"@type\":\"EntryPoint\",\"urlTemplate\":\"https:\/\/uniest.it\/?s={search_term_string}\"},\"query-input\":{\"@type\":\"PropertyValueSpecification\",\"valueRequired\":true,\"valueName\":\"search_term_string\"}}],\"inLanguage\":\"fr-FR\"}]}<\/script>\n<!-- \/ Yoast SEO plugin. -->","yoast_head_json":{"title":"Crema Jaluronica - Uniest","description":"Ricca crema idratante Ricca crema idratante, adatta a tutte le et\u00e0 e per ogni tipologia di pelle, potenziata con Acido Jaluronico.","robots":{"index":"index","follow":"follow","max-snippet":"max-snippet:-1","max-image-preview":"max-image-preview:large","max-video-preview":"max-video-preview:-1"},"canonical":"https:\/\/uniest.it\/prodotto\/crema-jaluronica-intensiva-idratante\/","og_locale":"fr_FR","og_type":"article","og_title":"Crema Jaluronica - Uniest","og_description":"Ricca crema idratante Ricca crema idratante, adatta a tutte le et\u00e0 e per ogni tipologia di pelle, potenziata con Acido Jaluronico.","og_url":"https:\/\/uniest.it\/prodotto\/crema-jaluronica-intensiva-idratante\/","og_site_name":"Uniest","article_modified_time":"2025-01-20T23:02:11+00:00","og_image":[{"width":1283,"height":2000,"url":"https:\/\/uniest.it\/wp-content\/uploads\/2020\/11\/010LGB.png","type":"image\/png"}],"twitter_card":"summary_large_image","twitter_misc":{"Dur\u00e9e de lecture estim\u00e9e":"1 minute"},"schema":{"@context":"https:\/\/schema.org","@graph":[{"@type":"WebPage","@id":"https:\/\/uniest.it\/prodotto\/crema-jaluronica-intensiva-idratante\/","url":"https:\/\/uniest.it\/prodotto\/crema-jaluronica-intensiva-idratante\/","name":"Crema Jaluronica - Uniest","isPartOf":{"@id":"https:\/\/uniest.it\/#website"},"primaryImageOfPage":{"@id":"https:\/\/uniest.it\/prodotto\/crema-jaluronica-intensiva-idratante\/#primaryimage"},"image":{"@id":"https:\/\/uniest.it\/prodotto\/crema-jaluronica-intensiva-idratante\/#primaryimage"},"thumbnailUrl":"https:\/\/uniest.it\/wp-content\/uploads\/2020\/11\/010LGB.png","datePublished":"2021-02-04T11:57:02+00:00","dateModified":"2025-01-20T23:02:11+00:00","description":"Ricca crema idratante Ricca crema idratante, adatta a tutte le et\u00e0 e per ogni tipologia di pelle, potenziata con Acido Jaluronico.","breadcrumb":{"@id":"https:\/\/uniest.it\/prodotto\/crema-jaluronica-intensiva-idratante\/#breadcrumb"},"inLanguage":"fr-FR","potentialAction":[{"@type":"ReadAction","target":["https:\/\/uniest.it\/prodotto\/crema-jaluronica-intensiva-idratante\/"]}]},{"@type":"ImageObject","inLanguage":"fr-FR","@id":"https:\/\/uniest.it\/prodotto\/crema-jaluronica-intensiva-idratante\/#primaryimage","url":"https:\/\/uniest.it\/wp-content\/uploads\/2020\/11\/010LGB.png","contentUrl":"https:\/\/uniest.it\/wp-content\/uploads\/2020\/11\/010LGB.png","width":1283,"height":2000},{"@type":"BreadcrumbList","@id":"https:\/\/uniest.it\/prodotto\/crema-jaluronica-intensiva-idratante\/#breadcrumb","itemListElement":[{"@type":"ListItem","position":1,"name":"Home","item":"https:\/\/uniest.it\/fr\/"},{"@type":"ListItem","position":2,"name":"Shop","item":"https:\/\/uniest.it\/shop\/"},{"@type":"ListItem","position":3,"name":"Crema Jaluronica"}]},{"@type":"WebSite","@id":"https:\/\/uniest.it\/#website","url":"https:\/\/uniest.it\/","name":"Uniest","description":"Cosmetici Naturali e Bio","potentialAction":[{"@type":"SearchAction","target":{"@type":"EntryPoint","urlTemplate":"https:\/\/uniest.it\/?s={search_term_string}"},"query-input":{"@type":"PropertyValueSpecification","valueRequired":true,"valueName":"search_term_string"}}],"inLanguage":"fr-FR"}]}},"_links":{"self":[{"href":"https:\/\/uniest.it\/fr\/wp-json\/wp\/v2\/product\/744","targetHints":{"allow":["GET"]}}],"collection":[{"href":"https:\/\/uniest.it\/fr\/wp-json\/wp\/v2\/product"}],"about":[{"href":"https:\/\/uniest.it\/fr\/wp-json\/wp\/v2\/types\/product"}],"wp:featuredmedia":[{"embeddable":true,"href":"https:\/\/uniest.it\/fr\/wp-json\/wp\/v2\/media\/538"}],"wp:attachment":[{"href":"https:\/\/uniest.it\/fr\/wp-json\/wp\/v2\/media?parent=744"}],"wp:term":[{"taxonomy":"product_brand","embeddable":true,"href":"https:\/\/uniest.it\/fr\/wp-json\/wp\/v2\/product_brand?post=744"},{"taxonomy":"product_cat","embeddable":true,"href":"https:\/\/uniest.it\/fr\/wp-json\/wp\/v2\/product_cat?post=744"},{"taxonomy":"product_tag","embeddable":true,"href":"https:\/\/uniest.it\/fr\/wp-json\/wp\/v2\/product_tag?post=744"}],"curies":[{"name":"wp","href":"https:\/\/api.w.org\/{rel}","templated":true}]}}