{"id":770,"date":"2021-04-02T00:01:22","date_gmt":"2021-04-01T23:01:22","guid":{"rendered":"https:\/\/uniest.it\/product\/vitamine-a-c-e-in-burro-karite-bio\/"},"modified":"2025-04-16T11:59:08","modified_gmt":"2025-04-16T10:59:08","slug":"vitamine-a-c-e-in-burro-di-karite-bio","status":"publish","type":"product","link":"https:\/\/uniest.it\/fr\/prodotto\/vitamine-a-c-e-in-burro-di-karite-bio\/","title":{"rendered":"Vitamine A.C.E. in Burro di Karit\u00e8 BIO"},"content":{"rendered":"<p>Il Burro di Karit\u00e8* BIOLOGICO e l&rsquo;Olio Extra Vergine di Oliva sono ricchissimi di Vitamine A, B, E e F. Il Burro di Karit\u00e8 vanta propriet\u00e0 riepitelizzanti, emollienti, Antirughe, elasticizzanti, idratanti, antiossidanti, lenitive, filmanti e protettive.<\/p>\n","protected":false},"excerpt":{"rendered":"<p>Il Burro di Karit\u00e8* BIOLOGICO e l&rsquo;Olio Extra Vergine di Oliva sono ricchissimi di Vitamine A, B, E e F. Il Burro di Karit\u00e8 vanta propriet\u00e0 riepitelizzanti, emollienti, Antirughe, elasticizzanti, idratanti, antiossidanti, lenitive, filmanti e protettive.<\/p>\n","protected":false},"featured_media":550,"template":"","meta":{"_acf_changed":false,"inline_featured_image":false},"product_brand":[],"product_cat":[1093,1111,1064,1290],"product_tag":[],"class_list":{"0":"post-770","1":"product","2":"type-product","3":"status-publish","4":"has-post-thumbnail","6":"product_beauty-antirughe","7":"product_beauty-idratare","8":"product_beauty-lenire","9":"product_beauty-nutrire-e-rigenerare","10":"product_beauty-proteggere","11":"product_beauty-schiarire","12":"product_skin-tutte-le-pelli","13":"product_kind-creme-antieta-e-prime-rughe","14":"product_kind-oli-e-burri","15":"product_kind-trattamenti-speciali","16":"product_kind-tutte-le-creme-viso","17":"product_lines-garda-lake-beauty","18":"product_cat-corpo","19":"product_cat-mani-e-piedi","20":"product_cat-viso","21":"product_cat-garda-lake-beauty","22":"pa_size-94","24":"first","25":"instock","26":"taxable","27":"shipping-taxable","28":"purchasable","29":"product-type-simple"},"acf":[],"yoast_head":"<!-- This site is optimized with the Yoast SEO plugin v24.6 - https:\/\/yoast.com\/wordpress\/plugins\/seo\/ -->\n<title>Vitamine A.C.E. in Burro di Karit\u00e8 BIO - Uniest<\/title>\n<meta name=\"robots\" content=\"index, follow, max-snippet:-1, max-image-preview:large, max-video-preview:-1\" \/>\n<link rel=\"canonical\" href=\"https:\/\/uniest.it\/prodotto\/vitamine-a-c-e-in-burro-di-karite-bio\/\" \/>\n<meta property=\"og:locale\" content=\"fr_FR\" \/>\n<meta property=\"og:type\" content=\"article\" \/>\n<meta property=\"og:title\" content=\"Vitamine A.C.E. in Burro di Karit\u00e8 BIO - Uniest\" \/>\n<meta property=\"og:description\" content=\"Il Burro di Karit\u00e8* BIOLOGICO e l&rsquo;Olio Extra Vergine di Oliva sono ricchissimi di Vitamine A, B, E e F. Il Burro di Karit\u00e8 vanta propriet\u00e0 riepitelizzanti, emollienti, Antirughe, elasticizzanti, idratanti, antiossidanti, lenitive, filmanti e protettive.\" \/>\n<meta property=\"og:url\" content=\"https:\/\/uniest.it\/prodotto\/vitamine-a-c-e-in-burro-di-karite-bio\/\" \/>\n<meta property=\"og:site_name\" content=\"Uniest\" \/>\n<meta property=\"article:modified_time\" content=\"2025-04-16T10:59:08+00:00\" \/>\n<meta property=\"og:image\" content=\"https:\/\/uniest.it\/wp-content\/uploads\/2020\/11\/013LGB.png\" \/>\n\t<meta property=\"og:image:width\" content=\"1283\" \/>\n\t<meta property=\"og:image:height\" content=\"2000\" \/>\n\t<meta property=\"og:image:type\" content=\"image\/png\" \/>\n<meta name=\"twitter:card\" content=\"summary_large_image\" \/>\n<meta name=\"twitter:label1\" content=\"Dur\u00e9e de lecture estim\u00e9e\" \/>\n\t<meta name=\"twitter:data1\" content=\"1 minute\" \/>\n<script type=\"application\/ld+json\" class=\"yoast-schema-graph\">{\"@context\":\"https:\/\/schema.org\",\"@graph\":[{\"@type\":\"WebPage\",\"@id\":\"https:\/\/uniest.it\/prodotto\/vitamine-a-c-e-in-burro-di-karite-bio\/\",\"url\":\"https:\/\/uniest.it\/prodotto\/vitamine-a-c-e-in-burro-di-karite-bio\/\",\"name\":\"Vitamine A.C.E. in Burro di Karit\u00e8 BIO - Uniest\",\"isPartOf\":{\"@id\":\"https:\/\/uniest.it\/#website\"},\"primaryImageOfPage\":{\"@id\":\"https:\/\/uniest.it\/prodotto\/vitamine-a-c-e-in-burro-di-karite-bio\/#primaryimage\"},\"image\":{\"@id\":\"https:\/\/uniest.it\/prodotto\/vitamine-a-c-e-in-burro-di-karite-bio\/#primaryimage\"},\"thumbnailUrl\":\"https:\/\/uniest.it\/wp-content\/uploads\/2020\/11\/013LGB.png\",\"datePublished\":\"2021-04-01T23:01:22+00:00\",\"dateModified\":\"2025-04-16T10:59:08+00:00\",\"breadcrumb\":{\"@id\":\"https:\/\/uniest.it\/prodotto\/vitamine-a-c-e-in-burro-di-karite-bio\/#breadcrumb\"},\"inLanguage\":\"fr-FR\",\"potentialAction\":[{\"@type\":\"ReadAction\",\"target\":[\"https:\/\/uniest.it\/prodotto\/vitamine-a-c-e-in-burro-di-karite-bio\/\"]}]},{\"@type\":\"ImageObject\",\"inLanguage\":\"fr-FR\",\"@id\":\"https:\/\/uniest.it\/prodotto\/vitamine-a-c-e-in-burro-di-karite-bio\/#primaryimage\",\"url\":\"https:\/\/uniest.it\/wp-content\/uploads\/2020\/11\/013LGB.png\",\"contentUrl\":\"https:\/\/uniest.it\/wp-content\/uploads\/2020\/11\/013LGB.png\",\"width\":1283,\"height\":2000},{\"@type\":\"BreadcrumbList\",\"@id\":\"https:\/\/uniest.it\/prodotto\/vitamine-a-c-e-in-burro-di-karite-bio\/#breadcrumb\",\"itemListElement\":[{\"@type\":\"ListItem\",\"position\":1,\"name\":\"Home\",\"item\":\"https:\/\/uniest.it\/fr\/\"},{\"@type\":\"ListItem\",\"position\":2,\"name\":\"Shop\",\"item\":\"https:\/\/uniest.it\/shop\/\"},{\"@type\":\"ListItem\",\"position\":3,\"name\":\"Vitamine A.C.E. in Burro di Karit\u00e8 BIO\"}]},{\"@type\":\"WebSite\",\"@id\":\"https:\/\/uniest.it\/#website\",\"url\":\"https:\/\/uniest.it\/\",\"name\":\"Uniest\",\"description\":\"Cosmetici Naturali e Bio\",\"potentialAction\":[{\"@type\":\"SearchAction\",\"target\":{\"@type\":\"EntryPoint\",\"urlTemplate\":\"https:\/\/uniest.it\/?s={search_term_string}\"},\"query-input\":{\"@type\":\"PropertyValueSpecification\",\"valueRequired\":true,\"valueName\":\"search_term_string\"}}],\"inLanguage\":\"fr-FR\"}]}<\/script>\n<!-- \/ Yoast SEO plugin. -->","yoast_head_json":{"title":"Vitamine A.C.E. in Burro di Karit\u00e8 BIO - Uniest","robots":{"index":"index","follow":"follow","max-snippet":"max-snippet:-1","max-image-preview":"max-image-preview:large","max-video-preview":"max-video-preview:-1"},"canonical":"https:\/\/uniest.it\/prodotto\/vitamine-a-c-e-in-burro-di-karite-bio\/","og_locale":"fr_FR","og_type":"article","og_title":"Vitamine A.C.E. in Burro di Karit\u00e8 BIO - Uniest","og_description":"Il Burro di Karit\u00e8* BIOLOGICO e l&rsquo;Olio Extra Vergine di Oliva sono ricchissimi di Vitamine A, B, E e F. Il Burro di Karit\u00e8 vanta propriet\u00e0 riepitelizzanti, emollienti, Antirughe, elasticizzanti, idratanti, antiossidanti, lenitive, filmanti e protettive.","og_url":"https:\/\/uniest.it\/prodotto\/vitamine-a-c-e-in-burro-di-karite-bio\/","og_site_name":"Uniest","article_modified_time":"2025-04-16T10:59:08+00:00","og_image":[{"width":1283,"height":2000,"url":"https:\/\/uniest.it\/wp-content\/uploads\/2020\/11\/013LGB.png","type":"image\/png"}],"twitter_card":"summary_large_image","twitter_misc":{"Dur\u00e9e de lecture estim\u00e9e":"1 minute"},"schema":{"@context":"https:\/\/schema.org","@graph":[{"@type":"WebPage","@id":"https:\/\/uniest.it\/prodotto\/vitamine-a-c-e-in-burro-di-karite-bio\/","url":"https:\/\/uniest.it\/prodotto\/vitamine-a-c-e-in-burro-di-karite-bio\/","name":"Vitamine A.C.E. in Burro di Karit\u00e8 BIO - Uniest","isPartOf":{"@id":"https:\/\/uniest.it\/#website"},"primaryImageOfPage":{"@id":"https:\/\/uniest.it\/prodotto\/vitamine-a-c-e-in-burro-di-karite-bio\/#primaryimage"},"image":{"@id":"https:\/\/uniest.it\/prodotto\/vitamine-a-c-e-in-burro-di-karite-bio\/#primaryimage"},"thumbnailUrl":"https:\/\/uniest.it\/wp-content\/uploads\/2020\/11\/013LGB.png","datePublished":"2021-04-01T23:01:22+00:00","dateModified":"2025-04-16T10:59:08+00:00","breadcrumb":{"@id":"https:\/\/uniest.it\/prodotto\/vitamine-a-c-e-in-burro-di-karite-bio\/#breadcrumb"},"inLanguage":"fr-FR","potentialAction":[{"@type":"ReadAction","target":["https:\/\/uniest.it\/prodotto\/vitamine-a-c-e-in-burro-di-karite-bio\/"]}]},{"@type":"ImageObject","inLanguage":"fr-FR","@id":"https:\/\/uniest.it\/prodotto\/vitamine-a-c-e-in-burro-di-karite-bio\/#primaryimage","url":"https:\/\/uniest.it\/wp-content\/uploads\/2020\/11\/013LGB.png","contentUrl":"https:\/\/uniest.it\/wp-content\/uploads\/2020\/11\/013LGB.png","width":1283,"height":2000},{"@type":"BreadcrumbList","@id":"https:\/\/uniest.it\/prodotto\/vitamine-a-c-e-in-burro-di-karite-bio\/#breadcrumb","itemListElement":[{"@type":"ListItem","position":1,"name":"Home","item":"https:\/\/uniest.it\/fr\/"},{"@type":"ListItem","position":2,"name":"Shop","item":"https:\/\/uniest.it\/shop\/"},{"@type":"ListItem","position":3,"name":"Vitamine A.C.E. in Burro di Karit\u00e8 BIO"}]},{"@type":"WebSite","@id":"https:\/\/uniest.it\/#website","url":"https:\/\/uniest.it\/","name":"Uniest","description":"Cosmetici Naturali e Bio","potentialAction":[{"@type":"SearchAction","target":{"@type":"EntryPoint","urlTemplate":"https:\/\/uniest.it\/?s={search_term_string}"},"query-input":{"@type":"PropertyValueSpecification","valueRequired":true,"valueName":"search_term_string"}}],"inLanguage":"fr-FR"}]}},"_links":{"self":[{"href":"https:\/\/uniest.it\/fr\/wp-json\/wp\/v2\/product\/770","targetHints":{"allow":["GET"]}}],"collection":[{"href":"https:\/\/uniest.it\/fr\/wp-json\/wp\/v2\/product"}],"about":[{"href":"https:\/\/uniest.it\/fr\/wp-json\/wp\/v2\/types\/product"}],"wp:featuredmedia":[{"embeddable":true,"href":"https:\/\/uniest.it\/fr\/wp-json\/wp\/v2\/media\/550"}],"wp:attachment":[{"href":"https:\/\/uniest.it\/fr\/wp-json\/wp\/v2\/media?parent=770"}],"wp:term":[{"taxonomy":"product_brand","embeddable":true,"href":"https:\/\/uniest.it\/fr\/wp-json\/wp\/v2\/product_brand?post=770"},{"taxonomy":"product_cat","embeddable":true,"href":"https:\/\/uniest.it\/fr\/wp-json\/wp\/v2\/product_cat?post=770"},{"taxonomy":"product_tag","embeddable":true,"href":"https:\/\/uniest.it\/fr\/wp-json\/wp\/v2\/product_tag?post=770"}],"curies":[{"name":"wp","href":"https:\/\/api.w.org\/{rel}","templated":true}]}}