{"id":822,"date":"2021-02-04T12:58:04","date_gmt":"2021-02-04T11:58:04","guid":{"rendered":"https:\/\/uniest.it\/product\/tonico-vegetale-astringente\/"},"modified":"2023-10-16T08:34:34","modified_gmt":"2023-10-16T07:34:34","slug":"tonico-vegetale-astringente","status":"publish","type":"product","link":"https:\/\/uniest.it\/fr\/prodotto\/tonico-vegetale-astringente\/","title":{"rendered":"Tonico Vegetale Astringente"},"content":{"rendered":"<p>*E&rsquo; possibile che la confezione possa essere diversa dalla fotografia.<\/p>\n<p>Tonico vegetale astringente serve per pulire ancora pi\u00f9 in profondit\u00e0 la pelle, eliminando con un unico gesto finale gli eventuali residui di impurit\u00e0 e particelle di struccante.<br \/>\nGrazie gli estratti di Amamelide, Elicriso, Bardana, Verbena ed Iperico in esso contenuti, si riesce ad ottenere una funzione lenitiva e seboregolatrice.<br \/>\nInoltre, grazie agli oli essenziali di Lavanda, Mentolo e Canfora, la pelle risulter\u00e0 anche piacevolmente rinfrescata, distesa e morbida.<br \/>\nQuesto prodotto svolge un\u2019azione stimolante e astringente: l\u2019uso regolare del tonico aiuta a rafforzare le difese naturali della pelle e previene la comparsa degli inestetismi cutanei.<br \/>\nIl tonico contribuisce, infatti, a Purificare l\u2019epidermide e a ridurre i pori dilatati sul viso, inoltre, questo cosmetico rende la pelle pi\u00f9 ricettiva alle fasi successive del trattamento.<br \/>\nLa pelle grassa \u00e8 un inestetismo estremamente diffuso tra gli adolescenti, che sovente si protrae anche in et\u00e0 adulta originando manifestazioni patologiche anche gravi.<\/p>\n","protected":false},"excerpt":{"rendered":"<p>*E&rsquo; possibile che la confezione possa essere diversa dalla fotografia. Tonico vegetale astringente serve per pulire ancora pi\u00f9 in profondit\u00e0 la pelle, eliminando con un unico gesto finale gli eventuali residui di impurit\u00e0 e particelle di struccante. Grazie gli estratti di Amamelide, Elicriso, Bardana, Verbena ed Iperico in esso contenuti, si riesce ad ottenere una [&hellip;]<\/p>\n","protected":false},"featured_media":575,"template":"","meta":{"_acf_changed":false,"inline_featured_image":false},"product_brand":[],"product_cat":[1064],"product_tag":[],"class_list":{"0":"post-822","1":"product","2":"type-product","3":"status-publish","4":"has-post-thumbnail","6":"product_beauty-detox-e-dren","7":"product_beauty-purificare","8":"product_beauty-rassodare-e-tonificare","9":"product_beauty-riequilibrare","10":"product_skin-pelli-grasse-e-miste","11":"product_kind-tonici-e-lozioni-viso","12":"product_lines-pelli-grasse-e-miste","13":"product_cat-viso","14":"pa_size-33","16":"first","17":"instock","18":"taxable","19":"shipping-taxable","20":"purchasable","21":"product-type-simple"},"acf":[],"yoast_head":"<!-- This site is optimized with the Yoast SEO plugin v24.6 - https:\/\/yoast.com\/wordpress\/plugins\/seo\/ -->\n<title>Tonico Vegetale Astringente - Uniest<\/title>\n<meta name=\"robots\" content=\"index, follow, max-snippet:-1, max-image-preview:large, max-video-preview:-1\" \/>\n<link rel=\"canonical\" href=\"https:\/\/uniest.it\/prodotto\/tonico-vegetale-astringente\/\" \/>\n<meta property=\"og:locale\" content=\"fr_FR\" \/>\n<meta property=\"og:type\" content=\"article\" \/>\n<meta property=\"og:title\" content=\"Tonico Vegetale Astringente - Uniest\" \/>\n<meta property=\"og:description\" content=\"*E&rsquo; possibile che la confezione possa essere diversa dalla fotografia. Tonico vegetale astringente serve per pulire ancora pi\u00f9 in profondit\u00e0 la pelle, eliminando con un unico gesto finale gli eventuali residui di impurit\u00e0 e particelle di struccante. Grazie gli estratti di Amamelide, Elicriso, Bardana, Verbena ed Iperico in esso contenuti, si riesce ad ottenere una [&hellip;]\" \/>\n<meta property=\"og:url\" content=\"https:\/\/uniest.it\/prodotto\/tonico-vegetale-astringente\/\" \/>\n<meta property=\"og:site_name\" content=\"Uniest\" \/>\n<meta property=\"article:modified_time\" content=\"2023-10-16T07:34:34+00:00\" \/>\n<meta property=\"og:image\" content=\"https:\/\/uniest.it\/wp-content\/uploads\/2020\/11\/027AAE.png\" \/>\n\t<meta property=\"og:image:width\" content=\"1283\" \/>\n\t<meta property=\"og:image:height\" content=\"2001\" \/>\n\t<meta property=\"og:image:type\" content=\"image\/png\" \/>\n<meta name=\"twitter:card\" content=\"summary_large_image\" \/>\n<meta name=\"twitter:label1\" content=\"Dur\u00e9e de lecture estim\u00e9e\" \/>\n\t<meta name=\"twitter:data1\" content=\"1 minute\" \/>\n<script type=\"application\/ld+json\" class=\"yoast-schema-graph\">{\"@context\":\"https:\/\/schema.org\",\"@graph\":[{\"@type\":\"WebPage\",\"@id\":\"https:\/\/uniest.it\/prodotto\/tonico-vegetale-astringente\/\",\"url\":\"https:\/\/uniest.it\/prodotto\/tonico-vegetale-astringente\/\",\"name\":\"Tonico Vegetale Astringente - Uniest\",\"isPartOf\":{\"@id\":\"https:\/\/uniest.it\/#website\"},\"primaryImageOfPage\":{\"@id\":\"https:\/\/uniest.it\/prodotto\/tonico-vegetale-astringente\/#primaryimage\"},\"image\":{\"@id\":\"https:\/\/uniest.it\/prodotto\/tonico-vegetale-astringente\/#primaryimage\"},\"thumbnailUrl\":\"https:\/\/uniest.it\/wp-content\/uploads\/2020\/11\/027AAE.png\",\"datePublished\":\"2021-02-04T11:58:04+00:00\",\"dateModified\":\"2023-10-16T07:34:34+00:00\",\"breadcrumb\":{\"@id\":\"https:\/\/uniest.it\/prodotto\/tonico-vegetale-astringente\/#breadcrumb\"},\"inLanguage\":\"fr-FR\",\"potentialAction\":[{\"@type\":\"ReadAction\",\"target\":[\"https:\/\/uniest.it\/prodotto\/tonico-vegetale-astringente\/\"]}]},{\"@type\":\"ImageObject\",\"inLanguage\":\"fr-FR\",\"@id\":\"https:\/\/uniest.it\/prodotto\/tonico-vegetale-astringente\/#primaryimage\",\"url\":\"https:\/\/uniest.it\/wp-content\/uploads\/2020\/11\/027AAE.png\",\"contentUrl\":\"https:\/\/uniest.it\/wp-content\/uploads\/2020\/11\/027AAE.png\",\"width\":1283,\"height\":2001},{\"@type\":\"BreadcrumbList\",\"@id\":\"https:\/\/uniest.it\/prodotto\/tonico-vegetale-astringente\/#breadcrumb\",\"itemListElement\":[{\"@type\":\"ListItem\",\"position\":1,\"name\":\"Home\",\"item\":\"https:\/\/uniest.it\/fr\/\"},{\"@type\":\"ListItem\",\"position\":2,\"name\":\"Shop\",\"item\":\"https:\/\/uniest.it\/shop\/\"},{\"@type\":\"ListItem\",\"position\":3,\"name\":\"Tonico Vegetale Astringente\"}]},{\"@type\":\"WebSite\",\"@id\":\"https:\/\/uniest.it\/#website\",\"url\":\"https:\/\/uniest.it\/\",\"name\":\"Uniest\",\"description\":\"Cosmetici Naturali e Bio\",\"potentialAction\":[{\"@type\":\"SearchAction\",\"target\":{\"@type\":\"EntryPoint\",\"urlTemplate\":\"https:\/\/uniest.it\/?s={search_term_string}\"},\"query-input\":{\"@type\":\"PropertyValueSpecification\",\"valueRequired\":true,\"valueName\":\"search_term_string\"}}],\"inLanguage\":\"fr-FR\"}]}<\/script>\n<!-- \/ Yoast SEO plugin. -->","yoast_head_json":{"title":"Tonico Vegetale Astringente - Uniest","robots":{"index":"index","follow":"follow","max-snippet":"max-snippet:-1","max-image-preview":"max-image-preview:large","max-video-preview":"max-video-preview:-1"},"canonical":"https:\/\/uniest.it\/prodotto\/tonico-vegetale-astringente\/","og_locale":"fr_FR","og_type":"article","og_title":"Tonico Vegetale Astringente - Uniest","og_description":"*E&rsquo; possibile che la confezione possa essere diversa dalla fotografia. Tonico vegetale astringente serve per pulire ancora pi\u00f9 in profondit\u00e0 la pelle, eliminando con un unico gesto finale gli eventuali residui di impurit\u00e0 e particelle di struccante. Grazie gli estratti di Amamelide, Elicriso, Bardana, Verbena ed Iperico in esso contenuti, si riesce ad ottenere una [&hellip;]","og_url":"https:\/\/uniest.it\/prodotto\/tonico-vegetale-astringente\/","og_site_name":"Uniest","article_modified_time":"2023-10-16T07:34:34+00:00","og_image":[{"width":1283,"height":2001,"url":"https:\/\/uniest.it\/wp-content\/uploads\/2020\/11\/027AAE.png","type":"image\/png"}],"twitter_card":"summary_large_image","twitter_misc":{"Dur\u00e9e de lecture estim\u00e9e":"1 minute"},"schema":{"@context":"https:\/\/schema.org","@graph":[{"@type":"WebPage","@id":"https:\/\/uniest.it\/prodotto\/tonico-vegetale-astringente\/","url":"https:\/\/uniest.it\/prodotto\/tonico-vegetale-astringente\/","name":"Tonico Vegetale Astringente - Uniest","isPartOf":{"@id":"https:\/\/uniest.it\/#website"},"primaryImageOfPage":{"@id":"https:\/\/uniest.it\/prodotto\/tonico-vegetale-astringente\/#primaryimage"},"image":{"@id":"https:\/\/uniest.it\/prodotto\/tonico-vegetale-astringente\/#primaryimage"},"thumbnailUrl":"https:\/\/uniest.it\/wp-content\/uploads\/2020\/11\/027AAE.png","datePublished":"2021-02-04T11:58:04+00:00","dateModified":"2023-10-16T07:34:34+00:00","breadcrumb":{"@id":"https:\/\/uniest.it\/prodotto\/tonico-vegetale-astringente\/#breadcrumb"},"inLanguage":"fr-FR","potentialAction":[{"@type":"ReadAction","target":["https:\/\/uniest.it\/prodotto\/tonico-vegetale-astringente\/"]}]},{"@type":"ImageObject","inLanguage":"fr-FR","@id":"https:\/\/uniest.it\/prodotto\/tonico-vegetale-astringente\/#primaryimage","url":"https:\/\/uniest.it\/wp-content\/uploads\/2020\/11\/027AAE.png","contentUrl":"https:\/\/uniest.it\/wp-content\/uploads\/2020\/11\/027AAE.png","width":1283,"height":2001},{"@type":"BreadcrumbList","@id":"https:\/\/uniest.it\/prodotto\/tonico-vegetale-astringente\/#breadcrumb","itemListElement":[{"@type":"ListItem","position":1,"name":"Home","item":"https:\/\/uniest.it\/fr\/"},{"@type":"ListItem","position":2,"name":"Shop","item":"https:\/\/uniest.it\/shop\/"},{"@type":"ListItem","position":3,"name":"Tonico Vegetale Astringente"}]},{"@type":"WebSite","@id":"https:\/\/uniest.it\/#website","url":"https:\/\/uniest.it\/","name":"Uniest","description":"Cosmetici Naturali e Bio","potentialAction":[{"@type":"SearchAction","target":{"@type":"EntryPoint","urlTemplate":"https:\/\/uniest.it\/?s={search_term_string}"},"query-input":{"@type":"PropertyValueSpecification","valueRequired":true,"valueName":"search_term_string"}}],"inLanguage":"fr-FR"}]}},"_links":{"self":[{"href":"https:\/\/uniest.it\/fr\/wp-json\/wp\/v2\/product\/822","targetHints":{"allow":["GET"]}}],"collection":[{"href":"https:\/\/uniest.it\/fr\/wp-json\/wp\/v2\/product"}],"about":[{"href":"https:\/\/uniest.it\/fr\/wp-json\/wp\/v2\/types\/product"}],"wp:featuredmedia":[{"embeddable":true,"href":"https:\/\/uniest.it\/fr\/wp-json\/wp\/v2\/media\/575"}],"wp:attachment":[{"href":"https:\/\/uniest.it\/fr\/wp-json\/wp\/v2\/media?parent=822"}],"wp:term":[{"taxonomy":"product_brand","embeddable":true,"href":"https:\/\/uniest.it\/fr\/wp-json\/wp\/v2\/product_brand?post=822"},{"taxonomy":"product_cat","embeddable":true,"href":"https:\/\/uniest.it\/fr\/wp-json\/wp\/v2\/product_cat?post=822"},{"taxonomy":"product_tag","embeddable":true,"href":"https:\/\/uniest.it\/fr\/wp-json\/wp\/v2\/product_tag?post=822"}],"curies":[{"name":"wp","href":"https:\/\/api.w.org\/{rel}","templated":true}]}}